{"id":186,"date":"2026-03-13T10:40:14","date_gmt":"2026-03-13T10:40:14","guid":{"rendered":"https:\/\/minat.azdigi.shop\/?post_type=product&#038;p=186"},"modified":"2026-04-22T11:31:28","modified_gmt":"2026-04-22T11:31:28","slug":"ice-matcha-latte","status":"publish","type":"product","link":"https:\/\/minat.azdigi.shop\/?product=ice-matcha-latte","title":{"rendered":"Ice Matcha Latte"},"content":{"rendered":"<p>S\u1ef1 k\u1ebft h\u1ee3p gi\u1eefa n\u1ebfn th\u01a1m v\u00e0 phong c\u00e1ch \u0111\u1ed3 u\u1ed1ng. Ice Matcha Latte l\u00e0 m\u1ed9t trong nh\u1eefng s\u1ea3n ph\u1ea9m c\u1ee7a b\u1ed9 s\u01b0u t\u1eadp m\u1edbi, \u0111\u01b0\u1ee3c ra m\u1eaft g\u1ea7n \u0111\u00e2y. S\u1ea3n ph\u1ea9m n\u00e0y ph\u00f9 h\u1ee3p cho kh\u00e1ch h\u00e0ng th\u00edch n\u1ebfn th\u01a1m v\u00e0 \u0111am m\u00ea m\u00f9i Matcha. H\u01b0\u01a1ng th\u01a1m s\u1ebd thoang tho\u1ea3ng m\u00f9i tr\u00e0, k\u1ebft h\u1ee3p v\u1edbi h\u01b0\u01a1ng vani \u0111\u1ec3 t\u1ea1o s\u1ef1 c\u00e2n b\u1eb1ng<\/p>\n<p>&nbsp;<\/p>\n<p><a href=\"https:\/\/minat.azdigi.shop\/?p=261\">https:\/\/minat.azdigi.shop\/?p=261<\/a><\/p>\n","protected":false},"excerpt":{"rendered":"<p>S\u1ef1 k\u1ebft h\u1ee3p gi\u1eefa n\u1ebfn th\u01a1m v\u00e0 phong c\u00e1ch \u0111\u1ed3 u\u1ed1ng. Ice Matcha Latte l\u00e0 m\u1ed9t trong nh\u1eefng s\u1ea3n ph\u1ea9m c\u1ee7a b\u1ed9 s\u01b0u t\u1eadp m\u1edbi, \u0111\u01b0\u1ee3c ra m\u1eaft g\u1ea7n \u0111\u00e2y. S\u1ea3n ph\u1ea9m n\u00e0y ph\u00f9 h\u1ee3p cho kh\u00e1ch h\u00e0ng th\u00edch n\u1ebfn th\u01a1m v\u00e0 \u0111am m\u00ea m\u00f9i Matcha. H\u01b0\u01a1ng th\u01a1m s\u1ebd thoang tho\u1ea3ng m\u00f9i tr\u00e0, k\u1ebft h\u1ee3p [&#8230;]\n","protected":false},"featured_media":188,"comment_status":"open","ping_status":"closed","template":"","meta":[],"product_brand":[],"product_cat":[19],"product_tag":[],"class_list":{"0":"post-186","1":"product","2":"type-product","3":"status-publish","4":"has-post-thumbnail","6":"product_cat-https-minat-azdigi-shop-best-seller","8":"first","9":"instock","10":"shipping-taxable","11":"purchasable","12":"product-type-simple"},"yoast_head":"<!-- This site is optimized with the Yoast SEO plugin v27.1.1 - https:\/\/yoast.com\/product\/yoast-seo-wordpress\/ -->\n<title>Ice Matcha Latte - Minat ourcandle<\/title>\n<meta name=\"description\" content=\"S\u1ef1 k\u1ebft h\u1ee3p gi\u1eefa n\u1ebfn th\u01a1m v\u00e0 phong c\u00e1ch \u0111\u1ed3 u\u1ed1ng. N\u1ebfn th\u01a1m c\u00f3 m\u00f9i h\u01b0\u01a1ng c\u1ee7a matcha v\u00e0 vani, c\u00e1c t\u00edn \u0111\u1ed3 c\u1ee7a matcha h\u00e3y th\u1eed ngay s\u1ea3n ph\u1ea9m n\u00e0y nhaa.\" \/>\n<meta name=\"robots\" content=\"index, follow, max-snippet:-1, max-image-preview:large, max-video-preview:-1\" \/>\n<link rel=\"canonical\" href=\"https:\/\/minat.azdigi.shop\/?product=ice-matcha-latte\" \/>\n<meta property=\"og:locale\" content=\"vi_VN\" \/>\n<meta property=\"og:type\" content=\"article\" \/>\n<meta property=\"og:title\" content=\"Ice Matcha Latte - Minat ourcandle\" \/>\n<meta property=\"og:description\" content=\"S\u1ef1 k\u1ebft h\u1ee3p gi\u1eefa n\u1ebfn th\u01a1m v\u00e0 phong c\u00e1ch \u0111\u1ed3 u\u1ed1ng. N\u1ebfn th\u01a1m c\u00f3 m\u00f9i h\u01b0\u01a1ng c\u1ee7a matcha v\u00e0 vani, c\u00e1c t\u00edn \u0111\u1ed3 c\u1ee7a matcha h\u00e3y th\u1eed ngay s\u1ea3n ph\u1ea9m n\u00e0y nhaa.\" \/>\n<meta property=\"og:url\" content=\"https:\/\/minat.azdigi.shop\/?product=ice-matcha-latte\" \/>\n<meta property=\"og:site_name\" content=\"Minat ourcandle\" \/>\n<meta property=\"article:modified_time\" content=\"2026-04-22T11:31:28+00:00\" \/>\n<meta property=\"og:image\" content=\"https:\/\/minat.azdigi.shop\/wp-content\/uploads\/2026\/03\/\u0421\u0432\u0435\u0447\u0430-\u043c\u0430\u0442\u0447\u0430-\u043b\u0430\u0442\u0442\u0435-1.jpg\" \/>\n\t<meta property=\"og:image:width\" content=\"736\" \/>\n\t<meta property=\"og:image:height\" content=\"981\" \/>\n\t<meta property=\"og:image:type\" content=\"image\/jpeg\" \/>\n<meta name=\"twitter:card\" content=\"summary_large_image\" \/>\n<meta name=\"twitter:label1\" content=\"\u01af\u1edbc t\u00ednh th\u1eddi gian \u0111\u1ecdc\" \/>\n\t<meta name=\"twitter:data1\" content=\"1 ph\u00fat\" \/>\n<script type=\"application\/ld+json\" class=\"yoast-schema-graph\">{\"@context\":\"https:\/\/schema.org\",\"@graph\":[{\"@type\":\"WebPage\",\"@id\":\"https:\/\/minat.azdigi.shop\/?product=ice-matcha-latte\",\"url\":\"https:\/\/minat.azdigi.shop\/?product=ice-matcha-latte\",\"name\":\"Ice Matcha Latte - Minat ourcandle\",\"isPartOf\":{\"@id\":\"https:\/\/minat.azdigi.shop\/#website\"},\"primaryImageOfPage\":{\"@id\":\"https:\/\/minat.azdigi.shop\/?product=ice-matcha-latte#primaryimage\"},\"image\":{\"@id\":\"https:\/\/minat.azdigi.shop\/?product=ice-matcha-latte#primaryimage\"},\"thumbnailUrl\":\"https:\/\/minat.azdigi.shop\/wp-content\/uploads\/2026\/03\/\u0421\u0432\u0435\u0447\u0430-\u043c\u0430\u0442\u0447\u0430-\u043b\u0430\u0442\u0442\u0435-1.jpg\",\"datePublished\":\"2026-03-13T10:40:14+00:00\",\"dateModified\":\"2026-04-22T11:31:28+00:00\",\"description\":\"S\u1ef1 k\u1ebft h\u1ee3p gi\u1eefa n\u1ebfn th\u01a1m v\u00e0 phong c\u00e1ch \u0111\u1ed3 u\u1ed1ng. N\u1ebfn th\u01a1m c\u00f3 m\u00f9i h\u01b0\u01a1ng c\u1ee7a matcha v\u00e0 vani, c\u00e1c t\u00edn \u0111\u1ed3 c\u1ee7a matcha h\u00e3y th\u1eed ngay s\u1ea3n ph\u1ea9m n\u00e0y nhaa.\",\"breadcrumb\":{\"@id\":\"https:\/\/minat.azdigi.shop\/?product=ice-matcha-latte#breadcrumb\"},\"inLanguage\":\"vi\",\"potentialAction\":[{\"@type\":\"ReadAction\",\"target\":[\"https:\/\/minat.azdigi.shop\/?product=ice-matcha-latte\"]}]},{\"@type\":\"ImageObject\",\"inLanguage\":\"vi\",\"@id\":\"https:\/\/minat.azdigi.shop\/?product=ice-matcha-latte#primaryimage\",\"url\":\"https:\/\/minat.azdigi.shop\/wp-content\/uploads\/2026\/03\/\u0421\u0432\u0435\u0447\u0430-\u043c\u0430\u0442\u0447\u0430-\u043b\u0430\u0442\u0442\u0435-1.jpg\",\"contentUrl\":\"https:\/\/minat.azdigi.shop\/wp-content\/uploads\/2026\/03\/\u0421\u0432\u0435\u0447\u0430-\u043c\u0430\u0442\u0447\u0430-\u043b\u0430\u0442\u0442\u0435-1.jpg\",\"width\":736,\"height\":981},{\"@type\":\"BreadcrumbList\",\"@id\":\"https:\/\/minat.azdigi.shop\/?product=ice-matcha-latte#breadcrumb\",\"itemListElement\":[{\"@type\":\"ListItem\",\"position\":1,\"name\":\"Trang ch\u1ee7\",\"item\":\"https:\/\/minat.azdigi.shop\/\"},{\"@type\":\"ListItem\",\"position\":2,\"name\":\"C\u1eeda h\u00e0ng\",\"item\":\"https:\/\/minat.azdigi.shop\/?page_id=94\"},{\"@type\":\"ListItem\",\"position\":3,\"name\":\"Ice Matcha Latte\"}]},{\"@type\":\"WebSite\",\"@id\":\"https:\/\/minat.azdigi.shop\/#website\",\"url\":\"https:\/\/minat.azdigi.shop\/\",\"name\":\"Minat ourcandle\",\"description\":\"\",\"potentialAction\":[{\"@type\":\"SearchAction\",\"target\":{\"@type\":\"EntryPoint\",\"urlTemplate\":\"https:\/\/minat.azdigi.shop\/?s={search_term_string}\"},\"query-input\":{\"@type\":\"PropertyValueSpecification\",\"valueRequired\":true,\"valueName\":\"search_term_string\"}}],\"inLanguage\":\"vi\"}]}<\/script>\n<!-- \/ Yoast SEO plugin. -->","yoast_head_json":{"title":"Ice Matcha Latte - Minat ourcandle","description":"S\u1ef1 k\u1ebft h\u1ee3p gi\u1eefa n\u1ebfn th\u01a1m v\u00e0 phong c\u00e1ch \u0111\u1ed3 u\u1ed1ng. N\u1ebfn th\u01a1m c\u00f3 m\u00f9i h\u01b0\u01a1ng c\u1ee7a matcha v\u00e0 vani, c\u00e1c t\u00edn \u0111\u1ed3 c\u1ee7a matcha h\u00e3y th\u1eed ngay s\u1ea3n ph\u1ea9m n\u00e0y nhaa.","robots":{"index":"index","follow":"follow","max-snippet":"max-snippet:-1","max-image-preview":"max-image-preview:large","max-video-preview":"max-video-preview:-1"},"canonical":"https:\/\/minat.azdigi.shop\/?product=ice-matcha-latte","og_locale":"vi_VN","og_type":"article","og_title":"Ice Matcha Latte - Minat ourcandle","og_description":"S\u1ef1 k\u1ebft h\u1ee3p gi\u1eefa n\u1ebfn th\u01a1m v\u00e0 phong c\u00e1ch \u0111\u1ed3 u\u1ed1ng. N\u1ebfn th\u01a1m c\u00f3 m\u00f9i h\u01b0\u01a1ng c\u1ee7a matcha v\u00e0 vani, c\u00e1c t\u00edn \u0111\u1ed3 c\u1ee7a matcha h\u00e3y th\u1eed ngay s\u1ea3n ph\u1ea9m n\u00e0y nhaa.","og_url":"https:\/\/minat.azdigi.shop\/?product=ice-matcha-latte","og_site_name":"Minat ourcandle","article_modified_time":"2026-04-22T11:31:28+00:00","og_image":[{"width":736,"height":981,"url":"https:\/\/minat.azdigi.shop\/wp-content\/uploads\/2026\/03\/\u0421\u0432\u0435\u0447\u0430-\u043c\u0430\u0442\u0447\u0430-\u043b\u0430\u0442\u0442\u0435-1.jpg","type":"image\/jpeg"}],"twitter_card":"summary_large_image","twitter_misc":{"\u01af\u1edbc t\u00ednh th\u1eddi gian \u0111\u1ecdc":"1 ph\u00fat"},"schema":{"@context":"https:\/\/schema.org","@graph":[{"@type":"WebPage","@id":"https:\/\/minat.azdigi.shop\/?product=ice-matcha-latte","url":"https:\/\/minat.azdigi.shop\/?product=ice-matcha-latte","name":"Ice Matcha Latte - Minat ourcandle","isPartOf":{"@id":"https:\/\/minat.azdigi.shop\/#website"},"primaryImageOfPage":{"@id":"https:\/\/minat.azdigi.shop\/?product=ice-matcha-latte#primaryimage"},"image":{"@id":"https:\/\/minat.azdigi.shop\/?product=ice-matcha-latte#primaryimage"},"thumbnailUrl":"https:\/\/minat.azdigi.shop\/wp-content\/uploads\/2026\/03\/\u0421\u0432\u0435\u0447\u0430-\u043c\u0430\u0442\u0447\u0430-\u043b\u0430\u0442\u0442\u0435-1.jpg","datePublished":"2026-03-13T10:40:14+00:00","dateModified":"2026-04-22T11:31:28+00:00","description":"S\u1ef1 k\u1ebft h\u1ee3p gi\u1eefa n\u1ebfn th\u01a1m v\u00e0 phong c\u00e1ch \u0111\u1ed3 u\u1ed1ng. N\u1ebfn th\u01a1m c\u00f3 m\u00f9i h\u01b0\u01a1ng c\u1ee7a matcha v\u00e0 vani, c\u00e1c t\u00edn \u0111\u1ed3 c\u1ee7a matcha h\u00e3y th\u1eed ngay s\u1ea3n ph\u1ea9m n\u00e0y nhaa.","breadcrumb":{"@id":"https:\/\/minat.azdigi.shop\/?product=ice-matcha-latte#breadcrumb"},"inLanguage":"vi","potentialAction":[{"@type":"ReadAction","target":["https:\/\/minat.azdigi.shop\/?product=ice-matcha-latte"]}]},{"@type":"ImageObject","inLanguage":"vi","@id":"https:\/\/minat.azdigi.shop\/?product=ice-matcha-latte#primaryimage","url":"https:\/\/minat.azdigi.shop\/wp-content\/uploads\/2026\/03\/\u0421\u0432\u0435\u0447\u0430-\u043c\u0430\u0442\u0447\u0430-\u043b\u0430\u0442\u0442\u0435-1.jpg","contentUrl":"https:\/\/minat.azdigi.shop\/wp-content\/uploads\/2026\/03\/\u0421\u0432\u0435\u0447\u0430-\u043c\u0430\u0442\u0447\u0430-\u043b\u0430\u0442\u0442\u0435-1.jpg","width":736,"height":981},{"@type":"BreadcrumbList","@id":"https:\/\/minat.azdigi.shop\/?product=ice-matcha-latte#breadcrumb","itemListElement":[{"@type":"ListItem","position":1,"name":"Trang ch\u1ee7","item":"https:\/\/minat.azdigi.shop\/"},{"@type":"ListItem","position":2,"name":"C\u1eeda h\u00e0ng","item":"https:\/\/minat.azdigi.shop\/?page_id=94"},{"@type":"ListItem","position":3,"name":"Ice Matcha Latte"}]},{"@type":"WebSite","@id":"https:\/\/minat.azdigi.shop\/#website","url":"https:\/\/minat.azdigi.shop\/","name":"Minat ourcandle","description":"","potentialAction":[{"@type":"SearchAction","target":{"@type":"EntryPoint","urlTemplate":"https:\/\/minat.azdigi.shop\/?s={search_term_string}"},"query-input":{"@type":"PropertyValueSpecification","valueRequired":true,"valueName":"search_term_string"}}],"inLanguage":"vi"}]}},"_links":{"self":[{"href":"https:\/\/minat.azdigi.shop\/index.php?rest_route=\/wp\/v2\/product\/186","targetHints":{"allow":["GET"]}}],"collection":[{"href":"https:\/\/minat.azdigi.shop\/index.php?rest_route=\/wp\/v2\/product"}],"about":[{"href":"https:\/\/minat.azdigi.shop\/index.php?rest_route=\/wp\/v2\/types\/product"}],"replies":[{"embeddable":true,"href":"https:\/\/minat.azdigi.shop\/index.php?rest_route=%2Fwp%2Fv2%2Fcomments&post=186"}],"wp:featuredmedia":[{"embeddable":true,"href":"https:\/\/minat.azdigi.shop\/index.php?rest_route=\/wp\/v2\/media\/188"}],"wp:attachment":[{"href":"https:\/\/minat.azdigi.shop\/index.php?rest_route=%2Fwp%2Fv2%2Fmedia&parent=186"}],"wp:term":[{"taxonomy":"product_brand","embeddable":true,"href":"https:\/\/minat.azdigi.shop\/index.php?rest_route=%2Fwp%2Fv2%2Fproduct_brand&post=186"},{"taxonomy":"product_cat","embeddable":true,"href":"https:\/\/minat.azdigi.shop\/index.php?rest_route=%2Fwp%2Fv2%2Fproduct_cat&post=186"},{"taxonomy":"product_tag","embeddable":true,"href":"https:\/\/minat.azdigi.shop\/index.php?rest_route=%2Fwp%2Fv2%2Fproduct_tag&post=186"}],"curies":[{"name":"wp","href":"https:\/\/api.w.org\/{rel}","templated":true}]}}