{"id":233,"date":"2026-03-21T08:25:03","date_gmt":"2026-03-21T08:25:03","guid":{"rendered":"https:\/\/minat.azdigi.shop\/?post_type=product&#038;p=233"},"modified":"2026-03-21T08:26:09","modified_gmt":"2026-03-21T08:26:09","slug":"raspberry-milkshake","status":"publish","type":"product","link":"https:\/\/minat.azdigi.shop\/?product=raspberry-milkshake","title":{"rendered":"Raspberry Milkshake"},"content":{"rendered":"<p data-start=\"80\" data-end=\"369\">N\u1ebfn th\u01a1m Raspberry Milkshake mang h\u01b0\u01a1ng m\u00e2m x\u00f4i ng\u1ecdt d\u1ecbu h\u00f2a quy\u1ec7n c\u00f9ng l\u1edbp s\u1eefa b\u00e9o nh\u1eb9, t\u1ea1o n\u00ean c\u1ea3m gi\u00e1c m\u1ec1m m\u1ea1i v\u00e0 d\u1ec5 ch\u1ecbu. Khi th\u1eafp l\u00ean, n\u1ebfn\u00a0lan t\u1ecfa m\u00f9i h\u01b0\u01a1ng ng\u1ecdt ng\u00e0o, t\u01b0\u01a1i t\u1eafn nh\u01b0ng kh\u00f4ng qu\u00e1 g\u1eaft, g\u1ee3i nh\u1edb \u0111\u1ebfn m\u1ed9t ly milkshake m\u00e1t l\u1ea1nh.<\/p>\n<p data-start=\"371\" data-end=\"537\">H\u01b0\u01a1ng th\u01a1m nh\u1eb9 nh\u00e0ng c\u1ee7a n\u1ebfn th\u01a1m Raspberry Milkshake gi\u00fap kh\u00f4ng gian tr\u1edf n\u00ean th\u01b0 gi\u00e3n, ph\u00f9 h\u1ee3p \u0111\u1ec3 ngh\u1ec9 ng\u01a1i ho\u1eb7c t\u1eadn h\u01b0\u1edfng nh\u1eefng kho\u1ea3nh kh\u1eafc y\u00ean t\u0129nh trong ng\u00e0y.<\/p>\n","protected":false},"excerpt":{"rendered":"<p>N\u1ebfn th\u01a1m Raspberry Milkshake mang h\u01b0\u01a1ng m\u00e2m x\u00f4i ng\u1ecdt d\u1ecbu h\u00f2a quy\u1ec7n c\u00f9ng l\u1edbp s\u1eefa b\u00e9o nh\u1eb9, t\u1ea1o n\u00ean c\u1ea3m gi\u00e1c m\u1ec1m m\u1ea1i v\u00e0 d\u1ec5 ch\u1ecbu. Khi th\u1eafp l\u00ean, n\u1ebfn\u00a0lan t\u1ecfa m\u00f9i h\u01b0\u01a1ng ng\u1ecdt ng\u00e0o, t\u01b0\u01a1i t\u1eafn nh\u01b0ng kh\u00f4ng qu\u00e1 g\u1eaft, g\u1ee3i nh\u1edb \u0111\u1ebfn m\u1ed9t ly milkshake m\u00e1t l\u1ea1nh. H\u01b0\u01a1ng th\u01a1m nh\u1eb9 nh\u00e0ng c\u1ee7a n\u1ebfn [&#8230;]\n","protected":false},"featured_media":234,"comment_status":"open","ping_status":"closed","template":"","meta":[],"product_brand":[],"product_cat":[18],"product_tag":[],"class_list":{"0":"post-233","1":"product","2":"type-product","3":"status-publish","4":"has-post-thumbnail","6":"product_cat-chua-phan-loai","8":"first","9":"instock","10":"sale","11":"shipping-taxable","12":"purchasable","13":"product-type-simple"},"yoast_head":"<!-- This site is optimized with the Yoast SEO plugin v27.1.1 - https:\/\/yoast.com\/product\/yoast-seo-wordpress\/ -->\n<title>Raspberry Milkshake - Minat ourcandle<\/title>\n<meta name=\"description\" content=\"H\u01b0\u01a1ng th\u01a1m nh\u1eb9 nh\u00e0ng c\u1ee7a n\u1ebfn th\u01a1m Raspberry Milkshake s\u1ebd \u0111em l\u1ea1i cho b\u1ea1n s\u1ef1 tho\u1ea3i m\u00e1i v\u00e0 th\u01b0 gi\u00e3n, h\u00e3y tr\u1ea3i nghi\u1ec7m ngay nh\u00e9\" \/>\n<meta name=\"robots\" content=\"index, follow, max-snippet:-1, max-image-preview:large, max-video-preview:-1\" \/>\n<link rel=\"canonical\" href=\"https:\/\/minat.azdigi.shop\/?product=raspberry-milkshake\" \/>\n<meta property=\"og:locale\" content=\"vi_VN\" \/>\n<meta property=\"og:type\" content=\"article\" \/>\n<meta property=\"og:title\" content=\"Raspberry Milkshake - Minat ourcandle\" \/>\n<meta property=\"og:description\" content=\"H\u01b0\u01a1ng th\u01a1m nh\u1eb9 nh\u00e0ng c\u1ee7a n\u1ebfn th\u01a1m Raspberry Milkshake s\u1ebd \u0111em l\u1ea1i cho b\u1ea1n s\u1ef1 tho\u1ea3i m\u00e1i v\u00e0 th\u01b0 gi\u00e3n, h\u00e3y tr\u1ea3i nghi\u1ec7m ngay nh\u00e9\" \/>\n<meta property=\"og:url\" content=\"https:\/\/minat.azdigi.shop\/?product=raspberry-milkshake\" \/>\n<meta property=\"og:site_name\" content=\"Minat ourcandle\" \/>\n<meta property=\"article:modified_time\" content=\"2026-03-21T08:26:09+00:00\" \/>\n<meta property=\"og:image\" content=\"https:\/\/minat.azdigi.shop\/wp-content\/uploads\/2026\/03\/tai-xuong-18.jpg\" \/>\n\t<meta property=\"og:image:width\" content=\"736\" \/>\n\t<meta property=\"og:image:height\" content=\"981\" \/>\n\t<meta property=\"og:image:type\" content=\"image\/jpeg\" \/>\n<meta name=\"twitter:card\" content=\"summary_large_image\" \/>\n<meta name=\"twitter:label1\" content=\"\u01af\u1edbc t\u00ednh th\u1eddi gian \u0111\u1ecdc\" \/>\n\t<meta name=\"twitter:data1\" content=\"1 ph\u00fat\" \/>\n<script type=\"application\/ld+json\" class=\"yoast-schema-graph\">{\"@context\":\"https:\/\/schema.org\",\"@graph\":[{\"@type\":\"WebPage\",\"@id\":\"https:\/\/minat.azdigi.shop\/?product=raspberry-milkshake\",\"url\":\"https:\/\/minat.azdigi.shop\/?product=raspberry-milkshake\",\"name\":\"Raspberry Milkshake - Minat ourcandle\",\"isPartOf\":{\"@id\":\"https:\/\/minat.azdigi.shop\/#website\"},\"primaryImageOfPage\":{\"@id\":\"https:\/\/minat.azdigi.shop\/?product=raspberry-milkshake#primaryimage\"},\"image\":{\"@id\":\"https:\/\/minat.azdigi.shop\/?product=raspberry-milkshake#primaryimage\"},\"thumbnailUrl\":\"https:\/\/minat.azdigi.shop\/wp-content\/uploads\/2026\/03\/tai-xuong-18.jpg\",\"datePublished\":\"2026-03-21T08:25:03+00:00\",\"dateModified\":\"2026-03-21T08:26:09+00:00\",\"description\":\"H\u01b0\u01a1ng th\u01a1m nh\u1eb9 nh\u00e0ng c\u1ee7a n\u1ebfn th\u01a1m Raspberry Milkshake s\u1ebd \u0111em l\u1ea1i cho b\u1ea1n s\u1ef1 tho\u1ea3i m\u00e1i v\u00e0 th\u01b0 gi\u00e3n, h\u00e3y tr\u1ea3i nghi\u1ec7m ngay nh\u00e9\",\"breadcrumb\":{\"@id\":\"https:\/\/minat.azdigi.shop\/?product=raspberry-milkshake#breadcrumb\"},\"inLanguage\":\"vi\",\"potentialAction\":[{\"@type\":\"ReadAction\",\"target\":[\"https:\/\/minat.azdigi.shop\/?product=raspberry-milkshake\"]}]},{\"@type\":\"ImageObject\",\"inLanguage\":\"vi\",\"@id\":\"https:\/\/minat.azdigi.shop\/?product=raspberry-milkshake#primaryimage\",\"url\":\"https:\/\/minat.azdigi.shop\/wp-content\/uploads\/2026\/03\/tai-xuong-18.jpg\",\"contentUrl\":\"https:\/\/minat.azdigi.shop\/wp-content\/uploads\/2026\/03\/tai-xuong-18.jpg\",\"width\":736,\"height\":981},{\"@type\":\"BreadcrumbList\",\"@id\":\"https:\/\/minat.azdigi.shop\/?product=raspberry-milkshake#breadcrumb\",\"itemListElement\":[{\"@type\":\"ListItem\",\"position\":1,\"name\":\"Trang ch\u1ee7\",\"item\":\"https:\/\/minat.azdigi.shop\/\"},{\"@type\":\"ListItem\",\"position\":2,\"name\":\"C\u1eeda h\u00e0ng\",\"item\":\"https:\/\/minat.azdigi.shop\/?page_id=94\"},{\"@type\":\"ListItem\",\"position\":3,\"name\":\"Raspberry Milkshake\"}]},{\"@type\":\"WebSite\",\"@id\":\"https:\/\/minat.azdigi.shop\/#website\",\"url\":\"https:\/\/minat.azdigi.shop\/\",\"name\":\"Minat ourcandle\",\"description\":\"\",\"potentialAction\":[{\"@type\":\"SearchAction\",\"target\":{\"@type\":\"EntryPoint\",\"urlTemplate\":\"https:\/\/minat.azdigi.shop\/?s={search_term_string}\"},\"query-input\":{\"@type\":\"PropertyValueSpecification\",\"valueRequired\":true,\"valueName\":\"search_term_string\"}}],\"inLanguage\":\"vi\"}]}<\/script>\n<!-- \/ Yoast SEO plugin. -->","yoast_head_json":{"title":"Raspberry Milkshake - Minat ourcandle","description":"H\u01b0\u01a1ng th\u01a1m nh\u1eb9 nh\u00e0ng c\u1ee7a n\u1ebfn th\u01a1m Raspberry Milkshake s\u1ebd \u0111em l\u1ea1i cho b\u1ea1n s\u1ef1 tho\u1ea3i m\u00e1i v\u00e0 th\u01b0 gi\u00e3n, h\u00e3y tr\u1ea3i nghi\u1ec7m ngay nh\u00e9","robots":{"index":"index","follow":"follow","max-snippet":"max-snippet:-1","max-image-preview":"max-image-preview:large","max-video-preview":"max-video-preview:-1"},"canonical":"https:\/\/minat.azdigi.shop\/?product=raspberry-milkshake","og_locale":"vi_VN","og_type":"article","og_title":"Raspberry Milkshake - Minat ourcandle","og_description":"H\u01b0\u01a1ng th\u01a1m nh\u1eb9 nh\u00e0ng c\u1ee7a n\u1ebfn th\u01a1m Raspberry Milkshake s\u1ebd \u0111em l\u1ea1i cho b\u1ea1n s\u1ef1 tho\u1ea3i m\u00e1i v\u00e0 th\u01b0 gi\u00e3n, h\u00e3y tr\u1ea3i nghi\u1ec7m ngay nh\u00e9","og_url":"https:\/\/minat.azdigi.shop\/?product=raspberry-milkshake","og_site_name":"Minat ourcandle","article_modified_time":"2026-03-21T08:26:09+00:00","og_image":[{"width":736,"height":981,"url":"https:\/\/minat.azdigi.shop\/wp-content\/uploads\/2026\/03\/tai-xuong-18.jpg","type":"image\/jpeg"}],"twitter_card":"summary_large_image","twitter_misc":{"\u01af\u1edbc t\u00ednh th\u1eddi gian \u0111\u1ecdc":"1 ph\u00fat"},"schema":{"@context":"https:\/\/schema.org","@graph":[{"@type":"WebPage","@id":"https:\/\/minat.azdigi.shop\/?product=raspberry-milkshake","url":"https:\/\/minat.azdigi.shop\/?product=raspberry-milkshake","name":"Raspberry Milkshake - Minat ourcandle","isPartOf":{"@id":"https:\/\/minat.azdigi.shop\/#website"},"primaryImageOfPage":{"@id":"https:\/\/minat.azdigi.shop\/?product=raspberry-milkshake#primaryimage"},"image":{"@id":"https:\/\/minat.azdigi.shop\/?product=raspberry-milkshake#primaryimage"},"thumbnailUrl":"https:\/\/minat.azdigi.shop\/wp-content\/uploads\/2026\/03\/tai-xuong-18.jpg","datePublished":"2026-03-21T08:25:03+00:00","dateModified":"2026-03-21T08:26:09+00:00","description":"H\u01b0\u01a1ng th\u01a1m nh\u1eb9 nh\u00e0ng c\u1ee7a n\u1ebfn th\u01a1m Raspberry Milkshake s\u1ebd \u0111em l\u1ea1i cho b\u1ea1n s\u1ef1 tho\u1ea3i m\u00e1i v\u00e0 th\u01b0 gi\u00e3n, h\u00e3y tr\u1ea3i nghi\u1ec7m ngay nh\u00e9","breadcrumb":{"@id":"https:\/\/minat.azdigi.shop\/?product=raspberry-milkshake#breadcrumb"},"inLanguage":"vi","potentialAction":[{"@type":"ReadAction","target":["https:\/\/minat.azdigi.shop\/?product=raspberry-milkshake"]}]},{"@type":"ImageObject","inLanguage":"vi","@id":"https:\/\/minat.azdigi.shop\/?product=raspberry-milkshake#primaryimage","url":"https:\/\/minat.azdigi.shop\/wp-content\/uploads\/2026\/03\/tai-xuong-18.jpg","contentUrl":"https:\/\/minat.azdigi.shop\/wp-content\/uploads\/2026\/03\/tai-xuong-18.jpg","width":736,"height":981},{"@type":"BreadcrumbList","@id":"https:\/\/minat.azdigi.shop\/?product=raspberry-milkshake#breadcrumb","itemListElement":[{"@type":"ListItem","position":1,"name":"Trang ch\u1ee7","item":"https:\/\/minat.azdigi.shop\/"},{"@type":"ListItem","position":2,"name":"C\u1eeda h\u00e0ng","item":"https:\/\/minat.azdigi.shop\/?page_id=94"},{"@type":"ListItem","position":3,"name":"Raspberry Milkshake"}]},{"@type":"WebSite","@id":"https:\/\/minat.azdigi.shop\/#website","url":"https:\/\/minat.azdigi.shop\/","name":"Minat ourcandle","description":"","potentialAction":[{"@type":"SearchAction","target":{"@type":"EntryPoint","urlTemplate":"https:\/\/minat.azdigi.shop\/?s={search_term_string}"},"query-input":{"@type":"PropertyValueSpecification","valueRequired":true,"valueName":"search_term_string"}}],"inLanguage":"vi"}]}},"_links":{"self":[{"href":"https:\/\/minat.azdigi.shop\/index.php?rest_route=\/wp\/v2\/product\/233","targetHints":{"allow":["GET"]}}],"collection":[{"href":"https:\/\/minat.azdigi.shop\/index.php?rest_route=\/wp\/v2\/product"}],"about":[{"href":"https:\/\/minat.azdigi.shop\/index.php?rest_route=\/wp\/v2\/types\/product"}],"replies":[{"embeddable":true,"href":"https:\/\/minat.azdigi.shop\/index.php?rest_route=%2Fwp%2Fv2%2Fcomments&post=233"}],"wp:featuredmedia":[{"embeddable":true,"href":"https:\/\/minat.azdigi.shop\/index.php?rest_route=\/wp\/v2\/media\/234"}],"wp:attachment":[{"href":"https:\/\/minat.azdigi.shop\/index.php?rest_route=%2Fwp%2Fv2%2Fmedia&parent=233"}],"wp:term":[{"taxonomy":"product_brand","embeddable":true,"href":"https:\/\/minat.azdigi.shop\/index.php?rest_route=%2Fwp%2Fv2%2Fproduct_brand&post=233"},{"taxonomy":"product_cat","embeddable":true,"href":"https:\/\/minat.azdigi.shop\/index.php?rest_route=%2Fwp%2Fv2%2Fproduct_cat&post=233"},{"taxonomy":"product_tag","embeddable":true,"href":"https:\/\/minat.azdigi.shop\/index.php?rest_route=%2Fwp%2Fv2%2Fproduct_tag&post=233"}],"curies":[{"name":"wp","href":"https:\/\/api.w.org\/{rel}","templated":true}]}}