{"id":236,"date":"2026-03-21T09:05:32","date_gmt":"2026-03-21T09:05:32","guid":{"rendered":"https:\/\/minat.azdigi.shop\/?post_type=product&#038;p=236"},"modified":"2026-04-02T12:34:41","modified_gmt":"2026-04-02T12:34:41","slug":"blue-night-bien-dem","status":"publish","type":"product","link":"https:\/\/minat.azdigi.shop\/?product=blue-night-bien-dem","title":{"rendered":"Blue night: Bi\u1ec3n \u0111\u00eam"},"content":{"rendered":"<p data-start=\"303\" data-end=\"661\"><strong data-start=\"303\" data-end=\"324\">Blue Night Candle<\/strong> l\u00e0 d\u00f2ng n\u1ebfn th\u01a1m l\u1ea5y c\u1ea3m h\u1ee9ng t\u1eeb bi\u1ec3n \u0111\u00eam, n\u01a1i c\u00f3 l\u00e0n gi\u00f3 m\u00e1t, ti\u1ebfng s\u00f3ng nh\u1eb9 v\u00e0 b\u1ea7u tr\u1eddi xanh th\u1eb3m \u0111\u1ea7y b\u00ecnh y\u00ean. \u0110\u00e2y l\u00e0 m\u00f9i h\u01b0\u01a1ng d\u00e0nh cho nh\u1eefng ai y\u00eau th\u00edch s\u1ef1 t\u0129nh l\u1eb7ng, th\u01b0 gi\u00e3n v\u00e0 mu\u1ed1n t\u1ea1o m\u1ed9t kh\u00f4ng gian ri\u00eang nh\u1eb9 nh\u00e0ng sau m\u1ed9t ng\u00e0y d\u00e0i. N\u1ebfu b\u1ea1n th\u00edch vibe tr\u1ea7m, m\u00e1t v\u00e0 s\u00e2u, <strong data-start=\"605\" data-end=\"626\">Blue Night Candle<\/strong> ch\u1eafc ch\u1eafn s\u1ebd l\u00e0 l\u1ef1a ch\u1ecdn ho\u00e0n h\u1ea3o.<\/p>\n<p data-start=\"663\" data-end=\"1030\">H\u01b0\u01a1ng th\u01a1m ch\u1ee7 \u0111\u1ea1o c\u1ee7a <strong data-start=\"686\" data-end=\"707\">Blue Night Candle<\/strong> mang c\u1ea3m gi\u00e1c m\u00e1t nh\u1eb9 nh\u01b0 gi\u00f3 bi\u1ec3n, k\u1ebft h\u1ee3p c\u00f9ng ch\u00fat g\u1ed7 v\u00e0 x\u1ea1 h\u01b0\u01a1ng t\u1ea1o \u0111\u1ed9 \u1ea5m v\u1eeba \u0111\u1ee7. S\u1ef1 h\u00f2a quy\u1ec7n n\u00e0y gi\u00fap m\u00f9i h\u01b0\u01a1ng tr\u1edf n\u00ean tinh t\u1ebf, kh\u00f4ng qu\u00e1 n\u1ed3ng nh\u01b0ng v\u1eabn c\u00f3 chi\u1ec1u s\u00e2u. Khi th\u1eafp l\u00ean, n\u1ebfn lan t\u1ecfa m\u00f9i h\u01b0\u01a1ng d\u1ecbu d\u00e0ng, gi\u00fap kh\u00f4ng gian tr\u1edf n\u00ean th\u01b0 gi\u00e3n v\u00e0 d\u1ec5 ch\u1ecbu h\u01a1n, gi\u1ed1ng nh\u01b0 c\u1ea3m gi\u00e1c \u0111ang \u0111\u1ee9ng tr\u01b0\u1edbc bi\u1ec3n v\u00e0o ban \u0111\u00eam.<\/p>\n<p data-start=\"1032\" data-end=\"1374\"><strong data-start=\"1032\" data-end=\"1053\">Blue Night Candle<\/strong> r\u1ea5t ph\u00f9 h\u1ee3p \u0111\u1ec3 s\u1eed d\u1ee5ng v\u00e0o bu\u1ed5i t\u1ed1i, \u0111\u1eb7c bi\u1ec7t l\u00e0 nh\u1eefng l\u00fac b\u1ea1n mu\u1ed1n ngh\u1ec9 ng\u01a1i, \u0111\u1ecdc s\u00e1ch ho\u1eb7c nghe nh\u1ea1c. M\u00f9i h\u01b0\u01a1ng nh\u1eb9 nh\u00e0ng gi\u00fap t\u00e2m tr\u1ea1ng \u1ed5n \u0111\u1ecbnh h\u01a1n, t\u1ea1o c\u1ea3m gi\u00e1c b\u00ecnh y\u00ean v\u00e0 d\u1ec5 ng\u1ee7. \u0110\u00e2y c\u0169ng l\u00e0 m\u00f9i h\u01b0\u01a1ng ph\u00f9 h\u1ee3p cho nh\u1eefng ng\u01b0\u1eddi kh\u00f4ng th\u00edch n\u1ebfn qu\u00e1 ng\u1ecdt, v\u00ec vibe c\u1ee7a Blue Night thi\u00ean v\u1ec1 s\u1ef1 s\u1ea1ch s\u1ebd, m\u00e1t m\u1ebb v\u00e0 tr\u1ea7m nh\u1eb9.<\/p>\n<p data-start=\"1376\" data-end=\"1692\">Kh\u00f4ng ch\u1ec9 n\u1ed5i b\u1eadt \u1edf m\u00f9i h\u01b0\u01a1ng, <strong data-start=\"1407\" data-end=\"1428\">Blue Night Candle<\/strong> c\u00f2n c\u00f3 thi\u1ebft k\u1ebf t\u1ed1i gi\u1ea3n nh\u01b0ng sang, d\u1ec5 k\u1ebft h\u1ee3p v\u1edbi nhi\u1ec1u phong c\u00e1ch decor kh\u00e1c nhau. S\u1ea3n ph\u1ea9m c\u00f3 th\u1ec3 \u0111\u1eb7t \u1edf ph\u00f2ng ng\u1ee7, ph\u00f2ng kh\u00e1ch, g\u00f3c l\u00e0m vi\u1ec7c ho\u1eb7c nh\u1eefng kh\u00f4ng gian c\u1ea7n s\u1ef1 y\u00ean t\u0129nh. \u00c1nh l\u1eeda nh\u1ecf t\u1eeb n\u1ebfn t\u1ea1o n\u00ean c\u1ea3m gi\u00e1c \u1ea5m \u00e1p, gi\u00fap c\u0103n ph\u00f2ng tr\u1edf n\u00ean d\u1ecbu d\u00e0ng h\u01a1n.<\/p>\n<p data-start=\"1694\" data-end=\"2006\">Ngo\u00e0i ra, <strong data-start=\"1704\" data-end=\"1725\">Blue Night Candle<\/strong> c\u0169ng l\u00e0 m\u1ed9t l\u1ef1a ch\u1ecdn tuy\u1ec7t v\u1eddi \u0111\u1ec3 l\u00e0m qu\u00e0 t\u1eb7ng. V\u1edbi m\u00f9i h\u01b0\u01a1ng tinh t\u1ebf v\u00e0 thi\u1ebft k\u1ebf \u0111\u1eb9p m\u1eaft, n\u1ebfn ph\u00f9 h\u1ee3p \u0111\u1ec3 t\u1eb7ng b\u1ea1n b\u00e8, ng\u01b0\u1eddi th\u00e2n v\u00e0o nh\u1eefng d\u1ecbp \u0111\u1eb7c bi\u1ec7t nh\u01b0 sinh nh\u1eadt, 8\/3, 20\/10 ho\u1eb7c Gi\u00e1ng Sinh. \u0110\u00e2y l\u00e0 m\u00f3n qu\u00e0 mang \u00fd ngh\u0129a v\u1ec1 s\u1ef1 b\u00ecnh y\u00ean, th\u01b0 gi\u00e3n v\u00e0 nh\u1eefng kho\u1ea3nh kh\u1eafc nh\u1eb9 nh\u00e0ng.<\/p>\n<p data-start=\"2008\" data-end=\"2160\">N\u1ebfu b\u1ea1n mu\u1ed1n mang m\u1ed9t ch\u00fat bi\u1ec3n \u0111\u00eam v\u00e0o kh\u00f4ng gian s\u1ed1ng, <strong data-start=\"2065\" data-end=\"2086\">Blue Night Candle<\/strong> s\u1ebd l\u00e0 ng\u1ecdn n\u1ebfn gi\u00fap b\u1ea1n c\u1ea3m nh\u1eadn s\u1ef1 y\u00ean t\u0129nh v\u00e0 th\u01b0 th\u00e1i theo c\u00e1ch ri\u00eang.<\/p>\n","protected":false},"excerpt":{"rendered":"<p>Blue Night Candle l\u00e0 d\u00f2ng n\u1ebfn th\u01a1m l\u1ea5y c\u1ea3m h\u1ee9ng t\u1eeb bi\u1ec3n \u0111\u00eam, n\u01a1i c\u00f3 l\u00e0n gi\u00f3 m\u00e1t, ti\u1ebfng s\u00f3ng nh\u1eb9 v\u00e0 b\u1ea7u tr\u1eddi xanh th\u1eb3m \u0111\u1ea7y b\u00ecnh y\u00ean. \u0110\u00e2y l\u00e0 m\u00f9i h\u01b0\u01a1ng d\u00e0nh cho nh\u1eefng ai y\u00eau th\u00edch s\u1ef1 t\u0129nh l\u1eb7ng, th\u01b0 gi\u00e3n v\u00e0 mu\u1ed1n t\u1ea1o m\u1ed9t kh\u00f4ng gian ri\u00eang nh\u1eb9 nh\u00e0ng sau m\u1ed9t [&#8230;]\n","protected":false},"featured_media":239,"comment_status":"open","ping_status":"closed","template":"","meta":[],"product_brand":[],"product_cat":[19,30],"product_tag":[],"class_list":{"0":"post-236","1":"product","2":"type-product","3":"status-publish","4":"has-post-thumbnail","6":"product_cat-https-minat-azdigi-shop-best-seller","7":"product_cat-the-sea","9":"first","10":"instock","11":"shipping-taxable","12":"purchasable","13":"product-type-simple"},"yoast_head":"<!-- This site is optimized with the Yoast SEO plugin v27.1.1 - https:\/\/yoast.com\/product\/yoast-seo-wordpress\/ -->\n<title>Blue night: Bi\u1ec3n \u0111\u00eam - Minat ourcandle<\/title>\n<meta name=\"description\" content=\"N\u1ebfn th\u01a1m Blue Night mang c\u1ea3m h\u1ee9ng t\u1eeb bi\u1ec3n \u0111\u00eam y\u00ean t\u0129nh, M\u00f9i h\u01b0\u01a1ng ch\u1ee7 y\u1ebfu c\u1ee7a lo\u1ea1i n\u1ebfn th\u01a1m n\u00e0y l\u00e0 g\u1ed7 v\u00e0 x\u1ea1 h\u01b0\u01a1ng, kh\u00f4ng b\u1ecb g\u1eaft\" \/>\n<meta name=\"robots\" content=\"index, follow, max-snippet:-1, max-image-preview:large, max-video-preview:-1\" \/>\n<link rel=\"canonical\" href=\"https:\/\/minat.azdigi.shop\/?product=blue-night-bien-dem\" \/>\n<meta property=\"og:locale\" content=\"vi_VN\" \/>\n<meta property=\"og:type\" content=\"article\" \/>\n<meta property=\"og:title\" content=\"Blue night: Bi\u1ec3n \u0111\u00eam - Minat ourcandle\" \/>\n<meta property=\"og:description\" content=\"N\u1ebfn th\u01a1m Blue Night mang c\u1ea3m h\u1ee9ng t\u1eeb bi\u1ec3n \u0111\u00eam y\u00ean t\u0129nh, M\u00f9i h\u01b0\u01a1ng ch\u1ee7 y\u1ebfu c\u1ee7a lo\u1ea1i n\u1ebfn th\u01a1m n\u00e0y l\u00e0 g\u1ed7 v\u00e0 x\u1ea1 h\u01b0\u01a1ng, kh\u00f4ng b\u1ecb g\u1eaft\" \/>\n<meta property=\"og:url\" content=\"https:\/\/minat.azdigi.shop\/?product=blue-night-bien-dem\" \/>\n<meta property=\"og:site_name\" content=\"Minat ourcandle\" \/>\n<meta property=\"article:modified_time\" content=\"2026-04-02T12:34:41+00:00\" \/>\n<meta property=\"og:image\" content=\"https:\/\/minat.azdigi.shop\/wp-content\/uploads\/2026\/03\/z7643405165697_fab39aedcae88b1db5d964453483adcb.jpg\" \/>\n\t<meta property=\"og:image:width\" content=\"736\" \/>\n\t<meta property=\"og:image:height\" content=\"837\" \/>\n\t<meta property=\"og:image:type\" content=\"image\/jpeg\" \/>\n<meta name=\"twitter:card\" content=\"summary_large_image\" \/>\n<meta name=\"twitter:label1\" content=\"\u01af\u1edbc t\u00ednh th\u1eddi gian \u0111\u1ecdc\" \/>\n\t<meta name=\"twitter:data1\" content=\"3 ph\u00fat\" \/>\n<script type=\"application\/ld+json\" class=\"yoast-schema-graph\">{\"@context\":\"https:\/\/schema.org\",\"@graph\":[{\"@type\":\"WebPage\",\"@id\":\"https:\/\/minat.azdigi.shop\/?product=blue-night-bien-dem\",\"url\":\"https:\/\/minat.azdigi.shop\/?product=blue-night-bien-dem\",\"name\":\"Blue night: Bi\u1ec3n \u0111\u00eam - Minat ourcandle\",\"isPartOf\":{\"@id\":\"https:\/\/minat.azdigi.shop\/#website\"},\"primaryImageOfPage\":{\"@id\":\"https:\/\/minat.azdigi.shop\/?product=blue-night-bien-dem#primaryimage\"},\"image\":{\"@id\":\"https:\/\/minat.azdigi.shop\/?product=blue-night-bien-dem#primaryimage\"},\"thumbnailUrl\":\"https:\/\/minat.azdigi.shop\/wp-content\/uploads\/2026\/03\/z7643405165697_fab39aedcae88b1db5d964453483adcb.jpg\",\"datePublished\":\"2026-03-21T09:05:32+00:00\",\"dateModified\":\"2026-04-02T12:34:41+00:00\",\"description\":\"N\u1ebfn th\u01a1m Blue Night mang c\u1ea3m h\u1ee9ng t\u1eeb bi\u1ec3n \u0111\u00eam y\u00ean t\u0129nh, M\u00f9i h\u01b0\u01a1ng ch\u1ee7 y\u1ebfu c\u1ee7a lo\u1ea1i n\u1ebfn th\u01a1m n\u00e0y l\u00e0 g\u1ed7 v\u00e0 x\u1ea1 h\u01b0\u01a1ng, kh\u00f4ng b\u1ecb g\u1eaft\",\"breadcrumb\":{\"@id\":\"https:\/\/minat.azdigi.shop\/?product=blue-night-bien-dem#breadcrumb\"},\"inLanguage\":\"vi\",\"potentialAction\":[{\"@type\":\"ReadAction\",\"target\":[\"https:\/\/minat.azdigi.shop\/?product=blue-night-bien-dem\"]}]},{\"@type\":\"ImageObject\",\"inLanguage\":\"vi\",\"@id\":\"https:\/\/minat.azdigi.shop\/?product=blue-night-bien-dem#primaryimage\",\"url\":\"https:\/\/minat.azdigi.shop\/wp-content\/uploads\/2026\/03\/z7643405165697_fab39aedcae88b1db5d964453483adcb.jpg\",\"contentUrl\":\"https:\/\/minat.azdigi.shop\/wp-content\/uploads\/2026\/03\/z7643405165697_fab39aedcae88b1db5d964453483adcb.jpg\",\"width\":736,\"height\":837},{\"@type\":\"BreadcrumbList\",\"@id\":\"https:\/\/minat.azdigi.shop\/?product=blue-night-bien-dem#breadcrumb\",\"itemListElement\":[{\"@type\":\"ListItem\",\"position\":1,\"name\":\"Trang ch\u1ee7\",\"item\":\"https:\/\/minat.azdigi.shop\/\"},{\"@type\":\"ListItem\",\"position\":2,\"name\":\"C\u1eeda h\u00e0ng\",\"item\":\"https:\/\/minat.azdigi.shop\/?page_id=94\"},{\"@type\":\"ListItem\",\"position\":3,\"name\":\"Blue night: Bi\u1ec3n \u0111\u00eam\"}]},{\"@type\":\"WebSite\",\"@id\":\"https:\/\/minat.azdigi.shop\/#website\",\"url\":\"https:\/\/minat.azdigi.shop\/\",\"name\":\"Minat ourcandle\",\"description\":\"\",\"potentialAction\":[{\"@type\":\"SearchAction\",\"target\":{\"@type\":\"EntryPoint\",\"urlTemplate\":\"https:\/\/minat.azdigi.shop\/?s={search_term_string}\"},\"query-input\":{\"@type\":\"PropertyValueSpecification\",\"valueRequired\":true,\"valueName\":\"search_term_string\"}}],\"inLanguage\":\"vi\"}]}<\/script>\n<!-- \/ Yoast SEO plugin. -->","yoast_head_json":{"title":"Blue night: Bi\u1ec3n \u0111\u00eam - Minat ourcandle","description":"N\u1ebfn th\u01a1m Blue Night mang c\u1ea3m h\u1ee9ng t\u1eeb bi\u1ec3n \u0111\u00eam y\u00ean t\u0129nh, M\u00f9i h\u01b0\u01a1ng ch\u1ee7 y\u1ebfu c\u1ee7a lo\u1ea1i n\u1ebfn th\u01a1m n\u00e0y l\u00e0 g\u1ed7 v\u00e0 x\u1ea1 h\u01b0\u01a1ng, kh\u00f4ng b\u1ecb g\u1eaft","robots":{"index":"index","follow":"follow","max-snippet":"max-snippet:-1","max-image-preview":"max-image-preview:large","max-video-preview":"max-video-preview:-1"},"canonical":"https:\/\/minat.azdigi.shop\/?product=blue-night-bien-dem","og_locale":"vi_VN","og_type":"article","og_title":"Blue night: Bi\u1ec3n \u0111\u00eam - Minat ourcandle","og_description":"N\u1ebfn th\u01a1m Blue Night mang c\u1ea3m h\u1ee9ng t\u1eeb bi\u1ec3n \u0111\u00eam y\u00ean t\u0129nh, M\u00f9i h\u01b0\u01a1ng ch\u1ee7 y\u1ebfu c\u1ee7a lo\u1ea1i n\u1ebfn th\u01a1m n\u00e0y l\u00e0 g\u1ed7 v\u00e0 x\u1ea1 h\u01b0\u01a1ng, kh\u00f4ng b\u1ecb g\u1eaft","og_url":"https:\/\/minat.azdigi.shop\/?product=blue-night-bien-dem","og_site_name":"Minat ourcandle","article_modified_time":"2026-04-02T12:34:41+00:00","og_image":[{"width":736,"height":837,"url":"https:\/\/minat.azdigi.shop\/wp-content\/uploads\/2026\/03\/z7643405165697_fab39aedcae88b1db5d964453483adcb.jpg","type":"image\/jpeg"}],"twitter_card":"summary_large_image","twitter_misc":{"\u01af\u1edbc t\u00ednh th\u1eddi gian \u0111\u1ecdc":"3 ph\u00fat"},"schema":{"@context":"https:\/\/schema.org","@graph":[{"@type":"WebPage","@id":"https:\/\/minat.azdigi.shop\/?product=blue-night-bien-dem","url":"https:\/\/minat.azdigi.shop\/?product=blue-night-bien-dem","name":"Blue night: Bi\u1ec3n \u0111\u00eam - Minat ourcandle","isPartOf":{"@id":"https:\/\/minat.azdigi.shop\/#website"},"primaryImageOfPage":{"@id":"https:\/\/minat.azdigi.shop\/?product=blue-night-bien-dem#primaryimage"},"image":{"@id":"https:\/\/minat.azdigi.shop\/?product=blue-night-bien-dem#primaryimage"},"thumbnailUrl":"https:\/\/minat.azdigi.shop\/wp-content\/uploads\/2026\/03\/z7643405165697_fab39aedcae88b1db5d964453483adcb.jpg","datePublished":"2026-03-21T09:05:32+00:00","dateModified":"2026-04-02T12:34:41+00:00","description":"N\u1ebfn th\u01a1m Blue Night mang c\u1ea3m h\u1ee9ng t\u1eeb bi\u1ec3n \u0111\u00eam y\u00ean t\u0129nh, M\u00f9i h\u01b0\u01a1ng ch\u1ee7 y\u1ebfu c\u1ee7a lo\u1ea1i n\u1ebfn th\u01a1m n\u00e0y l\u00e0 g\u1ed7 v\u00e0 x\u1ea1 h\u01b0\u01a1ng, kh\u00f4ng b\u1ecb g\u1eaft","breadcrumb":{"@id":"https:\/\/minat.azdigi.shop\/?product=blue-night-bien-dem#breadcrumb"},"inLanguage":"vi","potentialAction":[{"@type":"ReadAction","target":["https:\/\/minat.azdigi.shop\/?product=blue-night-bien-dem"]}]},{"@type":"ImageObject","inLanguage":"vi","@id":"https:\/\/minat.azdigi.shop\/?product=blue-night-bien-dem#primaryimage","url":"https:\/\/minat.azdigi.shop\/wp-content\/uploads\/2026\/03\/z7643405165697_fab39aedcae88b1db5d964453483adcb.jpg","contentUrl":"https:\/\/minat.azdigi.shop\/wp-content\/uploads\/2026\/03\/z7643405165697_fab39aedcae88b1db5d964453483adcb.jpg","width":736,"height":837},{"@type":"BreadcrumbList","@id":"https:\/\/minat.azdigi.shop\/?product=blue-night-bien-dem#breadcrumb","itemListElement":[{"@type":"ListItem","position":1,"name":"Trang ch\u1ee7","item":"https:\/\/minat.azdigi.shop\/"},{"@type":"ListItem","position":2,"name":"C\u1eeda h\u00e0ng","item":"https:\/\/minat.azdigi.shop\/?page_id=94"},{"@type":"ListItem","position":3,"name":"Blue night: Bi\u1ec3n \u0111\u00eam"}]},{"@type":"WebSite","@id":"https:\/\/minat.azdigi.shop\/#website","url":"https:\/\/minat.azdigi.shop\/","name":"Minat ourcandle","description":"","potentialAction":[{"@type":"SearchAction","target":{"@type":"EntryPoint","urlTemplate":"https:\/\/minat.azdigi.shop\/?s={search_term_string}"},"query-input":{"@type":"PropertyValueSpecification","valueRequired":true,"valueName":"search_term_string"}}],"inLanguage":"vi"}]}},"_links":{"self":[{"href":"https:\/\/minat.azdigi.shop\/index.php?rest_route=\/wp\/v2\/product\/236","targetHints":{"allow":["GET"]}}],"collection":[{"href":"https:\/\/minat.azdigi.shop\/index.php?rest_route=\/wp\/v2\/product"}],"about":[{"href":"https:\/\/minat.azdigi.shop\/index.php?rest_route=\/wp\/v2\/types\/product"}],"replies":[{"embeddable":true,"href":"https:\/\/minat.azdigi.shop\/index.php?rest_route=%2Fwp%2Fv2%2Fcomments&post=236"}],"wp:featuredmedia":[{"embeddable":true,"href":"https:\/\/minat.azdigi.shop\/index.php?rest_route=\/wp\/v2\/media\/239"}],"wp:attachment":[{"href":"https:\/\/minat.azdigi.shop\/index.php?rest_route=%2Fwp%2Fv2%2Fmedia&parent=236"}],"wp:term":[{"taxonomy":"product_brand","embeddable":true,"href":"https:\/\/minat.azdigi.shop\/index.php?rest_route=%2Fwp%2Fv2%2Fproduct_brand&post=236"},{"taxonomy":"product_cat","embeddable":true,"href":"https:\/\/minat.azdigi.shop\/index.php?rest_route=%2Fwp%2Fv2%2Fproduct_cat&post=236"},{"taxonomy":"product_tag","embeddable":true,"href":"https:\/\/minat.azdigi.shop\/index.php?rest_route=%2Fwp%2Fv2%2Fproduct_tag&post=236"}],"curies":[{"name":"wp","href":"https:\/\/api.w.org\/{rel}","templated":true}]}}