{"id":240,"date":"2026-03-21T10:07:14","date_gmt":"2026-03-21T10:07:14","guid":{"rendered":"https:\/\/minat.azdigi.shop\/?post_type=product&#038;p=240"},"modified":"2026-03-21T15:16:06","modified_gmt":"2026-03-21T15:16:06","slug":"basic-candle","status":"publish","type":"product","link":"https:\/\/minat.azdigi.shop\/?product=basic-candle","title":{"rendered":"Basic Candle"},"content":{"rendered":"<p>D\u00f2ng n\u1ebfn th\u01a1m Basic mang phong c\u00e1ch t\u1ed1i gi\u1ea3n, t\u1eadp trung v\u00e0o nh\u1eefng m\u00f9i h\u01b0\u01a1ng \u0111\u01a1n thu\u1ea7n v\u00e0 d\u1ec5 ch\u1ecbu. M\u1ed7i h\u0169 n\u1ebfn ch\u1ec9 gi\u1eef m\u1ed9t h\u01b0\u01a1ng th\u01a1m duy nh\u1ea5t, gi\u00fap m\u00f9i h\u01b0\u01a1ng lan t\u1ecfa r\u00f5 r\u00e0ng v\u00e0 t\u1ef1 nhi\u00ean trong kh\u00f4ng gian.<\/p>\n<p>S\u1ed1p c\u00f3 7 m\u00f9i c\u01a1 b\u1ea3n:<\/p>\n<ol>\n<li>Vanilla (tr\u1eafng)<\/li>\n<li>Cinnamon (n\u00e2u)<\/li>\n<li>Lavender (t\u00edm)<\/li>\n<li>Ocean Breeze (xanh d\u01b0\u01a1ng)<\/li>\n<li>Rose (h\u1ed3ng)<\/li>\n<li>Sandalwood (be)<\/li>\n<li>Lemongrass (v\u00e0ng)<\/li>\n<\/ol>\n<p>&nbsp;<\/p>\n","protected":false},"excerpt":{"rendered":"<p>D\u00f2ng n\u1ebfn th\u01a1m Basic mang phong c\u00e1ch t\u1ed1i gi\u1ea3n, t\u1eadp trung v\u00e0o nh\u1eefng m\u00f9i h\u01b0\u01a1ng \u0111\u01a1n thu\u1ea7n v\u00e0 d\u1ec5 ch\u1ecbu. M\u1ed7i h\u0169 n\u1ebfn ch\u1ec9 gi\u1eef m\u1ed9t h\u01b0\u01a1ng th\u01a1m duy nh\u1ea5t, gi\u00fap m\u00f9i h\u01b0\u01a1ng lan t\u1ecfa r\u00f5 r\u00e0ng v\u00e0 t\u1ef1 nhi\u00ean trong kh\u00f4ng gian. S\u1ed1p c\u00f3 7 m\u00f9i c\u01a1 b\u1ea3n: Vanilla (tr\u1eafng) Cinnamon (n\u00e2u) Lavender (t\u00edm) [&#8230;]\n","protected":false},"featured_media":241,"comment_status":"open","ping_status":"closed","template":"","meta":[],"product_brand":[],"product_cat":[18],"product_tag":[],"class_list":{"0":"post-240","1":"product","2":"type-product","3":"status-publish","4":"has-post-thumbnail","6":"product_cat-chua-phan-loai","8":"first","9":"instock","10":"shipping-taxable","11":"purchasable","12":"product-type-variable"},"yoast_head":"<!-- This site is optimized with the Yoast SEO plugin v27.1.1 - https:\/\/yoast.com\/product\/yoast-seo-wordpress\/ -->\n<title>Basic Candle - Minat ourcandle<\/title>\n<meta name=\"description\" content=\"Mang phong c\u00e1ch t\u1ed1i gi\u1ea3n, t\u1eadp trung v\u00e0o nh\u1eefng m\u00f9i h\u01b0\u01a1ng \u0111\u01a1n thu\u1ea7n v\u00e0 d\u1ec5 ch\u1ecbu. M\u1ed7i h\u0169 n\u1ebfn ch\u1ec9 gi\u1eef m\u1ed9t h\u01b0\u01a1ng th\u01a1m duy nh\u1ea5t.\" \/>\n<meta name=\"robots\" content=\"index, follow, max-snippet:-1, max-image-preview:large, max-video-preview:-1\" \/>\n<link rel=\"canonical\" href=\"https:\/\/minat.azdigi.shop\/?product=basic-candle\" \/>\n<meta property=\"og:locale\" content=\"vi_VN\" \/>\n<meta property=\"og:type\" content=\"article\" \/>\n<meta property=\"og:title\" content=\"Basic Candle - Minat ourcandle\" \/>\n<meta property=\"og:description\" content=\"Mang phong c\u00e1ch t\u1ed1i gi\u1ea3n, t\u1eadp trung v\u00e0o nh\u1eefng m\u00f9i h\u01b0\u01a1ng \u0111\u01a1n thu\u1ea7n v\u00e0 d\u1ec5 ch\u1ecbu. M\u1ed7i h\u0169 n\u1ebfn ch\u1ec9 gi\u1eef m\u1ed9t h\u01b0\u01a1ng th\u01a1m duy nh\u1ea5t.\" \/>\n<meta property=\"og:url\" content=\"https:\/\/minat.azdigi.shop\/?product=basic-candle\" \/>\n<meta property=\"og:site_name\" content=\"Minat ourcandle\" \/>\n<meta property=\"article:modified_time\" content=\"2026-03-21T15:16:06+00:00\" \/>\n<meta property=\"og:image\" content=\"https:\/\/minat.azdigi.shop\/wp-content\/uploads\/2026\/03\/5643085f-acac-402d-80ae-113e6b77dcce.png\" \/>\n\t<meta property=\"og:image:width\" content=\"1024\" \/>\n\t<meta property=\"og:image:height\" content=\"1536\" \/>\n\t<meta property=\"og:image:type\" content=\"image\/png\" \/>\n<meta name=\"twitter:card\" content=\"summary_large_image\" \/>\n<meta name=\"twitter:label1\" content=\"\u01af\u1edbc t\u00ednh th\u1eddi gian \u0111\u1ecdc\" \/>\n\t<meta name=\"twitter:data1\" content=\"1 ph\u00fat\" \/>\n<script type=\"application\/ld+json\" class=\"yoast-schema-graph\">{\"@context\":\"https:\/\/schema.org\",\"@graph\":[{\"@type\":\"WebPage\",\"@id\":\"https:\/\/minat.azdigi.shop\/?product=basic-candle\",\"url\":\"https:\/\/minat.azdigi.shop\/?product=basic-candle\",\"name\":\"Basic Candle - Minat ourcandle\",\"isPartOf\":{\"@id\":\"https:\/\/minat.azdigi.shop\/#website\"},\"primaryImageOfPage\":{\"@id\":\"https:\/\/minat.azdigi.shop\/?product=basic-candle#primaryimage\"},\"image\":{\"@id\":\"https:\/\/minat.azdigi.shop\/?product=basic-candle#primaryimage\"},\"thumbnailUrl\":\"https:\/\/minat.azdigi.shop\/wp-content\/uploads\/2026\/03\/5643085f-acac-402d-80ae-113e6b77dcce.png\",\"datePublished\":\"2026-03-21T10:07:14+00:00\",\"dateModified\":\"2026-03-21T15:16:06+00:00\",\"description\":\"Mang phong c\u00e1ch t\u1ed1i gi\u1ea3n, t\u1eadp trung v\u00e0o nh\u1eefng m\u00f9i h\u01b0\u01a1ng \u0111\u01a1n thu\u1ea7n v\u00e0 d\u1ec5 ch\u1ecbu. M\u1ed7i h\u0169 n\u1ebfn ch\u1ec9 gi\u1eef m\u1ed9t h\u01b0\u01a1ng th\u01a1m duy nh\u1ea5t.\",\"breadcrumb\":{\"@id\":\"https:\/\/minat.azdigi.shop\/?product=basic-candle#breadcrumb\"},\"inLanguage\":\"vi\",\"potentialAction\":[{\"@type\":\"ReadAction\",\"target\":[\"https:\/\/minat.azdigi.shop\/?product=basic-candle\"]}]},{\"@type\":\"ImageObject\",\"inLanguage\":\"vi\",\"@id\":\"https:\/\/minat.azdigi.shop\/?product=basic-candle#primaryimage\",\"url\":\"https:\/\/minat.azdigi.shop\/wp-content\/uploads\/2026\/03\/5643085f-acac-402d-80ae-113e6b77dcce.png\",\"contentUrl\":\"https:\/\/minat.azdigi.shop\/wp-content\/uploads\/2026\/03\/5643085f-acac-402d-80ae-113e6b77dcce.png\",\"width\":1024,\"height\":1536},{\"@type\":\"BreadcrumbList\",\"@id\":\"https:\/\/minat.azdigi.shop\/?product=basic-candle#breadcrumb\",\"itemListElement\":[{\"@type\":\"ListItem\",\"position\":1,\"name\":\"Trang ch\u1ee7\",\"item\":\"https:\/\/minat.azdigi.shop\/\"},{\"@type\":\"ListItem\",\"position\":2,\"name\":\"C\u1eeda h\u00e0ng\",\"item\":\"https:\/\/minat.azdigi.shop\/?page_id=94\"},{\"@type\":\"ListItem\",\"position\":3,\"name\":\"Basic Candle\"}]},{\"@type\":\"WebSite\",\"@id\":\"https:\/\/minat.azdigi.shop\/#website\",\"url\":\"https:\/\/minat.azdigi.shop\/\",\"name\":\"Minat ourcandle\",\"description\":\"\",\"potentialAction\":[{\"@type\":\"SearchAction\",\"target\":{\"@type\":\"EntryPoint\",\"urlTemplate\":\"https:\/\/minat.azdigi.shop\/?s={search_term_string}\"},\"query-input\":{\"@type\":\"PropertyValueSpecification\",\"valueRequired\":true,\"valueName\":\"search_term_string\"}}],\"inLanguage\":\"vi\"}]}<\/script>\n<!-- \/ Yoast SEO plugin. -->","yoast_head_json":{"title":"Basic Candle - Minat ourcandle","description":"Mang phong c\u00e1ch t\u1ed1i gi\u1ea3n, t\u1eadp trung v\u00e0o nh\u1eefng m\u00f9i h\u01b0\u01a1ng \u0111\u01a1n thu\u1ea7n v\u00e0 d\u1ec5 ch\u1ecbu. M\u1ed7i h\u0169 n\u1ebfn ch\u1ec9 gi\u1eef m\u1ed9t h\u01b0\u01a1ng th\u01a1m duy nh\u1ea5t.","robots":{"index":"index","follow":"follow","max-snippet":"max-snippet:-1","max-image-preview":"max-image-preview:large","max-video-preview":"max-video-preview:-1"},"canonical":"https:\/\/minat.azdigi.shop\/?product=basic-candle","og_locale":"vi_VN","og_type":"article","og_title":"Basic Candle - Minat ourcandle","og_description":"Mang phong c\u00e1ch t\u1ed1i gi\u1ea3n, t\u1eadp trung v\u00e0o nh\u1eefng m\u00f9i h\u01b0\u01a1ng \u0111\u01a1n thu\u1ea7n v\u00e0 d\u1ec5 ch\u1ecbu. M\u1ed7i h\u0169 n\u1ebfn ch\u1ec9 gi\u1eef m\u1ed9t h\u01b0\u01a1ng th\u01a1m duy nh\u1ea5t.","og_url":"https:\/\/minat.azdigi.shop\/?product=basic-candle","og_site_name":"Minat ourcandle","article_modified_time":"2026-03-21T15:16:06+00:00","og_image":[{"width":1024,"height":1536,"url":"https:\/\/minat.azdigi.shop\/wp-content\/uploads\/2026\/03\/5643085f-acac-402d-80ae-113e6b77dcce.png","type":"image\/png"}],"twitter_card":"summary_large_image","twitter_misc":{"\u01af\u1edbc t\u00ednh th\u1eddi gian \u0111\u1ecdc":"1 ph\u00fat"},"schema":{"@context":"https:\/\/schema.org","@graph":[{"@type":"WebPage","@id":"https:\/\/minat.azdigi.shop\/?product=basic-candle","url":"https:\/\/minat.azdigi.shop\/?product=basic-candle","name":"Basic Candle - Minat ourcandle","isPartOf":{"@id":"https:\/\/minat.azdigi.shop\/#website"},"primaryImageOfPage":{"@id":"https:\/\/minat.azdigi.shop\/?product=basic-candle#primaryimage"},"image":{"@id":"https:\/\/minat.azdigi.shop\/?product=basic-candle#primaryimage"},"thumbnailUrl":"https:\/\/minat.azdigi.shop\/wp-content\/uploads\/2026\/03\/5643085f-acac-402d-80ae-113e6b77dcce.png","datePublished":"2026-03-21T10:07:14+00:00","dateModified":"2026-03-21T15:16:06+00:00","description":"Mang phong c\u00e1ch t\u1ed1i gi\u1ea3n, t\u1eadp trung v\u00e0o nh\u1eefng m\u00f9i h\u01b0\u01a1ng \u0111\u01a1n thu\u1ea7n v\u00e0 d\u1ec5 ch\u1ecbu. M\u1ed7i h\u0169 n\u1ebfn ch\u1ec9 gi\u1eef m\u1ed9t h\u01b0\u01a1ng th\u01a1m duy nh\u1ea5t.","breadcrumb":{"@id":"https:\/\/minat.azdigi.shop\/?product=basic-candle#breadcrumb"},"inLanguage":"vi","potentialAction":[{"@type":"ReadAction","target":["https:\/\/minat.azdigi.shop\/?product=basic-candle"]}]},{"@type":"ImageObject","inLanguage":"vi","@id":"https:\/\/minat.azdigi.shop\/?product=basic-candle#primaryimage","url":"https:\/\/minat.azdigi.shop\/wp-content\/uploads\/2026\/03\/5643085f-acac-402d-80ae-113e6b77dcce.png","contentUrl":"https:\/\/minat.azdigi.shop\/wp-content\/uploads\/2026\/03\/5643085f-acac-402d-80ae-113e6b77dcce.png","width":1024,"height":1536},{"@type":"BreadcrumbList","@id":"https:\/\/minat.azdigi.shop\/?product=basic-candle#breadcrumb","itemListElement":[{"@type":"ListItem","position":1,"name":"Trang ch\u1ee7","item":"https:\/\/minat.azdigi.shop\/"},{"@type":"ListItem","position":2,"name":"C\u1eeda h\u00e0ng","item":"https:\/\/minat.azdigi.shop\/?page_id=94"},{"@type":"ListItem","position":3,"name":"Basic Candle"}]},{"@type":"WebSite","@id":"https:\/\/minat.azdigi.shop\/#website","url":"https:\/\/minat.azdigi.shop\/","name":"Minat ourcandle","description":"","potentialAction":[{"@type":"SearchAction","target":{"@type":"EntryPoint","urlTemplate":"https:\/\/minat.azdigi.shop\/?s={search_term_string}"},"query-input":{"@type":"PropertyValueSpecification","valueRequired":true,"valueName":"search_term_string"}}],"inLanguage":"vi"}]}},"_links":{"self":[{"href":"https:\/\/minat.azdigi.shop\/index.php?rest_route=\/wp\/v2\/product\/240","targetHints":{"allow":["GET"]}}],"collection":[{"href":"https:\/\/minat.azdigi.shop\/index.php?rest_route=\/wp\/v2\/product"}],"about":[{"href":"https:\/\/minat.azdigi.shop\/index.php?rest_route=\/wp\/v2\/types\/product"}],"replies":[{"embeddable":true,"href":"https:\/\/minat.azdigi.shop\/index.php?rest_route=%2Fwp%2Fv2%2Fcomments&post=240"}],"wp:featuredmedia":[{"embeddable":true,"href":"https:\/\/minat.azdigi.shop\/index.php?rest_route=\/wp\/v2\/media\/241"}],"wp:attachment":[{"href":"https:\/\/minat.azdigi.shop\/index.php?rest_route=%2Fwp%2Fv2%2Fmedia&parent=240"}],"wp:term":[{"taxonomy":"product_brand","embeddable":true,"href":"https:\/\/minat.azdigi.shop\/index.php?rest_route=%2Fwp%2Fv2%2Fproduct_brand&post=240"},{"taxonomy":"product_cat","embeddable":true,"href":"https:\/\/minat.azdigi.shop\/index.php?rest_route=%2Fwp%2Fv2%2Fproduct_cat&post=240"},{"taxonomy":"product_tag","embeddable":true,"href":"https:\/\/minat.azdigi.shop\/index.php?rest_route=%2Fwp%2Fv2%2Fproduct_tag&post=240"}],"curies":[{"name":"wp","href":"https:\/\/api.w.org\/{rel}","templated":true}]}}