{"id":275,"date":"2026-03-24T14:06:00","date_gmt":"2026-03-24T14:06:00","guid":{"rendered":"https:\/\/minat.azdigi.shop\/?post_type=product&#038;p=275"},"modified":"2026-04-02T13:00:16","modified_gmt":"2026-04-02T13:00:16","slug":"coconut-lime-chanh-va-dua","status":"publish","type":"product","link":"https:\/\/minat.azdigi.shop\/?product=coconut-lime-chanh-va-dua","title":{"rendered":"Coconut Lime: Chanh v\u00e0 d\u1eeba"},"content":{"rendered":"<p data-start=\"305\" data-end=\"645\"><strong data-start=\"305\" data-end=\"328\">Coconut Lime Candle<\/strong> l\u00e0 d\u00f2ng n\u1ebfn th\u01a1m mang c\u1ea3m h\u1ee9ng t\u1eeb m\u00f9a h\u00e8, n\u01a1i c\u00f3 \u00e1nh n\u1eafng nh\u1eb9, gi\u00f3 bi\u1ec3n m\u00e1t v\u00e0 nh\u1eefng ly n\u01b0\u1edbc tr\u00e1i c\u00e2y t\u01b0\u01a1i l\u1ea1nh. V\u1edbi s\u1ef1 k\u1ebft h\u1ee3p gi\u1eefa h\u01b0\u01a1ng d\u1eeba b\u00e9o d\u1ecbu v\u00e0 chanh thanh m\u00e1t, <strong data-start=\"500\" data-end=\"523\">Coconut Lime Candle<\/strong> t\u1ea1o n\u00ean m\u1ed9t m\u00f9i h\u01b0\u01a1ng v\u1eeba ng\u1ecdt ng\u00e0o v\u1eeba s\u1ea3ng kho\u00e1i, gi\u00fap kh\u00f4ng gian s\u1ed1ng tr\u1edf n\u00ean d\u1ec5 ch\u1ecbu v\u00e0 tr\u00e0n \u0111\u1ea7y n\u0103ng l\u01b0\u1ee3ng t\u00edch c\u1ef1c.<\/p>\n<p data-start=\"647\" data-end=\"1009\">Khi th\u1eafp l\u00ean, <strong data-start=\"661\" data-end=\"684\">Coconut Lime Candle<\/strong> lan t\u1ecfa m\u00f9i h\u01b0\u01a1ng chanh t\u01b0\u01a1i nh\u1eb9 nh\u00e0ng \u1edf l\u1edbp \u0111\u1ea7u, mang l\u1ea1i c\u1ea3m gi\u00e1c s\u1ea1ch s\u1ebd v\u00e0 t\u01b0\u01a1i m\u1edbi. Sau \u0111\u00f3, h\u01b0\u01a1ng d\u1eeba xu\u1ea5t hi\u1ec7n, t\u1ea1o \u0111\u1ed9 \u1ea5m v\u00e0 b\u00e9o d\u1ecbu, gi\u00fap m\u00f9i h\u01b0\u01a1ng tr\u1edf n\u00ean m\u1ec1m m\u1ea1i h\u01a1n. S\u1ef1 h\u00f2a quy\u1ec7n n\u00e0y khi\u1ebfn c\u0103n ph\u00f2ng c\u00f3 c\u1ea3m gi\u00e1c gi\u1ed1ng nh\u01b0 \u0111ang \u1edf m\u1ed9t b\u00e3i bi\u1ec3n y\u00ean b\u00ecnh, n\u01a1i b\u1ea1n c\u00f3 th\u1ec3 th\u01b0 gi\u00e3n v\u00e0 t\u1eadn h\u01b0\u1edfng t\u1eebng kho\u1ea3nh kh\u1eafc ch\u1eadm r\u00e3i.<\/p>\n<p data-start=\"1011\" data-end=\"1422\">\u0110i\u1ec3m \u0111\u1eb7c bi\u1ec7t c\u1ee7a <strong data-start=\"1029\" data-end=\"1052\">Coconut Lime Candle<\/strong> l\u00e0 h\u01b0\u01a1ng th\u01a1m kh\u00f4ng qu\u00e1 n\u1ed3ng, ph\u00f9 h\u1ee3p cho nhi\u1ec1u kh\u00f4ng gian nh\u01b0 ph\u00f2ng ng\u1ee7, ph\u00f2ng kh\u00e1ch, b\u00e0n h\u1ecdc ho\u1eb7c g\u00f3c l\u00e0m vi\u1ec7c. M\u00f9i h\u01b0\u01a1ng v\u1eeba \u0111\u1ee7 \u0111\u1ec3 t\u1ea1o c\u1ea3m gi\u00e1c th\u01b0 gi\u00e3n nh\u01b0ng v\u1eabn gi\u1eef \u0111\u01b0\u1ee3c s\u1ef1 t\u01b0\u01a1i s\u00e1ng, gi\u00fap b\u1ea1n c\u1ea3m th\u1ea5y d\u1ec5 ch\u1ecbu h\u01a1n khi h\u1ecdc t\u1eadp ho\u1eb7c l\u00e0m vi\u1ec7c t\u1ea1i nh\u00e0. \u0110\u00e2y l\u00e0 m\u00f9i h\u01b0\u01a1ng r\u1ea5t th\u00edch h\u1ee3p cho nh\u1eefng ai y\u00eau vibe \u201cfresh &amp; clean\u201d nh\u01b0ng v\u1eabn mu\u1ed1n c\u00f3 m\u1ed9t ch\u00fat ng\u1ecdt d\u1ecbu d\u1ec5 th\u01b0\u01a1ng.<\/p>\n<p data-start=\"1424\" data-end=\"1825\">Ngo\u00e0i vi\u1ec7c t\u1ea1o h\u01b0\u01a1ng th\u01a1m cho kh\u00f4ng gian, <strong data-start=\"1466\" data-end=\"1489\">Coconut Lime Candle<\/strong> c\u00f2n l\u00e0 m\u1ed9t m\u00f3n decor xinh x\u1eafn v\u1edbi m\u00e0u s\u1eafc tr\u1ebb trung, ph\u00f9 h\u1ee3p v\u1edbi phong c\u00e1ch t\u1ed1i gi\u1ea3n ho\u1eb7c hi\u1ec7n \u0111\u1ea1i. S\u1ea3n ph\u1ea9m c\u0169ng l\u00e0 l\u1ef1a ch\u1ecdn tuy\u1ec7t v\u1eddi \u0111\u1ec3 l\u00e0m qu\u00e0 t\u1eb7ng trong c\u00e1c d\u1ecbp nh\u01b0 sinh nh\u1eadt, 8\/3, 20\/10 ho\u1eb7c nh\u1eefng ng\u00e0y \u0111\u1eb7c bi\u1ec7t. V\u1edbi vibe t\u01b0\u01a1i m\u00e1t v\u00e0 d\u1ec5 ch\u1ecbu, n\u1ebfn d\u1eeba chanh ph\u00f9 h\u1ee3p v\u1edbi nhi\u1ec1u ng\u01b0\u1eddi v\u00e0 d\u1ec5 khi\u1ebfn ng\u01b0\u1eddi nh\u1eadn y\u00eau th\u00edch ngay t\u1eeb l\u1ea7n \u0111\u1ea7u.<\/p>\n<p data-start=\"1827\" data-end=\"1993\">N\u1ebfu b\u1ea1n \u0111ang t\u00ecm m\u1ed9t m\u00f9i h\u01b0\u01a1ng v\u1eeba th\u01b0 gi\u00e3n v\u1eeba mang l\u1ea1i c\u1ea3m gi\u00e1c t\u01b0\u01a1i m\u1edbi, <strong data-start=\"1903\" data-end=\"1926\">Coconut Lime Candle<\/strong> ch\u1eafc ch\u1eafn s\u1ebd l\u00e0 l\u1ef1a ch\u1ecdn ho\u00e0n h\u1ea3o \u0111\u1ec3 th\u1eafp s\u00e1ng kh\u00f4ng gian c\u1ee7a b\u1ea1n.<\/p>\n<p data-start=\"306\" data-end=\"429\"><a href=\"https:\/\/minat.azdigi.shop\/?p=88\">https:\/\/minat.azdigi.shop\/?p=88<\/a><\/p>\n","protected":false},"excerpt":{"rendered":"<p>Coconut Lime Candle l\u00e0 d\u00f2ng n\u1ebfn th\u01a1m mang c\u1ea3m h\u1ee9ng t\u1eeb m\u00f9a h\u00e8, n\u01a1i c\u00f3 \u00e1nh n\u1eafng nh\u1eb9, gi\u00f3 bi\u1ec3n m\u00e1t v\u00e0 nh\u1eefng ly n\u01b0\u1edbc tr\u00e1i c\u00e2y t\u01b0\u01a1i l\u1ea1nh. V\u1edbi s\u1ef1 k\u1ebft h\u1ee3p gi\u1eefa h\u01b0\u01a1ng d\u1eeba b\u00e9o d\u1ecbu v\u00e0 chanh thanh m\u00e1t, Coconut Lime Candle t\u1ea1o n\u00ean m\u1ed9t m\u00f9i h\u01b0\u01a1ng v\u1eeba ng\u1ecdt ng\u00e0o v\u1eeba s\u1ea3ng [&#8230;]\n","protected":false},"featured_media":276,"comment_status":"open","ping_status":"closed","template":"","meta":[],"product_brand":[],"product_cat":[28],"product_tag":[],"class_list":{"0":"post-275","1":"product","2":"type-product","3":"status-publish","4":"has-post-thumbnail","6":"product_cat-fruit-whisper","8":"first","9":"instock","10":"shipping-taxable","11":"purchasable","12":"product-type-simple"},"yoast_head":"<!-- This site is optimized with the Yoast SEO plugin v27.1.1 - https:\/\/yoast.com\/product\/yoast-seo-wordpress\/ -->\n<title>Coconut Lime: Chanh v\u00e0 d\u1eeba - Minat ourcandle<\/title>\n<meta name=\"description\" content=\"N\u1ebfn th\u01a1m Coconut Lime mang s\u1ef1 k\u1ebft h\u1ee3p t\u01b0\u01a1i m\u00e1t gi\u1eefa h\u01b0\u01a1ng chanh thanh nh\u1eb9 v\u00e0 m\u00f9i d\u1eeba b\u00e9o ng\u1eady, t\u1ea1o n\u00ean c\u1ea3m gi\u00e1c v\u1eeba s\u1ea3ng kho\u00e1i v\u1eeba \u1ea5m \u00e1p\" \/>\n<meta name=\"robots\" content=\"index, follow, max-snippet:-1, max-image-preview:large, max-video-preview:-1\" \/>\n<link rel=\"canonical\" href=\"https:\/\/minat.azdigi.shop\/?product=coconut-lime-chanh-va-dua\" \/>\n<meta property=\"og:locale\" content=\"vi_VN\" \/>\n<meta property=\"og:type\" content=\"article\" \/>\n<meta property=\"og:title\" content=\"Coconut Lime: Chanh v\u00e0 d\u1eeba - Minat ourcandle\" \/>\n<meta property=\"og:description\" content=\"N\u1ebfn th\u01a1m Coconut Lime mang s\u1ef1 k\u1ebft h\u1ee3p t\u01b0\u01a1i m\u00e1t gi\u1eefa h\u01b0\u01a1ng chanh thanh nh\u1eb9 v\u00e0 m\u00f9i d\u1eeba b\u00e9o ng\u1eady, t\u1ea1o n\u00ean c\u1ea3m gi\u00e1c v\u1eeba s\u1ea3ng kho\u00e1i v\u1eeba \u1ea5m \u00e1p\" \/>\n<meta property=\"og:url\" content=\"https:\/\/minat.azdigi.shop\/?product=coconut-lime-chanh-va-dua\" \/>\n<meta property=\"og:site_name\" content=\"Minat ourcandle\" \/>\n<meta property=\"article:modified_time\" content=\"2026-04-02T13:00:16+00:00\" \/>\n<meta property=\"og:image\" content=\"https:\/\/minat.azdigi.shop\/wp-content\/uploads\/2026\/03\/\ud83e\udd65\ud83c\udf4b.jpg\" \/>\n\t<meta property=\"og:image:width\" content=\"736\" \/>\n\t<meta property=\"og:image:height\" content=\"1104\" \/>\n\t<meta property=\"og:image:type\" content=\"image\/jpeg\" \/>\n<meta name=\"twitter:card\" content=\"summary_large_image\" \/>\n<meta name=\"twitter:label1\" content=\"\u01af\u1edbc t\u00ednh th\u1eddi gian \u0111\u1ecdc\" \/>\n\t<meta name=\"twitter:data1\" content=\"3 ph\u00fat\" \/>\n<script type=\"application\/ld+json\" class=\"yoast-schema-graph\">{\"@context\":\"https:\/\/schema.org\",\"@graph\":[{\"@type\":\"WebPage\",\"@id\":\"https:\/\/minat.azdigi.shop\/?product=coconut-lime-chanh-va-dua\",\"url\":\"https:\/\/minat.azdigi.shop\/?product=coconut-lime-chanh-va-dua\",\"name\":\"Coconut Lime: Chanh v\u00e0 d\u1eeba - Minat ourcandle\",\"isPartOf\":{\"@id\":\"https:\/\/minat.azdigi.shop\/#website\"},\"primaryImageOfPage\":{\"@id\":\"https:\/\/minat.azdigi.shop\/?product=coconut-lime-chanh-va-dua#primaryimage\"},\"image\":{\"@id\":\"https:\/\/minat.azdigi.shop\/?product=coconut-lime-chanh-va-dua#primaryimage\"},\"thumbnailUrl\":\"https:\/\/minat.azdigi.shop\/wp-content\/uploads\/2026\/03\/\ud83e\udd65\ud83c\udf4b.jpg\",\"datePublished\":\"2026-03-24T14:06:00+00:00\",\"dateModified\":\"2026-04-02T13:00:16+00:00\",\"description\":\"N\u1ebfn th\u01a1m Coconut Lime mang s\u1ef1 k\u1ebft h\u1ee3p t\u01b0\u01a1i m\u00e1t gi\u1eefa h\u01b0\u01a1ng chanh thanh nh\u1eb9 v\u00e0 m\u00f9i d\u1eeba b\u00e9o ng\u1eady, t\u1ea1o n\u00ean c\u1ea3m gi\u00e1c v\u1eeba s\u1ea3ng kho\u00e1i v\u1eeba \u1ea5m \u00e1p\",\"breadcrumb\":{\"@id\":\"https:\/\/minat.azdigi.shop\/?product=coconut-lime-chanh-va-dua#breadcrumb\"},\"inLanguage\":\"vi\",\"potentialAction\":[{\"@type\":\"ReadAction\",\"target\":[\"https:\/\/minat.azdigi.shop\/?product=coconut-lime-chanh-va-dua\"]}]},{\"@type\":\"ImageObject\",\"inLanguage\":\"vi\",\"@id\":\"https:\/\/minat.azdigi.shop\/?product=coconut-lime-chanh-va-dua#primaryimage\",\"url\":\"https:\/\/minat.azdigi.shop\/wp-content\/uploads\/2026\/03\/\ud83e\udd65\ud83c\udf4b.jpg\",\"contentUrl\":\"https:\/\/minat.azdigi.shop\/wp-content\/uploads\/2026\/03\/\ud83e\udd65\ud83c\udf4b.jpg\",\"width\":736,\"height\":1104},{\"@type\":\"BreadcrumbList\",\"@id\":\"https:\/\/minat.azdigi.shop\/?product=coconut-lime-chanh-va-dua#breadcrumb\",\"itemListElement\":[{\"@type\":\"ListItem\",\"position\":1,\"name\":\"Trang ch\u1ee7\",\"item\":\"https:\/\/minat.azdigi.shop\/\"},{\"@type\":\"ListItem\",\"position\":2,\"name\":\"C\u1eeda h\u00e0ng\",\"item\":\"https:\/\/minat.azdigi.shop\/?page_id=94\"},{\"@type\":\"ListItem\",\"position\":3,\"name\":\"Coconut Lime: Chanh v\u00e0 d\u1eeba\"}]},{\"@type\":\"WebSite\",\"@id\":\"https:\/\/minat.azdigi.shop\/#website\",\"url\":\"https:\/\/minat.azdigi.shop\/\",\"name\":\"Minat ourcandle\",\"description\":\"\",\"potentialAction\":[{\"@type\":\"SearchAction\",\"target\":{\"@type\":\"EntryPoint\",\"urlTemplate\":\"https:\/\/minat.azdigi.shop\/?s={search_term_string}\"},\"query-input\":{\"@type\":\"PropertyValueSpecification\",\"valueRequired\":true,\"valueName\":\"search_term_string\"}}],\"inLanguage\":\"vi\"}]}<\/script>\n<!-- \/ Yoast SEO plugin. -->","yoast_head_json":{"title":"Coconut Lime: Chanh v\u00e0 d\u1eeba - Minat ourcandle","description":"N\u1ebfn th\u01a1m Coconut Lime mang s\u1ef1 k\u1ebft h\u1ee3p t\u01b0\u01a1i m\u00e1t gi\u1eefa h\u01b0\u01a1ng chanh thanh nh\u1eb9 v\u00e0 m\u00f9i d\u1eeba b\u00e9o ng\u1eady, t\u1ea1o n\u00ean c\u1ea3m gi\u00e1c v\u1eeba s\u1ea3ng kho\u00e1i v\u1eeba \u1ea5m \u00e1p","robots":{"index":"index","follow":"follow","max-snippet":"max-snippet:-1","max-image-preview":"max-image-preview:large","max-video-preview":"max-video-preview:-1"},"canonical":"https:\/\/minat.azdigi.shop\/?product=coconut-lime-chanh-va-dua","og_locale":"vi_VN","og_type":"article","og_title":"Coconut Lime: Chanh v\u00e0 d\u1eeba - Minat ourcandle","og_description":"N\u1ebfn th\u01a1m Coconut Lime mang s\u1ef1 k\u1ebft h\u1ee3p t\u01b0\u01a1i m\u00e1t gi\u1eefa h\u01b0\u01a1ng chanh thanh nh\u1eb9 v\u00e0 m\u00f9i d\u1eeba b\u00e9o ng\u1eady, t\u1ea1o n\u00ean c\u1ea3m gi\u00e1c v\u1eeba s\u1ea3ng kho\u00e1i v\u1eeba \u1ea5m \u00e1p","og_url":"https:\/\/minat.azdigi.shop\/?product=coconut-lime-chanh-va-dua","og_site_name":"Minat ourcandle","article_modified_time":"2026-04-02T13:00:16+00:00","og_image":[{"width":736,"height":1104,"url":"https:\/\/minat.azdigi.shop\/wp-content\/uploads\/2026\/03\/\ud83e\udd65\ud83c\udf4b.jpg","type":"image\/jpeg"}],"twitter_card":"summary_large_image","twitter_misc":{"\u01af\u1edbc t\u00ednh th\u1eddi gian \u0111\u1ecdc":"3 ph\u00fat"},"schema":{"@context":"https:\/\/schema.org","@graph":[{"@type":"WebPage","@id":"https:\/\/minat.azdigi.shop\/?product=coconut-lime-chanh-va-dua","url":"https:\/\/minat.azdigi.shop\/?product=coconut-lime-chanh-va-dua","name":"Coconut Lime: Chanh v\u00e0 d\u1eeba - Minat ourcandle","isPartOf":{"@id":"https:\/\/minat.azdigi.shop\/#website"},"primaryImageOfPage":{"@id":"https:\/\/minat.azdigi.shop\/?product=coconut-lime-chanh-va-dua#primaryimage"},"image":{"@id":"https:\/\/minat.azdigi.shop\/?product=coconut-lime-chanh-va-dua#primaryimage"},"thumbnailUrl":"https:\/\/minat.azdigi.shop\/wp-content\/uploads\/2026\/03\/\ud83e\udd65\ud83c\udf4b.jpg","datePublished":"2026-03-24T14:06:00+00:00","dateModified":"2026-04-02T13:00:16+00:00","description":"N\u1ebfn th\u01a1m Coconut Lime mang s\u1ef1 k\u1ebft h\u1ee3p t\u01b0\u01a1i m\u00e1t gi\u1eefa h\u01b0\u01a1ng chanh thanh nh\u1eb9 v\u00e0 m\u00f9i d\u1eeba b\u00e9o ng\u1eady, t\u1ea1o n\u00ean c\u1ea3m gi\u00e1c v\u1eeba s\u1ea3ng kho\u00e1i v\u1eeba \u1ea5m \u00e1p","breadcrumb":{"@id":"https:\/\/minat.azdigi.shop\/?product=coconut-lime-chanh-va-dua#breadcrumb"},"inLanguage":"vi","potentialAction":[{"@type":"ReadAction","target":["https:\/\/minat.azdigi.shop\/?product=coconut-lime-chanh-va-dua"]}]},{"@type":"ImageObject","inLanguage":"vi","@id":"https:\/\/minat.azdigi.shop\/?product=coconut-lime-chanh-va-dua#primaryimage","url":"https:\/\/minat.azdigi.shop\/wp-content\/uploads\/2026\/03\/\ud83e\udd65\ud83c\udf4b.jpg","contentUrl":"https:\/\/minat.azdigi.shop\/wp-content\/uploads\/2026\/03\/\ud83e\udd65\ud83c\udf4b.jpg","width":736,"height":1104},{"@type":"BreadcrumbList","@id":"https:\/\/minat.azdigi.shop\/?product=coconut-lime-chanh-va-dua#breadcrumb","itemListElement":[{"@type":"ListItem","position":1,"name":"Trang ch\u1ee7","item":"https:\/\/minat.azdigi.shop\/"},{"@type":"ListItem","position":2,"name":"C\u1eeda h\u00e0ng","item":"https:\/\/minat.azdigi.shop\/?page_id=94"},{"@type":"ListItem","position":3,"name":"Coconut Lime: Chanh v\u00e0 d\u1eeba"}]},{"@type":"WebSite","@id":"https:\/\/minat.azdigi.shop\/#website","url":"https:\/\/minat.azdigi.shop\/","name":"Minat ourcandle","description":"","potentialAction":[{"@type":"SearchAction","target":{"@type":"EntryPoint","urlTemplate":"https:\/\/minat.azdigi.shop\/?s={search_term_string}"},"query-input":{"@type":"PropertyValueSpecification","valueRequired":true,"valueName":"search_term_string"}}],"inLanguage":"vi"}]}},"_links":{"self":[{"href":"https:\/\/minat.azdigi.shop\/index.php?rest_route=\/wp\/v2\/product\/275","targetHints":{"allow":["GET"]}}],"collection":[{"href":"https:\/\/minat.azdigi.shop\/index.php?rest_route=\/wp\/v2\/product"}],"about":[{"href":"https:\/\/minat.azdigi.shop\/index.php?rest_route=\/wp\/v2\/types\/product"}],"replies":[{"embeddable":true,"href":"https:\/\/minat.azdigi.shop\/index.php?rest_route=%2Fwp%2Fv2%2Fcomments&post=275"}],"wp:featuredmedia":[{"embeddable":true,"href":"https:\/\/minat.azdigi.shop\/index.php?rest_route=\/wp\/v2\/media\/276"}],"wp:attachment":[{"href":"https:\/\/minat.azdigi.shop\/index.php?rest_route=%2Fwp%2Fv2%2Fmedia&parent=275"}],"wp:term":[{"taxonomy":"product_brand","embeddable":true,"href":"https:\/\/minat.azdigi.shop\/index.php?rest_route=%2Fwp%2Fv2%2Fproduct_brand&post=275"},{"taxonomy":"product_cat","embeddable":true,"href":"https:\/\/minat.azdigi.shop\/index.php?rest_route=%2Fwp%2Fv2%2Fproduct_cat&post=275"},{"taxonomy":"product_tag","embeddable":true,"href":"https:\/\/minat.azdigi.shop\/index.php?rest_route=%2Fwp%2Fv2%2Fproduct_tag&post=275"}],"curies":[{"name":"wp","href":"https:\/\/api.w.org\/{rel}","templated":true}]}}