{"id":277,"date":"2026-03-24T14:18:27","date_gmt":"2026-03-24T14:18:27","guid":{"rendered":"https:\/\/minat.azdigi.shop\/?post_type=product&#038;p=277"},"modified":"2026-04-02T12:55:43","modified_gmt":"2026-04-02T12:55:43","slug":"grapefruit-candle","status":"publish","type":"product","link":"https:\/\/minat.azdigi.shop\/?product=grapefruit-candle","title":{"rendered":"Grapefruit Candle"},"content":{"rendered":"<p data-start=\"297\" data-end=\"700\"><strong data-start=\"297\" data-end=\"318\">Grapefruit Candle<\/strong> l\u00e0 d\u00f2ng n\u1ebfn th\u01a1m mang h\u01b0\u01a1ng b\u01b0\u1edfi t\u01b0\u01a1i m\u00e1t, k\u1ebft h\u1ee3p gi\u1eefa ch\u00fat chua nh\u1eb9 v\u00e0 v\u1ecb ng\u1ecdt thanh \u0111\u1eb7c tr\u01b0ng. \u0110\u00e2y l\u00e0 l\u1ef1a ch\u1ecdn l\u00fd t\u01b0\u1edfng d\u00e0nh cho nh\u1eefng ai y\u00eau th\u00edch m\u00f9i h\u01b0\u01a1ng citrus, mu\u1ed1n kh\u00f4ng gian s\u1ed1ng lu\u00f4n s\u1ea1ch s\u1ebd, t\u01b0\u01a1i m\u1edbi v\u00e0 tr\u00e0n \u0111\u1ea7y n\u0103ng l\u01b0\u1ee3ng t\u00edch c\u1ef1c. N\u1ebfu b\u1ea1n \u0111ang t\u00ecm m\u1ed9t m\u00f9i h\u01b0\u01a1ng gi\u00fap \u201c\u0111\u00e1nh th\u1ee9c\u201d tinh th\u1ea7n v\u00e0 l\u00e0m m\u1edbi c\u0103n ph\u00f2ng, <strong data-start=\"645\" data-end=\"666\">Grapefruit Candle<\/strong> ch\u1eafc ch\u1eafn s\u1ebd l\u00e0 s\u1ea3n ph\u1ea9m ph\u00f9 h\u1ee3p.<\/p>\n<p data-start=\"702\" data-end=\"1057\">Ngay t\u1eeb khi th\u1eafp l\u00ean, <strong data-start=\"724\" data-end=\"745\">Grapefruit Candle<\/strong> lan t\u1ecfa h\u01b0\u01a1ng th\u01a1m s\u1ea3ng kho\u00e1i, mang c\u1ea3m gi\u00e1c t\u01b0\u01a1i s\u00e1ng v\u00e0 nh\u1eb9 nh\u00e0ng. M\u00f9i b\u01b0\u1edfi kh\u00f4ng qu\u00e1 g\u1eaft m\u00e0 r\u1ea5t d\u1ec5 ch\u1ecbu, t\u1ea1o c\u1ea3m gi\u00e1c nh\u01b0 b\u1ea1n \u0111ang b\u01b0\u1edbc v\u00e0o m\u1ed9t bu\u1ed5i s\u00e1ng trong l\u00e0nh v\u1edbi \u00e1nh n\u1eafng d\u1ecbu. \u0110\u00e2y l\u00e0 m\u00f9i h\u01b0\u01a1ng gi\u00fap tinh th\u1ea7n tr\u1edf n\u00ean tho\u1ea3i m\u00e1i h\u01a1n, ph\u00f9 h\u1ee3p cho nh\u1eefng l\u00fac b\u1ea1n c\u1ea7n t\u1eadp trung h\u1ecdc t\u1eadp ho\u1eb7c l\u00e0m vi\u1ec7c t\u1ea1i nh\u00e0.<\/p>\n<p data-start=\"1059\" data-end=\"1443\">M\u1ed9t \u0111i\u1ec3m c\u1ed9ng l\u1edbn c\u1ee7a <strong data-start=\"1081\" data-end=\"1102\">Grapefruit Candle<\/strong> l\u00e0 h\u01b0\u01a1ng th\u01a1m d\u1ec5 d\u00f9ng, ph\u00f9 h\u1ee3p v\u1edbi nhi\u1ec1u kh\u00f4ng gian kh\u00e1c nhau. B\u1ea1n c\u00f3 th\u1ec3 \u0111\u1eb7t n\u1ebfn \u1edf ph\u00f2ng ng\u1ee7, ph\u00f2ng kh\u00e1ch, b\u00e0n h\u1ecdc ho\u1eb7c g\u00f3c l\u00e0m vi\u1ec7c. M\u00f9i h\u01b0\u01a1ng citrus gi\u00fap kh\u00f4ng gian tr\u1edf n\u00ean tho\u00e1ng \u0111\u00e3ng, s\u1ea1ch s\u1ebd v\u00e0 nh\u1eb9 nh\u00e0ng h\u01a1n. \u0110\u00e2y c\u0169ng l\u00e0 l\u1ef1a ch\u1ecdn tuy\u1ec7t v\u1eddi cho nh\u1eefng ai kh\u00f4ng th\u00edch m\u00f9i qu\u00e1 ng\u1ecdt ho\u1eb7c qu\u00e1 tr\u1ea7m, v\u00ec b\u01b0\u1edfi lu\u00f4n mang vibe t\u01b0\u01a1i m\u00e1t t\u1ef1 nhi\u00ean.<\/p>\n<p data-start=\"1445\" data-end=\"1686\">Ngo\u00e0i m\u00f9i h\u01b0\u01a1ng n\u1ed5i b\u1eadt, <strong data-start=\"1470\" data-end=\"1491\">Grapefruit Candle<\/strong> c\u00f2n c\u00f3 thi\u1ebft k\u1ebf t\u1ed1i gi\u1ea3n nh\u01b0ng tr\u1ebb trung, gi\u00fap s\u1ea3n ph\u1ea9m v\u1eeba l\u00e0 n\u1ebfn th\u01a1m v\u1eeba l\u00e0 m\u00f3n decor nh\u1ecf xinh. D\u00f9 kh\u00f4ng th\u1eafp, h\u0169 n\u1ebfn v\u1eabn c\u00f3 th\u1ec3 tr\u1edf th\u00e0nh \u0111i\u1ec3m nh\u1ea5n gi\u00fap kh\u00f4ng gian s\u1ed1ng th\u00eam \u0111\u1eb9p v\u00e0 g\u1ecdn g\u00e0ng.<\/p>\n<p data-start=\"1688\" data-end=\"1992\">B\u00ean c\u1ea1nh \u0111\u00f3, <strong data-start=\"1701\" data-end=\"1722\">Grapefruit Candle<\/strong> c\u0169ng r\u1ea5t th\u00edch h\u1ee3p \u0111\u1ec3 l\u00e0m qu\u00e0 t\u1eb7ng. V\u1edbi m\u00f9i h\u01b0\u01a1ng t\u01b0\u01a1i s\u00e1ng v\u00e0 d\u1ec5 ch\u1ecbu, s\u1ea3n ph\u1ea9m ph\u00f9 h\u1ee3p \u0111\u1ec3 t\u1eb7ng b\u1ea1n b\u00e8, ng\u01b0\u1eddi th\u00e2n trong c\u00e1c d\u1ecbp nh\u01b0 sinh nh\u1eadt, 8\/3, 20\/10 ho\u1eb7c nh\u1eefng ng\u00e0y \u0111\u1eb7c bi\u1ec7t. \u0110\u00e2y l\u00e0 m\u00f3n qu\u00e0 nh\u1ecf nh\u01b0ng mang \u00fd ngh\u0129a v\u1ec1 s\u1ef1 t\u01b0\u01a1i m\u1edbi, n\u0103ng l\u01b0\u1ee3ng v\u00e0 tinh th\u1ea7n t\u00edch c\u1ef1c.<\/p>\n<p data-start=\"1994\" data-end=\"2146\">N\u1ebfu b\u1ea1n mu\u1ed1n m\u1ed9t m\u00f9i h\u01b0\u01a1ng v\u1eeba thanh m\u00e1t v\u1eeba gi\u00fap kh\u00f4ng gian tr\u1edf n\u00ean tr\u00e0n \u0111\u1ea7y s\u1ee9c s\u1ed1ng, <strong data-start=\"2082\" data-end=\"2103\">Grapefruit Candle<\/strong> ch\u1eafc ch\u1eafn l\u00e0 l\u1ef1a ch\u1ecdn \u0111\u00e1ng \u0111\u1ec3 tr\u1ea3i nghi\u1ec7m.<\/p>\n<p data-start=\"260\" data-end=\"383\"><a href=\"https:\/\/minat.azdigi.shop\/?p=88\">https:\/\/minat.azdigi.shop\/?p=88<\/a><\/p>\n","protected":false},"excerpt":{"rendered":"<p>Grapefruit Candle l\u00e0 d\u00f2ng n\u1ebfn th\u01a1m mang h\u01b0\u01a1ng b\u01b0\u1edfi t\u01b0\u01a1i m\u00e1t, k\u1ebft h\u1ee3p gi\u1eefa ch\u00fat chua nh\u1eb9 v\u00e0 v\u1ecb ng\u1ecdt thanh \u0111\u1eb7c tr\u01b0ng. \u0110\u00e2y l\u00e0 l\u1ef1a ch\u1ecdn l\u00fd t\u01b0\u1edfng d\u00e0nh cho nh\u1eefng ai y\u00eau th\u00edch m\u00f9i h\u01b0\u01a1ng citrus, mu\u1ed1n kh\u00f4ng gian s\u1ed1ng lu\u00f4n s\u1ea1ch s\u1ebd, t\u01b0\u01a1i m\u1edbi v\u00e0 tr\u00e0n \u0111\u1ea7y n\u0103ng l\u01b0\u1ee3ng t\u00edch c\u1ef1c. N\u1ebfu [&#8230;]\n","protected":false},"featured_media":278,"comment_status":"open","ping_status":"closed","template":"","meta":[],"product_brand":[],"product_cat":[19,28],"product_tag":[],"class_list":{"0":"post-277","1":"product","2":"type-product","3":"status-publish","4":"has-post-thumbnail","6":"product_cat-https-minat-azdigi-shop-best-seller","7":"product_cat-fruit-whisper","9":"first","10":"instock","11":"shipping-taxable","12":"purchasable","13":"product-type-simple"},"yoast_head":"<!-- This site is optimized with the Yoast SEO plugin v27.1.1 - https:\/\/yoast.com\/product\/yoast-seo-wordpress\/ -->\n<title>Grapefruit Candle - Minat ourcandle<\/title>\n<meta name=\"description\" content=\"N\u1ebfn th\u01a1m Grapefruit Candle mang h\u01b0\u01a1ng b\u01b0\u1edfi t\u01b0\u01a1i m\u00e1t, k\u1ebft h\u1ee3p gi\u1eefa v\u1ecb chua nh\u1eb9 v\u00e0 ch\u00fat ng\u1ecdt thanh \u0111\u1eb7c tr\u01b0ng, t\u1ea1o c\u1ea3m gi\u00e1c th\u01b0 gi\u00e3n, d\u1ec5 ch\u1ecbu.\" \/>\n<meta name=\"robots\" content=\"index, follow, max-snippet:-1, max-image-preview:large, max-video-preview:-1\" \/>\n<link rel=\"canonical\" href=\"https:\/\/minat.azdigi.shop\/?product=grapefruit-candle\" \/>\n<meta property=\"og:locale\" content=\"vi_VN\" \/>\n<meta property=\"og:type\" content=\"article\" \/>\n<meta property=\"og:title\" content=\"Grapefruit Candle - Minat ourcandle\" \/>\n<meta property=\"og:description\" content=\"N\u1ebfn th\u01a1m Grapefruit Candle mang h\u01b0\u01a1ng b\u01b0\u1edfi t\u01b0\u01a1i m\u00e1t, k\u1ebft h\u1ee3p gi\u1eefa v\u1ecb chua nh\u1eb9 v\u00e0 ch\u00fat ng\u1ecdt thanh \u0111\u1eb7c tr\u01b0ng, t\u1ea1o c\u1ea3m gi\u00e1c th\u01b0 gi\u00e3n, d\u1ec5 ch\u1ecbu.\" \/>\n<meta property=\"og:url\" content=\"https:\/\/minat.azdigi.shop\/?product=grapefruit-candle\" \/>\n<meta property=\"og:site_name\" content=\"Minat ourcandle\" \/>\n<meta property=\"article:modified_time\" content=\"2026-04-02T12:55:43+00:00\" \/>\n<meta property=\"og:image\" content=\"https:\/\/minat.azdigi.shop\/wp-content\/uploads\/2026\/03\/Capture-1.png\" \/>\n\t<meta property=\"og:image:width\" content=\"641\" \/>\n\t<meta property=\"og:image:height\" content=\"535\" \/>\n\t<meta property=\"og:image:type\" content=\"image\/png\" \/>\n<meta name=\"twitter:card\" content=\"summary_large_image\" \/>\n<meta name=\"twitter:label1\" content=\"\u01af\u1edbc t\u00ednh th\u1eddi gian \u0111\u1ecdc\" \/>\n\t<meta name=\"twitter:data1\" content=\"3 ph\u00fat\" \/>\n<script type=\"application\/ld+json\" class=\"yoast-schema-graph\">{\"@context\":\"https:\/\/schema.org\",\"@graph\":[{\"@type\":\"WebPage\",\"@id\":\"https:\/\/minat.azdigi.shop\/?product=grapefruit-candle\",\"url\":\"https:\/\/minat.azdigi.shop\/?product=grapefruit-candle\",\"name\":\"Grapefruit Candle - Minat ourcandle\",\"isPartOf\":{\"@id\":\"https:\/\/minat.azdigi.shop\/#website\"},\"primaryImageOfPage\":{\"@id\":\"https:\/\/minat.azdigi.shop\/?product=grapefruit-candle#primaryimage\"},\"image\":{\"@id\":\"https:\/\/minat.azdigi.shop\/?product=grapefruit-candle#primaryimage\"},\"thumbnailUrl\":\"https:\/\/minat.azdigi.shop\/wp-content\/uploads\/2026\/03\/Capture-1.png\",\"datePublished\":\"2026-03-24T14:18:27+00:00\",\"dateModified\":\"2026-04-02T12:55:43+00:00\",\"description\":\"N\u1ebfn th\u01a1m Grapefruit Candle mang h\u01b0\u01a1ng b\u01b0\u1edfi t\u01b0\u01a1i m\u00e1t, k\u1ebft h\u1ee3p gi\u1eefa v\u1ecb chua nh\u1eb9 v\u00e0 ch\u00fat ng\u1ecdt thanh \u0111\u1eb7c tr\u01b0ng, t\u1ea1o c\u1ea3m gi\u00e1c th\u01b0 gi\u00e3n, d\u1ec5 ch\u1ecbu.\",\"breadcrumb\":{\"@id\":\"https:\/\/minat.azdigi.shop\/?product=grapefruit-candle#breadcrumb\"},\"inLanguage\":\"vi\",\"potentialAction\":[{\"@type\":\"ReadAction\",\"target\":[\"https:\/\/minat.azdigi.shop\/?product=grapefruit-candle\"]}]},{\"@type\":\"ImageObject\",\"inLanguage\":\"vi\",\"@id\":\"https:\/\/minat.azdigi.shop\/?product=grapefruit-candle#primaryimage\",\"url\":\"https:\/\/minat.azdigi.shop\/wp-content\/uploads\/2026\/03\/Capture-1.png\",\"contentUrl\":\"https:\/\/minat.azdigi.shop\/wp-content\/uploads\/2026\/03\/Capture-1.png\",\"width\":641,\"height\":535},{\"@type\":\"BreadcrumbList\",\"@id\":\"https:\/\/minat.azdigi.shop\/?product=grapefruit-candle#breadcrumb\",\"itemListElement\":[{\"@type\":\"ListItem\",\"position\":1,\"name\":\"Trang ch\u1ee7\",\"item\":\"https:\/\/minat.azdigi.shop\/\"},{\"@type\":\"ListItem\",\"position\":2,\"name\":\"C\u1eeda h\u00e0ng\",\"item\":\"https:\/\/minat.azdigi.shop\/?page_id=94\"},{\"@type\":\"ListItem\",\"position\":3,\"name\":\"Grapefruit Candle\"}]},{\"@type\":\"WebSite\",\"@id\":\"https:\/\/minat.azdigi.shop\/#website\",\"url\":\"https:\/\/minat.azdigi.shop\/\",\"name\":\"Minat ourcandle\",\"description\":\"\",\"potentialAction\":[{\"@type\":\"SearchAction\",\"target\":{\"@type\":\"EntryPoint\",\"urlTemplate\":\"https:\/\/minat.azdigi.shop\/?s={search_term_string}\"},\"query-input\":{\"@type\":\"PropertyValueSpecification\",\"valueRequired\":true,\"valueName\":\"search_term_string\"}}],\"inLanguage\":\"vi\"}]}<\/script>\n<!-- \/ Yoast SEO plugin. -->","yoast_head_json":{"title":"Grapefruit Candle - Minat ourcandle","description":"N\u1ebfn th\u01a1m Grapefruit Candle mang h\u01b0\u01a1ng b\u01b0\u1edfi t\u01b0\u01a1i m\u00e1t, k\u1ebft h\u1ee3p gi\u1eefa v\u1ecb chua nh\u1eb9 v\u00e0 ch\u00fat ng\u1ecdt thanh \u0111\u1eb7c tr\u01b0ng, t\u1ea1o c\u1ea3m gi\u00e1c th\u01b0 gi\u00e3n, d\u1ec5 ch\u1ecbu.","robots":{"index":"index","follow":"follow","max-snippet":"max-snippet:-1","max-image-preview":"max-image-preview:large","max-video-preview":"max-video-preview:-1"},"canonical":"https:\/\/minat.azdigi.shop\/?product=grapefruit-candle","og_locale":"vi_VN","og_type":"article","og_title":"Grapefruit Candle - Minat ourcandle","og_description":"N\u1ebfn th\u01a1m Grapefruit Candle mang h\u01b0\u01a1ng b\u01b0\u1edfi t\u01b0\u01a1i m\u00e1t, k\u1ebft h\u1ee3p gi\u1eefa v\u1ecb chua nh\u1eb9 v\u00e0 ch\u00fat ng\u1ecdt thanh \u0111\u1eb7c tr\u01b0ng, t\u1ea1o c\u1ea3m gi\u00e1c th\u01b0 gi\u00e3n, d\u1ec5 ch\u1ecbu.","og_url":"https:\/\/minat.azdigi.shop\/?product=grapefruit-candle","og_site_name":"Minat ourcandle","article_modified_time":"2026-04-02T12:55:43+00:00","og_image":[{"width":641,"height":535,"url":"https:\/\/minat.azdigi.shop\/wp-content\/uploads\/2026\/03\/Capture-1.png","type":"image\/png"}],"twitter_card":"summary_large_image","twitter_misc":{"\u01af\u1edbc t\u00ednh th\u1eddi gian \u0111\u1ecdc":"3 ph\u00fat"},"schema":{"@context":"https:\/\/schema.org","@graph":[{"@type":"WebPage","@id":"https:\/\/minat.azdigi.shop\/?product=grapefruit-candle","url":"https:\/\/minat.azdigi.shop\/?product=grapefruit-candle","name":"Grapefruit Candle - Minat ourcandle","isPartOf":{"@id":"https:\/\/minat.azdigi.shop\/#website"},"primaryImageOfPage":{"@id":"https:\/\/minat.azdigi.shop\/?product=grapefruit-candle#primaryimage"},"image":{"@id":"https:\/\/minat.azdigi.shop\/?product=grapefruit-candle#primaryimage"},"thumbnailUrl":"https:\/\/minat.azdigi.shop\/wp-content\/uploads\/2026\/03\/Capture-1.png","datePublished":"2026-03-24T14:18:27+00:00","dateModified":"2026-04-02T12:55:43+00:00","description":"N\u1ebfn th\u01a1m Grapefruit Candle mang h\u01b0\u01a1ng b\u01b0\u1edfi t\u01b0\u01a1i m\u00e1t, k\u1ebft h\u1ee3p gi\u1eefa v\u1ecb chua nh\u1eb9 v\u00e0 ch\u00fat ng\u1ecdt thanh \u0111\u1eb7c tr\u01b0ng, t\u1ea1o c\u1ea3m gi\u00e1c th\u01b0 gi\u00e3n, d\u1ec5 ch\u1ecbu.","breadcrumb":{"@id":"https:\/\/minat.azdigi.shop\/?product=grapefruit-candle#breadcrumb"},"inLanguage":"vi","potentialAction":[{"@type":"ReadAction","target":["https:\/\/minat.azdigi.shop\/?product=grapefruit-candle"]}]},{"@type":"ImageObject","inLanguage":"vi","@id":"https:\/\/minat.azdigi.shop\/?product=grapefruit-candle#primaryimage","url":"https:\/\/minat.azdigi.shop\/wp-content\/uploads\/2026\/03\/Capture-1.png","contentUrl":"https:\/\/minat.azdigi.shop\/wp-content\/uploads\/2026\/03\/Capture-1.png","width":641,"height":535},{"@type":"BreadcrumbList","@id":"https:\/\/minat.azdigi.shop\/?product=grapefruit-candle#breadcrumb","itemListElement":[{"@type":"ListItem","position":1,"name":"Trang ch\u1ee7","item":"https:\/\/minat.azdigi.shop\/"},{"@type":"ListItem","position":2,"name":"C\u1eeda h\u00e0ng","item":"https:\/\/minat.azdigi.shop\/?page_id=94"},{"@type":"ListItem","position":3,"name":"Grapefruit Candle"}]},{"@type":"WebSite","@id":"https:\/\/minat.azdigi.shop\/#website","url":"https:\/\/minat.azdigi.shop\/","name":"Minat ourcandle","description":"","potentialAction":[{"@type":"SearchAction","target":{"@type":"EntryPoint","urlTemplate":"https:\/\/minat.azdigi.shop\/?s={search_term_string}"},"query-input":{"@type":"PropertyValueSpecification","valueRequired":true,"valueName":"search_term_string"}}],"inLanguage":"vi"}]}},"_links":{"self":[{"href":"https:\/\/minat.azdigi.shop\/index.php?rest_route=\/wp\/v2\/product\/277","targetHints":{"allow":["GET"]}}],"collection":[{"href":"https:\/\/minat.azdigi.shop\/index.php?rest_route=\/wp\/v2\/product"}],"about":[{"href":"https:\/\/minat.azdigi.shop\/index.php?rest_route=\/wp\/v2\/types\/product"}],"replies":[{"embeddable":true,"href":"https:\/\/minat.azdigi.shop\/index.php?rest_route=%2Fwp%2Fv2%2Fcomments&post=277"}],"wp:featuredmedia":[{"embeddable":true,"href":"https:\/\/minat.azdigi.shop\/index.php?rest_route=\/wp\/v2\/media\/278"}],"wp:attachment":[{"href":"https:\/\/minat.azdigi.shop\/index.php?rest_route=%2Fwp%2Fv2%2Fmedia&parent=277"}],"wp:term":[{"taxonomy":"product_brand","embeddable":true,"href":"https:\/\/minat.azdigi.shop\/index.php?rest_route=%2Fwp%2Fv2%2Fproduct_brand&post=277"},{"taxonomy":"product_cat","embeddable":true,"href":"https:\/\/minat.azdigi.shop\/index.php?rest_route=%2Fwp%2Fv2%2Fproduct_cat&post=277"},{"taxonomy":"product_tag","embeddable":true,"href":"https:\/\/minat.azdigi.shop\/index.php?rest_route=%2Fwp%2Fv2%2Fproduct_tag&post=277"}],"curies":[{"name":"wp","href":"https:\/\/api.w.org\/{rel}","templated":true}]}}