{"id":283,"date":"2026-03-24T14:46:31","date_gmt":"2026-03-24T14:46:31","guid":{"rendered":"https:\/\/minat.azdigi.shop\/?post_type=product&#038;p=283"},"modified":"2026-04-02T12:43:15","modified_gmt":"2026-04-02T12:43:15","slug":"tomato-basil-candle","status":"publish","type":"product","link":"https:\/\/minat.azdigi.shop\/?product=tomato-basil-candle","title":{"rendered":"Tomato Basil Candle"},"content":{"rendered":"<p data-start=\"306\" data-end=\"601\"><strong data-start=\"306\" data-end=\"329\">Tomato Basil Candle<\/strong> l\u00e0 d\u00f2ng n\u1ebfn th\u01a1m mang phong c\u00e1ch \u0111\u1ed9c \u0111\u00e1o, l\u1ea5y c\u1ea3m h\u1ee9ng t\u1eeb khu v\u01b0\u1eddn xanh m\u00e1t v\u1edbi h\u01b0\u01a1ng c\u00e0 chua t\u01b0\u01a1i v\u00e0 l\u00e1 h\u00fang qu\u1ebf d\u1ecbu nh\u1eb9. \u0110\u00e2y l\u00e0 l\u1ef1a ch\u1ecdn ho\u00e0n h\u1ea3o d\u00e0nh cho nh\u1eefng ai y\u00eau th\u00edch m\u00f9i h\u01b0\u01a1ng t\u1ef1 nhi\u00ean, s\u1ea1ch s\u1ebd v\u00e0 c\u00f3 ch\u00fat \u201cniche\u201d kh\u00e1c bi\u1ec7t so v\u1edbi c\u00e1c d\u00f2ng n\u1ebfn ng\u1ecdt th\u00f4ng th\u01b0\u1eddng.<\/p>\n<p data-start=\"603\" data-end=\"978\">Khi th\u1eafp l\u00ean, <strong data-start=\"617\" data-end=\"640\">Tomato Basil Candle<\/strong> lan t\u1ecfa m\u00f9i h\u01b0\u01a1ng t\u01b0\u01a1i xanh, mang c\u1ea3m gi\u00e1c nh\u1eb9 nh\u00e0ng nh\u01b0 \u0111ang b\u01b0\u1edbc v\u00e0o m\u1ed9t khu v\u01b0\u1eddn sau c\u01a1n m\u01b0a. H\u01b0\u01a1ng c\u00e0 chua t\u1ea1o c\u1ea3m gi\u00e1c thanh m\u00e1t, trong tr\u1ebbo, k\u1ebft h\u1ee3p c\u00f9ng basil (h\u00fang qu\u1ebf) t\u1ea1o n\u00ean s\u1ef1 tinh t\u1ebf v\u00e0 d\u1ec5 ch\u1ecbu. M\u00f9i h\u01b0\u01a1ng kh\u00f4ng qu\u00e1 n\u1ed3ng, kh\u00f4ng g\u1eaft, ph\u00f9 h\u1ee3p cho nh\u1eefng ai th\u00edch vibe thi\u00ean nhi\u00ean v\u00e0 mu\u1ed1n kh\u00f4ng gian s\u1ed1ng tr\u1edf n\u00ean tho\u00e1ng \u0111\u00e3ng h\u01a1n.<\/p>\n<p data-start=\"980\" data-end=\"1322\"><strong data-start=\"980\" data-end=\"1003\">Tomato Basil Candle<\/strong> r\u1ea5t th\u00edch h\u1ee3p \u0111\u1ec3 s\u1eed d\u1ee5ng v\u00e0o ban ng\u00e0y, \u0111\u1eb7c bi\u1ec7t l\u00e0 khi b\u1ea1n c\u1ea7n t\u1eadp trung h\u1ecdc t\u1eadp ho\u1eb7c l\u00e0m vi\u1ec7c. H\u01b0\u01a1ng th\u01a1m t\u01b0\u01a1i m\u00e1t gi\u00fap tinh th\u1ea7n t\u1ec9nh t\u00e1o h\u01a1n, t\u1ea1o c\u1ea3m gi\u00e1c th\u01b0 gi\u00e3n nh\u01b0ng v\u1eabn \u0111\u1ea7y n\u0103ng l\u01b0\u1ee3ng. Ngo\u00e0i ra, s\u1ea3n ph\u1ea9m c\u0169ng ph\u00f9 h\u1ee3p \u0111\u1ec3 \u0111\u1eb7t trong ph\u00f2ng kh\u00e1ch, ph\u00f2ng b\u1ebfp ho\u1eb7c g\u00f3c l\u00e0m vi\u1ec7c, mang \u0111\u1ebfn c\u1ea3m gi\u00e1c s\u1ea1ch s\u1ebd v\u00e0 hi\u1ec7n \u0111\u1ea1i.<\/p>\n<p data-start=\"1324\" data-end=\"1693\">Kh\u00f4ng ch\u1ec9 n\u1ed5i b\u1eadt v\u1ec1 m\u00f9i h\u01b0\u01a1ng, <strong data-start=\"1356\" data-end=\"1379\">Tomato Basil Candle<\/strong> c\u00f2n c\u00f3 thi\u1ebft k\u1ebf t\u1ed1i gi\u1ea3n nh\u01b0ng tinh t\u1ebf, d\u1ec5 ph\u1ed1i v\u1edbi nhi\u1ec1u phong c\u00e1ch trang tr\u00ed kh\u00e1c nhau. D\u00f9 kh\u00f4ng th\u1eafp, s\u1ea3n ph\u1ea9m v\u1eabn c\u00f3 th\u1ec3 tr\u1edf th\u00e0nh m\u1ed9t m\u00f3n decor \u0111\u1eb9p m\u1eaft cho kh\u00f4ng gian s\u1ed1ng. V\u1edbi vibe xanh m\u00e1t v\u00e0 kh\u00e1c bi\u1ec7t, \u0111\u00e2y l\u00e0 d\u00f2ng n\u1ebfn r\u1ea5t ph\u00f9 h\u1ee3p cho nh\u1eefng ai y\u00eau th\u00edch phong c\u00e1ch s\u1ed1ng t\u1ed1i gi\u1ea3n v\u00e0 g\u1ea7n g\u0169i v\u1edbi thi\u00ean nhi\u00ean.<\/p>\n<p data-start=\"1695\" data-end=\"1899\">Ngo\u00e0i ra, <strong data-start=\"1705\" data-end=\"1728\">Tomato Basil Candle<\/strong> c\u0169ng l\u00e0 m\u1ed9t m\u00f3n qu\u00e0 t\u1eb7ng \u0111\u1eb7c bi\u1ec7t d\u00e0nh cho b\u1ea1n b\u00e8 ho\u1eb7c ng\u01b0\u1eddi th\u00e2n. N\u1ebfu ng\u01b0\u1eddi nh\u1eadn th\u00edch m\u00f9i h\u01b0\u01a1ng \u0111\u1ed9c l\u1ea1 v\u00e0 kh\u00f4ng qu\u00e1 ng\u1ecdt, \u0111\u00e2y s\u1ebd l\u00e0 l\u1ef1a ch\u1ecdn c\u1ef1c k\u1ef3 \u1ea5n t\u01b0\u1ee3ng v\u00e0 tinh t\u1ebf.<\/p>\n<p data-start=\"1901\" data-end=\"2024\">N\u1ebfu b\u1ea1n \u0111ang t\u00ecm m\u1ed9t m\u00f9i h\u01b0\u01a1ng m\u1edbi l\u1ea1 nh\u01b0ng v\u1eabn d\u1ec5 ch\u1ecbu, <strong data-start=\"1958\" data-end=\"1981\">Tomato Basil Candle<\/strong> ch\u1eafc ch\u1eafn l\u00e0 s\u1ea3n ph\u1ea9m \u0111\u00e1ng \u0111\u1ec3 tr\u1ea3i nghi\u1ec7m.<\/p>\n<p data-start=\"326\" data-end=\"433\"><a href=\"https:\/\/minat.azdigi.shop\/?p=88\">https:\/\/minat.azdigi.shop\/?p=88<\/a><\/p>\n","protected":false},"excerpt":{"rendered":"<p>Tomato Basil Candle l\u00e0 d\u00f2ng n\u1ebfn th\u01a1m mang phong c\u00e1ch \u0111\u1ed9c \u0111\u00e1o, l\u1ea5y c\u1ea3m h\u1ee9ng t\u1eeb khu v\u01b0\u1eddn xanh m\u00e1t v\u1edbi h\u01b0\u01a1ng c\u00e0 chua t\u01b0\u01a1i v\u00e0 l\u00e1 h\u00fang qu\u1ebf d\u1ecbu nh\u1eb9. \u0110\u00e2y l\u00e0 l\u1ef1a ch\u1ecdn ho\u00e0n h\u1ea3o d\u00e0nh cho nh\u1eefng ai y\u00eau th\u00edch m\u00f9i h\u01b0\u01a1ng t\u1ef1 nhi\u00ean, s\u1ea1ch s\u1ebd v\u00e0 c\u00f3 ch\u00fat \u201cniche\u201d kh\u00e1c bi\u1ec7t [&#8230;]\n","protected":false},"featured_media":284,"comment_status":"open","ping_status":"closed","template":"","meta":[],"product_brand":[],"product_cat":[28],"product_tag":[],"class_list":{"0":"post-283","1":"product","2":"type-product","3":"status-publish","4":"has-post-thumbnail","6":"product_cat-fruit-whisper","8":"first","9":"instock","10":"shipping-taxable","11":"purchasable","12":"product-type-simple"},"yoast_head":"<!-- This site is optimized with the Yoast SEO plugin v27.1.1 - https:\/\/yoast.com\/product\/yoast-seo-wordpress\/ -->\n<title>Tomato Basil Candle - Minat ourcandle<\/title>\n<meta name=\"description\" content=\"N\u1ebfn th\u01a1m Tomato Basil mang h\u01b0\u01a1ng c\u00e0 chua t\u01b0\u01a1i xanh k\u1ebft h\u1ee3p c\u00f9ng h\u00fang qu\u1ebf d\u1ecbu nh\u1eb9, t\u1ea1o n\u00ean c\u1ea3m gi\u00e1c t\u1ef1 nhi\u00ean v\u00e0 thanh m\u00e1t nh\u01b0 m\u1ed9t khu v\u01b0\u1eddn nh\u1ecf.\" \/>\n<meta name=\"robots\" content=\"index, follow, max-snippet:-1, max-image-preview:large, max-video-preview:-1\" \/>\n<link rel=\"canonical\" href=\"https:\/\/minat.azdigi.shop\/?product=tomato-basil-candle\" \/>\n<meta property=\"og:locale\" content=\"vi_VN\" \/>\n<meta property=\"og:type\" content=\"article\" \/>\n<meta property=\"og:title\" content=\"Tomato Basil Candle - Minat ourcandle\" \/>\n<meta property=\"og:description\" content=\"N\u1ebfn th\u01a1m Tomato Basil mang h\u01b0\u01a1ng c\u00e0 chua t\u01b0\u01a1i xanh k\u1ebft h\u1ee3p c\u00f9ng h\u00fang qu\u1ebf d\u1ecbu nh\u1eb9, t\u1ea1o n\u00ean c\u1ea3m gi\u00e1c t\u1ef1 nhi\u00ean v\u00e0 thanh m\u00e1t nh\u01b0 m\u1ed9t khu v\u01b0\u1eddn nh\u1ecf.\" \/>\n<meta property=\"og:url\" content=\"https:\/\/minat.azdigi.shop\/?product=tomato-basil-candle\" \/>\n<meta property=\"og:site_name\" content=\"Minat ourcandle\" \/>\n<meta property=\"article:modified_time\" content=\"2026-04-02T12:43:15+00:00\" \/>\n<meta property=\"og:image\" content=\"https:\/\/minat.azdigi.shop\/wp-content\/uploads\/2026\/03\/Capture2.png\" \/>\n\t<meta property=\"og:image:width\" content=\"522\" \/>\n\t<meta property=\"og:image:height\" content=\"535\" \/>\n\t<meta property=\"og:image:type\" content=\"image\/png\" \/>\n<meta name=\"twitter:card\" content=\"summary_large_image\" \/>\n<meta name=\"twitter:label1\" content=\"\u01af\u1edbc t\u00ednh th\u1eddi gian \u0111\u1ecdc\" \/>\n\t<meta name=\"twitter:data1\" content=\"3 ph\u00fat\" \/>\n<script type=\"application\/ld+json\" class=\"yoast-schema-graph\">{\"@context\":\"https:\/\/schema.org\",\"@graph\":[{\"@type\":\"WebPage\",\"@id\":\"https:\/\/minat.azdigi.shop\/?product=tomato-basil-candle\",\"url\":\"https:\/\/minat.azdigi.shop\/?product=tomato-basil-candle\",\"name\":\"Tomato Basil Candle - Minat ourcandle\",\"isPartOf\":{\"@id\":\"https:\/\/minat.azdigi.shop\/#website\"},\"primaryImageOfPage\":{\"@id\":\"https:\/\/minat.azdigi.shop\/?product=tomato-basil-candle#primaryimage\"},\"image\":{\"@id\":\"https:\/\/minat.azdigi.shop\/?product=tomato-basil-candle#primaryimage\"},\"thumbnailUrl\":\"https:\/\/minat.azdigi.shop\/wp-content\/uploads\/2026\/03\/Capture2.png\",\"datePublished\":\"2026-03-24T14:46:31+00:00\",\"dateModified\":\"2026-04-02T12:43:15+00:00\",\"description\":\"N\u1ebfn th\u01a1m Tomato Basil mang h\u01b0\u01a1ng c\u00e0 chua t\u01b0\u01a1i xanh k\u1ebft h\u1ee3p c\u00f9ng h\u00fang qu\u1ebf d\u1ecbu nh\u1eb9, t\u1ea1o n\u00ean c\u1ea3m gi\u00e1c t\u1ef1 nhi\u00ean v\u00e0 thanh m\u00e1t nh\u01b0 m\u1ed9t khu v\u01b0\u1eddn nh\u1ecf.\",\"breadcrumb\":{\"@id\":\"https:\/\/minat.azdigi.shop\/?product=tomato-basil-candle#breadcrumb\"},\"inLanguage\":\"vi\",\"potentialAction\":[{\"@type\":\"ReadAction\",\"target\":[\"https:\/\/minat.azdigi.shop\/?product=tomato-basil-candle\"]}]},{\"@type\":\"ImageObject\",\"inLanguage\":\"vi\",\"@id\":\"https:\/\/minat.azdigi.shop\/?product=tomato-basil-candle#primaryimage\",\"url\":\"https:\/\/minat.azdigi.shop\/wp-content\/uploads\/2026\/03\/Capture2.png\",\"contentUrl\":\"https:\/\/minat.azdigi.shop\/wp-content\/uploads\/2026\/03\/Capture2.png\",\"width\":522,\"height\":535},{\"@type\":\"BreadcrumbList\",\"@id\":\"https:\/\/minat.azdigi.shop\/?product=tomato-basil-candle#breadcrumb\",\"itemListElement\":[{\"@type\":\"ListItem\",\"position\":1,\"name\":\"Trang ch\u1ee7\",\"item\":\"https:\/\/minat.azdigi.shop\/\"},{\"@type\":\"ListItem\",\"position\":2,\"name\":\"C\u1eeda h\u00e0ng\",\"item\":\"https:\/\/minat.azdigi.shop\/?page_id=94\"},{\"@type\":\"ListItem\",\"position\":3,\"name\":\"Tomato Basil Candle\"}]},{\"@type\":\"WebSite\",\"@id\":\"https:\/\/minat.azdigi.shop\/#website\",\"url\":\"https:\/\/minat.azdigi.shop\/\",\"name\":\"Minat ourcandle\",\"description\":\"\",\"potentialAction\":[{\"@type\":\"SearchAction\",\"target\":{\"@type\":\"EntryPoint\",\"urlTemplate\":\"https:\/\/minat.azdigi.shop\/?s={search_term_string}\"},\"query-input\":{\"@type\":\"PropertyValueSpecification\",\"valueRequired\":true,\"valueName\":\"search_term_string\"}}],\"inLanguage\":\"vi\"}]}<\/script>\n<!-- \/ Yoast SEO plugin. -->","yoast_head_json":{"title":"Tomato Basil Candle - Minat ourcandle","description":"N\u1ebfn th\u01a1m Tomato Basil mang h\u01b0\u01a1ng c\u00e0 chua t\u01b0\u01a1i xanh k\u1ebft h\u1ee3p c\u00f9ng h\u00fang qu\u1ebf d\u1ecbu nh\u1eb9, t\u1ea1o n\u00ean c\u1ea3m gi\u00e1c t\u1ef1 nhi\u00ean v\u00e0 thanh m\u00e1t nh\u01b0 m\u1ed9t khu v\u01b0\u1eddn nh\u1ecf.","robots":{"index":"index","follow":"follow","max-snippet":"max-snippet:-1","max-image-preview":"max-image-preview:large","max-video-preview":"max-video-preview:-1"},"canonical":"https:\/\/minat.azdigi.shop\/?product=tomato-basil-candle","og_locale":"vi_VN","og_type":"article","og_title":"Tomato Basil Candle - Minat ourcandle","og_description":"N\u1ebfn th\u01a1m Tomato Basil mang h\u01b0\u01a1ng c\u00e0 chua t\u01b0\u01a1i xanh k\u1ebft h\u1ee3p c\u00f9ng h\u00fang qu\u1ebf d\u1ecbu nh\u1eb9, t\u1ea1o n\u00ean c\u1ea3m gi\u00e1c t\u1ef1 nhi\u00ean v\u00e0 thanh m\u00e1t nh\u01b0 m\u1ed9t khu v\u01b0\u1eddn nh\u1ecf.","og_url":"https:\/\/minat.azdigi.shop\/?product=tomato-basil-candle","og_site_name":"Minat ourcandle","article_modified_time":"2026-04-02T12:43:15+00:00","og_image":[{"width":522,"height":535,"url":"https:\/\/minat.azdigi.shop\/wp-content\/uploads\/2026\/03\/Capture2.png","type":"image\/png"}],"twitter_card":"summary_large_image","twitter_misc":{"\u01af\u1edbc t\u00ednh th\u1eddi gian \u0111\u1ecdc":"3 ph\u00fat"},"schema":{"@context":"https:\/\/schema.org","@graph":[{"@type":"WebPage","@id":"https:\/\/minat.azdigi.shop\/?product=tomato-basil-candle","url":"https:\/\/minat.azdigi.shop\/?product=tomato-basil-candle","name":"Tomato Basil Candle - Minat ourcandle","isPartOf":{"@id":"https:\/\/minat.azdigi.shop\/#website"},"primaryImageOfPage":{"@id":"https:\/\/minat.azdigi.shop\/?product=tomato-basil-candle#primaryimage"},"image":{"@id":"https:\/\/minat.azdigi.shop\/?product=tomato-basil-candle#primaryimage"},"thumbnailUrl":"https:\/\/minat.azdigi.shop\/wp-content\/uploads\/2026\/03\/Capture2.png","datePublished":"2026-03-24T14:46:31+00:00","dateModified":"2026-04-02T12:43:15+00:00","description":"N\u1ebfn th\u01a1m Tomato Basil mang h\u01b0\u01a1ng c\u00e0 chua t\u01b0\u01a1i xanh k\u1ebft h\u1ee3p c\u00f9ng h\u00fang qu\u1ebf d\u1ecbu nh\u1eb9, t\u1ea1o n\u00ean c\u1ea3m gi\u00e1c t\u1ef1 nhi\u00ean v\u00e0 thanh m\u00e1t nh\u01b0 m\u1ed9t khu v\u01b0\u1eddn nh\u1ecf.","breadcrumb":{"@id":"https:\/\/minat.azdigi.shop\/?product=tomato-basil-candle#breadcrumb"},"inLanguage":"vi","potentialAction":[{"@type":"ReadAction","target":["https:\/\/minat.azdigi.shop\/?product=tomato-basil-candle"]}]},{"@type":"ImageObject","inLanguage":"vi","@id":"https:\/\/minat.azdigi.shop\/?product=tomato-basil-candle#primaryimage","url":"https:\/\/minat.azdigi.shop\/wp-content\/uploads\/2026\/03\/Capture2.png","contentUrl":"https:\/\/minat.azdigi.shop\/wp-content\/uploads\/2026\/03\/Capture2.png","width":522,"height":535},{"@type":"BreadcrumbList","@id":"https:\/\/minat.azdigi.shop\/?product=tomato-basil-candle#breadcrumb","itemListElement":[{"@type":"ListItem","position":1,"name":"Trang ch\u1ee7","item":"https:\/\/minat.azdigi.shop\/"},{"@type":"ListItem","position":2,"name":"C\u1eeda h\u00e0ng","item":"https:\/\/minat.azdigi.shop\/?page_id=94"},{"@type":"ListItem","position":3,"name":"Tomato Basil Candle"}]},{"@type":"WebSite","@id":"https:\/\/minat.azdigi.shop\/#website","url":"https:\/\/minat.azdigi.shop\/","name":"Minat ourcandle","description":"","potentialAction":[{"@type":"SearchAction","target":{"@type":"EntryPoint","urlTemplate":"https:\/\/minat.azdigi.shop\/?s={search_term_string}"},"query-input":{"@type":"PropertyValueSpecification","valueRequired":true,"valueName":"search_term_string"}}],"inLanguage":"vi"}]}},"_links":{"self":[{"href":"https:\/\/minat.azdigi.shop\/index.php?rest_route=\/wp\/v2\/product\/283","targetHints":{"allow":["GET"]}}],"collection":[{"href":"https:\/\/minat.azdigi.shop\/index.php?rest_route=\/wp\/v2\/product"}],"about":[{"href":"https:\/\/minat.azdigi.shop\/index.php?rest_route=\/wp\/v2\/types\/product"}],"replies":[{"embeddable":true,"href":"https:\/\/minat.azdigi.shop\/index.php?rest_route=%2Fwp%2Fv2%2Fcomments&post=283"}],"wp:featuredmedia":[{"embeddable":true,"href":"https:\/\/minat.azdigi.shop\/index.php?rest_route=\/wp\/v2\/media\/284"}],"wp:attachment":[{"href":"https:\/\/minat.azdigi.shop\/index.php?rest_route=%2Fwp%2Fv2%2Fmedia&parent=283"}],"wp:term":[{"taxonomy":"product_brand","embeddable":true,"href":"https:\/\/minat.azdigi.shop\/index.php?rest_route=%2Fwp%2Fv2%2Fproduct_brand&post=283"},{"taxonomy":"product_cat","embeddable":true,"href":"https:\/\/minat.azdigi.shop\/index.php?rest_route=%2Fwp%2Fv2%2Fproduct_cat&post=283"},{"taxonomy":"product_tag","embeddable":true,"href":"https:\/\/minat.azdigi.shop\/index.php?rest_route=%2Fwp%2Fv2%2Fproduct_tag&post=283"}],"curies":[{"name":"wp","href":"https:\/\/api.w.org\/{rel}","templated":true}]}}