{"id":285,"date":"2026-03-24T14:59:44","date_gmt":"2026-03-24T14:59:44","guid":{"rendered":"https:\/\/minat.azdigi.shop\/?post_type=product&#038;p=285"},"modified":"2026-04-02T12:43:02","modified_gmt":"2026-04-02T12:43:02","slug":"watermelon-candle","status":"publish","type":"product","link":"https:\/\/minat.azdigi.shop\/?product=watermelon-candle","title":{"rendered":"Watermelon Candle"},"content":{"rendered":"<p data-start=\"301\" data-end=\"614\"><strong data-start=\"301\" data-end=\"322\">Watermelon Candle<\/strong> l\u00e0 d\u00f2ng n\u1ebfn th\u01a1m l\u1ea5y c\u1ea3m h\u1ee9ng t\u1eeb h\u01b0\u01a1ng d\u01b0a h\u1ea5u t\u01b0\u01a1i m\u00e1t, mang \u0111\u1ebfn c\u1ea3m gi\u00e1c s\u1ea3ng kho\u00e1i v\u00e0 d\u1ec5 ch\u1ecbu ngay t\u1eeb l\u1ea7n \u0111\u1ea7u th\u1eafp l\u00ean. N\u1ebfu b\u1ea1n y\u00eau th\u00edch nh\u1eefng m\u00f9i h\u01b0\u01a1ng ng\u1ecdt nh\u1eb9, thanh m\u00e1t v\u00e0 tr\u00e0n \u0111\u1ea7y n\u0103ng l\u01b0\u1ee3ng, <strong data-start=\"524\" data-end=\"545\">Watermelon Candle<\/strong> ch\u1eafc ch\u1eafn s\u1ebd l\u00e0 l\u1ef1a ch\u1ecdn ph\u00f9 h\u1ee3p \u0111\u1ec3 l\u00e0m m\u1edbi kh\u00f4ng gian s\u1ed1ng c\u1ee7a b\u1ea1n.<\/p>\n<p data-start=\"616\" data-end=\"1014\">H\u01b0\u01a1ng th\u01a1m c\u1ee7a <strong data-start=\"631\" data-end=\"652\">Watermelon Candle<\/strong> g\u1ee3i nh\u1edb \u0111\u1ebfn nh\u1eefng ng\u00e0y h\u00e8 trong tr\u1ebbo, khi b\u1ea1n th\u01b0\u1edfng th\u1ee9c m\u1ed9t ly n\u01b0\u1edbc d\u01b0a h\u1ea5u m\u00e1t l\u1ea1nh. M\u00f9i h\u01b0\u01a1ng ng\u1ecdt d\u1ecbu nh\u01b0ng kh\u00f4ng b\u1ecb g\u1eaft, t\u1ea1o c\u1ea3m gi\u00e1c d\u1ec5 ch\u1ecbu v\u00e0 th\u01b0 gi\u00e3n. Khi th\u1eafp n\u1ebfn, h\u01b0\u01a1ng th\u01a1m lan t\u1ecfa nh\u1eb9 nh\u00e0ng, gi\u00fap c\u0103n ph\u00f2ng tr\u1edf n\u00ean t\u01b0\u01a1i s\u00e1ng v\u00e0 tho\u1ea3i m\u00e1i h\u01a1n. \u0110\u00e2y l\u00e0 m\u00f9i h\u01b0\u01a1ng r\u1ea5t ph\u00f9 h\u1ee3p \u0111\u1ec3 t\u1ea1o kh\u00f4ng gian t\u00edch c\u1ef1c, gi\u00fap b\u1ea1n c\u1ea3m th\u1ea5y vui v\u1ebb v\u00e0 tr\u00e0n \u0111\u1ea7y n\u0103ng l\u01b0\u1ee3ng.<\/p>\n<p data-start=\"1016\" data-end=\"1346\">Kh\u00f4ng ch\u1ec9 n\u1ed5i b\u1eadt v\u1ec1 m\u00f9i h\u01b0\u01a1ng, <strong data-start=\"1048\" data-end=\"1069\">Watermelon Candle<\/strong> c\u00f2n mang thi\u1ebft k\u1ebf tr\u1ebb trung, d\u1ec5 th\u01b0\u01a1ng v\u00e0 b\u1eaft m\u1eaft. M\u00e0u s\u1eafc t\u01b0\u01a1i t\u1eafn gi\u00fap s\u1ea3n ph\u1ea9m tr\u1edf th\u00e0nh m\u1ed9t m\u00f3n decor nh\u1ecf xinh, ph\u00f9 h\u1ee3p \u0111\u1ec3 \u0111\u1eb7t tr\u00ean b\u00e0n h\u1ecdc, k\u1ec7 s\u00e1ch, ph\u00f2ng ng\u1ee7 ho\u1eb7c g\u00f3c l\u00e0m vi\u1ec7c. D\u00f9 kh\u00f4ng th\u1eafp, s\u1ea3n ph\u1ea9m v\u1eabn c\u00f3 th\u1ec3 tr\u1edf th\u00e0nh \u0111i\u1ec3m nh\u1ea5n gi\u00fap kh\u00f4ng gian tr\u1edf n\u00ean sinh \u0111\u1ed9ng h\u01a1n.<\/p>\n<p data-start=\"1348\" data-end=\"1675\"><strong data-start=\"1348\" data-end=\"1369\">Watermelon Candle<\/strong> c\u0169ng l\u00e0 l\u1ef1a ch\u1ecdn tuy\u1ec7t v\u1eddi \u0111\u1ec3 l\u00e0m qu\u00e0 t\u1eb7ng. V\u1edbi m\u00f9i h\u01b0\u01a1ng d\u1ec5 ch\u1ecbu v\u00e0 thi\u1ebft k\u1ebf \u0111\u00e1ng y\u00eau, n\u1ebfn ph\u00f9 h\u1ee3p \u0111\u1ec3 t\u1eb7ng b\u1ea1n b\u00e8, ng\u01b0\u1eddi th\u00e2n trong c\u00e1c d\u1ecbp nh\u01b0 sinh nh\u1eadt, 8\/3, 20\/10 ho\u1eb7c nh\u1eefng d\u1ecbp \u0111\u1eb7c bi\u1ec7t kh\u00e1c. M\u1ed9t h\u0169 n\u1ebfn d\u01b0a h\u1ea5u kh\u00f4ng ch\u1ec9 l\u00e0 m\u00f3n qu\u00e0 trang tr\u00ed m\u00e0 c\u00f2n mang \u00fd ngh\u0129a v\u1ec1 s\u1ef1 t\u01b0\u01a1i m\u1edbi v\u00e0 n\u0103ng l\u01b0\u1ee3ng t\u00edch c\u1ef1c.<\/p>\n<p data-start=\"235\" data-end=\"356\"><a href=\"https:\/\/minat.azdigi.shop\/?p=88\">https:\/\/minat.azdigi.shop\/?p=88<\/a><\/p>\n","protected":false},"excerpt":{"rendered":"<p>Watermelon Candle l\u00e0 d\u00f2ng n\u1ebfn th\u01a1m l\u1ea5y c\u1ea3m h\u1ee9ng t\u1eeb h\u01b0\u01a1ng d\u01b0a h\u1ea5u t\u01b0\u01a1i m\u00e1t, mang \u0111\u1ebfn c\u1ea3m gi\u00e1c s\u1ea3ng kho\u00e1i v\u00e0 d\u1ec5 ch\u1ecbu ngay t\u1eeb l\u1ea7n \u0111\u1ea7u th\u1eafp l\u00ean. N\u1ebfu b\u1ea1n y\u00eau th\u00edch nh\u1eefng m\u00f9i h\u01b0\u01a1ng ng\u1ecdt nh\u1eb9, thanh m\u00e1t v\u00e0 tr\u00e0n \u0111\u1ea7y n\u0103ng l\u01b0\u1ee3ng, Watermelon Candle ch\u1eafc ch\u1eafn s\u1ebd l\u00e0 l\u1ef1a ch\u1ecdn ph\u00f9 [&#8230;]\n","protected":false},"featured_media":287,"comment_status":"open","ping_status":"closed","template":"","meta":[],"product_brand":[],"product_cat":[28],"product_tag":[],"class_list":{"0":"post-285","1":"product","2":"type-product","3":"status-publish","4":"has-post-thumbnail","6":"product_cat-fruit-whisper","8":"first","9":"instock","10":"shipping-taxable","11":"purchasable","12":"product-type-simple"},"yoast_head":"<!-- This site is optimized with the Yoast SEO plugin v27.1.1 - https:\/\/yoast.com\/product\/yoast-seo-wordpress\/ -->\n<title>Watermelon Candle - Minat ourcandle<\/title>\n<meta name=\"description\" content=\"N\u1ebfn th\u01a1m Watermelon Candle mang h\u01b0\u01a1ng d\u01b0a h\u1ea5u t\u01b0\u01a1i m\u00e1t, ng\u1ecdt nh\u1eb9 v\u00e0 s\u1ea3ng kho\u00e1i. H\u01b0\u01a1ng th\u01a1m nh\u1eb9 nh\u00e0ng, kh\u00f4ng qu\u00e1 n\u1ed3ng, ph\u00f9 h\u1ee3p \u0111\u1ec3 th\u01b0 gi\u00e3n, ngh\u1ec9 ng\u01a1i\" \/>\n<meta name=\"robots\" content=\"index, follow, max-snippet:-1, max-image-preview:large, max-video-preview:-1\" \/>\n<link rel=\"canonical\" href=\"https:\/\/minat.azdigi.shop\/?product=watermelon-candle\" \/>\n<meta property=\"og:locale\" content=\"vi_VN\" \/>\n<meta property=\"og:type\" content=\"article\" \/>\n<meta property=\"og:title\" content=\"Watermelon Candle - Minat ourcandle\" \/>\n<meta property=\"og:description\" content=\"N\u1ebfn th\u01a1m Watermelon Candle mang h\u01b0\u01a1ng d\u01b0a h\u1ea5u t\u01b0\u01a1i m\u00e1t, ng\u1ecdt nh\u1eb9 v\u00e0 s\u1ea3ng kho\u00e1i. H\u01b0\u01a1ng th\u01a1m nh\u1eb9 nh\u00e0ng, kh\u00f4ng qu\u00e1 n\u1ed3ng, ph\u00f9 h\u1ee3p \u0111\u1ec3 th\u01b0 gi\u00e3n, ngh\u1ec9 ng\u01a1i\" \/>\n<meta property=\"og:url\" content=\"https:\/\/minat.azdigi.shop\/?product=watermelon-candle\" \/>\n<meta property=\"og:site_name\" content=\"Minat ourcandle\" \/>\n<meta property=\"article:modified_time\" content=\"2026-04-02T12:43:02+00:00\" \/>\n<meta property=\"og:image\" content=\"https:\/\/minat.azdigi.shop\/wp-content\/uploads\/2026\/03\/Capture3.png\" \/>\n\t<meta property=\"og:image:width\" content=\"648\" \/>\n\t<meta property=\"og:image:height\" content=\"536\" \/>\n\t<meta property=\"og:image:type\" content=\"image\/png\" \/>\n<meta name=\"twitter:card\" content=\"summary_large_image\" \/>\n<meta name=\"twitter:label1\" content=\"\u01af\u1edbc t\u00ednh th\u1eddi gian \u0111\u1ecdc\" \/>\n\t<meta name=\"twitter:data1\" content=\"2 ph\u00fat\" \/>\n<script type=\"application\/ld+json\" class=\"yoast-schema-graph\">{\"@context\":\"https:\/\/schema.org\",\"@graph\":[{\"@type\":\"WebPage\",\"@id\":\"https:\/\/minat.azdigi.shop\/?product=watermelon-candle\",\"url\":\"https:\/\/minat.azdigi.shop\/?product=watermelon-candle\",\"name\":\"Watermelon Candle - Minat ourcandle\",\"isPartOf\":{\"@id\":\"https:\/\/minat.azdigi.shop\/#website\"},\"primaryImageOfPage\":{\"@id\":\"https:\/\/minat.azdigi.shop\/?product=watermelon-candle#primaryimage\"},\"image\":{\"@id\":\"https:\/\/minat.azdigi.shop\/?product=watermelon-candle#primaryimage\"},\"thumbnailUrl\":\"https:\/\/minat.azdigi.shop\/wp-content\/uploads\/2026\/03\/Capture3.png\",\"datePublished\":\"2026-03-24T14:59:44+00:00\",\"dateModified\":\"2026-04-02T12:43:02+00:00\",\"description\":\"N\u1ebfn th\u01a1m Watermelon Candle mang h\u01b0\u01a1ng d\u01b0a h\u1ea5u t\u01b0\u01a1i m\u00e1t, ng\u1ecdt nh\u1eb9 v\u00e0 s\u1ea3ng kho\u00e1i. H\u01b0\u01a1ng th\u01a1m nh\u1eb9 nh\u00e0ng, kh\u00f4ng qu\u00e1 n\u1ed3ng, ph\u00f9 h\u1ee3p \u0111\u1ec3 th\u01b0 gi\u00e3n, ngh\u1ec9 ng\u01a1i\",\"breadcrumb\":{\"@id\":\"https:\/\/minat.azdigi.shop\/?product=watermelon-candle#breadcrumb\"},\"inLanguage\":\"vi\",\"potentialAction\":[{\"@type\":\"ReadAction\",\"target\":[\"https:\/\/minat.azdigi.shop\/?product=watermelon-candle\"]}]},{\"@type\":\"ImageObject\",\"inLanguage\":\"vi\",\"@id\":\"https:\/\/minat.azdigi.shop\/?product=watermelon-candle#primaryimage\",\"url\":\"https:\/\/minat.azdigi.shop\/wp-content\/uploads\/2026\/03\/Capture3.png\",\"contentUrl\":\"https:\/\/minat.azdigi.shop\/wp-content\/uploads\/2026\/03\/Capture3.png\",\"width\":648,\"height\":536},{\"@type\":\"BreadcrumbList\",\"@id\":\"https:\/\/minat.azdigi.shop\/?product=watermelon-candle#breadcrumb\",\"itemListElement\":[{\"@type\":\"ListItem\",\"position\":1,\"name\":\"Trang ch\u1ee7\",\"item\":\"https:\/\/minat.azdigi.shop\/\"},{\"@type\":\"ListItem\",\"position\":2,\"name\":\"C\u1eeda h\u00e0ng\",\"item\":\"https:\/\/minat.azdigi.shop\/?page_id=94\"},{\"@type\":\"ListItem\",\"position\":3,\"name\":\"Watermelon Candle\"}]},{\"@type\":\"WebSite\",\"@id\":\"https:\/\/minat.azdigi.shop\/#website\",\"url\":\"https:\/\/minat.azdigi.shop\/\",\"name\":\"Minat ourcandle\",\"description\":\"\",\"potentialAction\":[{\"@type\":\"SearchAction\",\"target\":{\"@type\":\"EntryPoint\",\"urlTemplate\":\"https:\/\/minat.azdigi.shop\/?s={search_term_string}\"},\"query-input\":{\"@type\":\"PropertyValueSpecification\",\"valueRequired\":true,\"valueName\":\"search_term_string\"}}],\"inLanguage\":\"vi\"}]}<\/script>\n<!-- \/ Yoast SEO plugin. -->","yoast_head_json":{"title":"Watermelon Candle - Minat ourcandle","description":"N\u1ebfn th\u01a1m Watermelon Candle mang h\u01b0\u01a1ng d\u01b0a h\u1ea5u t\u01b0\u01a1i m\u00e1t, ng\u1ecdt nh\u1eb9 v\u00e0 s\u1ea3ng kho\u00e1i. H\u01b0\u01a1ng th\u01a1m nh\u1eb9 nh\u00e0ng, kh\u00f4ng qu\u00e1 n\u1ed3ng, ph\u00f9 h\u1ee3p \u0111\u1ec3 th\u01b0 gi\u00e3n, ngh\u1ec9 ng\u01a1i","robots":{"index":"index","follow":"follow","max-snippet":"max-snippet:-1","max-image-preview":"max-image-preview:large","max-video-preview":"max-video-preview:-1"},"canonical":"https:\/\/minat.azdigi.shop\/?product=watermelon-candle","og_locale":"vi_VN","og_type":"article","og_title":"Watermelon Candle - Minat ourcandle","og_description":"N\u1ebfn th\u01a1m Watermelon Candle mang h\u01b0\u01a1ng d\u01b0a h\u1ea5u t\u01b0\u01a1i m\u00e1t, ng\u1ecdt nh\u1eb9 v\u00e0 s\u1ea3ng kho\u00e1i. H\u01b0\u01a1ng th\u01a1m nh\u1eb9 nh\u00e0ng, kh\u00f4ng qu\u00e1 n\u1ed3ng, ph\u00f9 h\u1ee3p \u0111\u1ec3 th\u01b0 gi\u00e3n, ngh\u1ec9 ng\u01a1i","og_url":"https:\/\/minat.azdigi.shop\/?product=watermelon-candle","og_site_name":"Minat ourcandle","article_modified_time":"2026-04-02T12:43:02+00:00","og_image":[{"width":648,"height":536,"url":"https:\/\/minat.azdigi.shop\/wp-content\/uploads\/2026\/03\/Capture3.png","type":"image\/png"}],"twitter_card":"summary_large_image","twitter_misc":{"\u01af\u1edbc t\u00ednh th\u1eddi gian \u0111\u1ecdc":"2 ph\u00fat"},"schema":{"@context":"https:\/\/schema.org","@graph":[{"@type":"WebPage","@id":"https:\/\/minat.azdigi.shop\/?product=watermelon-candle","url":"https:\/\/minat.azdigi.shop\/?product=watermelon-candle","name":"Watermelon Candle - Minat ourcandle","isPartOf":{"@id":"https:\/\/minat.azdigi.shop\/#website"},"primaryImageOfPage":{"@id":"https:\/\/minat.azdigi.shop\/?product=watermelon-candle#primaryimage"},"image":{"@id":"https:\/\/minat.azdigi.shop\/?product=watermelon-candle#primaryimage"},"thumbnailUrl":"https:\/\/minat.azdigi.shop\/wp-content\/uploads\/2026\/03\/Capture3.png","datePublished":"2026-03-24T14:59:44+00:00","dateModified":"2026-04-02T12:43:02+00:00","description":"N\u1ebfn th\u01a1m Watermelon Candle mang h\u01b0\u01a1ng d\u01b0a h\u1ea5u t\u01b0\u01a1i m\u00e1t, ng\u1ecdt nh\u1eb9 v\u00e0 s\u1ea3ng kho\u00e1i. H\u01b0\u01a1ng th\u01a1m nh\u1eb9 nh\u00e0ng, kh\u00f4ng qu\u00e1 n\u1ed3ng, ph\u00f9 h\u1ee3p \u0111\u1ec3 th\u01b0 gi\u00e3n, ngh\u1ec9 ng\u01a1i","breadcrumb":{"@id":"https:\/\/minat.azdigi.shop\/?product=watermelon-candle#breadcrumb"},"inLanguage":"vi","potentialAction":[{"@type":"ReadAction","target":["https:\/\/minat.azdigi.shop\/?product=watermelon-candle"]}]},{"@type":"ImageObject","inLanguage":"vi","@id":"https:\/\/minat.azdigi.shop\/?product=watermelon-candle#primaryimage","url":"https:\/\/minat.azdigi.shop\/wp-content\/uploads\/2026\/03\/Capture3.png","contentUrl":"https:\/\/minat.azdigi.shop\/wp-content\/uploads\/2026\/03\/Capture3.png","width":648,"height":536},{"@type":"BreadcrumbList","@id":"https:\/\/minat.azdigi.shop\/?product=watermelon-candle#breadcrumb","itemListElement":[{"@type":"ListItem","position":1,"name":"Trang ch\u1ee7","item":"https:\/\/minat.azdigi.shop\/"},{"@type":"ListItem","position":2,"name":"C\u1eeda h\u00e0ng","item":"https:\/\/minat.azdigi.shop\/?page_id=94"},{"@type":"ListItem","position":3,"name":"Watermelon Candle"}]},{"@type":"WebSite","@id":"https:\/\/minat.azdigi.shop\/#website","url":"https:\/\/minat.azdigi.shop\/","name":"Minat ourcandle","description":"","potentialAction":[{"@type":"SearchAction","target":{"@type":"EntryPoint","urlTemplate":"https:\/\/minat.azdigi.shop\/?s={search_term_string}"},"query-input":{"@type":"PropertyValueSpecification","valueRequired":true,"valueName":"search_term_string"}}],"inLanguage":"vi"}]}},"_links":{"self":[{"href":"https:\/\/minat.azdigi.shop\/index.php?rest_route=\/wp\/v2\/product\/285","targetHints":{"allow":["GET"]}}],"collection":[{"href":"https:\/\/minat.azdigi.shop\/index.php?rest_route=\/wp\/v2\/product"}],"about":[{"href":"https:\/\/minat.azdigi.shop\/index.php?rest_route=\/wp\/v2\/types\/product"}],"replies":[{"embeddable":true,"href":"https:\/\/minat.azdigi.shop\/index.php?rest_route=%2Fwp%2Fv2%2Fcomments&post=285"}],"wp:featuredmedia":[{"embeddable":true,"href":"https:\/\/minat.azdigi.shop\/index.php?rest_route=\/wp\/v2\/media\/287"}],"wp:attachment":[{"href":"https:\/\/minat.azdigi.shop\/index.php?rest_route=%2Fwp%2Fv2%2Fmedia&parent=285"}],"wp:term":[{"taxonomy":"product_brand","embeddable":true,"href":"https:\/\/minat.azdigi.shop\/index.php?rest_route=%2Fwp%2Fv2%2Fproduct_brand&post=285"},{"taxonomy":"product_cat","embeddable":true,"href":"https:\/\/minat.azdigi.shop\/index.php?rest_route=%2Fwp%2Fv2%2Fproduct_cat&post=285"},{"taxonomy":"product_tag","embeddable":true,"href":"https:\/\/minat.azdigi.shop\/index.php?rest_route=%2Fwp%2Fv2%2Fproduct_tag&post=285"}],"curies":[{"name":"wp","href":"https:\/\/api.w.org\/{rel}","templated":true}]}}