{"id":296,"date":"2026-03-25T15:19:39","date_gmt":"2026-03-25T15:19:39","guid":{"rendered":"https:\/\/minat.azdigi.shop\/?post_type=product&#038;p=296"},"modified":"2026-04-02T12:36:34","modified_gmt":"2026-04-02T12:36:34","slug":"nen-thom-vo-so","status":"publish","type":"product","link":"https:\/\/minat.azdigi.shop\/?product=nen-thom-vo-so","title":{"rendered":"N\u1ebfn th\u01a1m v\u1ecf s\u00f2"},"content":{"rendered":"<p data-start=\"280\" data-end=\"689\"><strong data-start=\"280\" data-end=\"298\">N\u1ebfn th\u01a1m v\u1ecf s\u00f2<\/strong> l\u00e0 m\u1ed9t trong nh\u1eefng s\u1ea3n ph\u1ea9m decor \u0111\u1ed9c \u0111\u00e1o d\u00e0nh cho nh\u1eefng ai y\u00eau th\u00edch phong c\u00e1ch nh\u1eb9 nh\u00e0ng, m\u1ed9c m\u1ea1c v\u00e0 mang c\u1ea3m gi\u00e1c bi\u1ec3n c\u1ea3. Kh\u00f4ng ch\u1ec9 \u0111\u01a1n thu\u1ea7n l\u00e0 m\u1ed9t h\u0169 n\u1ebfn th\u01a1m, s\u1ea3n ph\u1ea9m c\u00f2n l\u00e0 m\u1ed9t m\u00f3n trang tr\u00ed tinh t\u1ebf, t\u1ea1o \u0111i\u1ec3m nh\u1ea5n cho ph\u00f2ng ng\u1ee7, b\u00e0n h\u1ecdc ho\u1eb7c g\u00f3c l\u00e0m vi\u1ec7c. V\u1edbi thi\u1ebft k\u1ebf l\u1ea5y c\u1ea3m h\u1ee9ng t\u1eeb thi\u00ean nhi\u00ean, <strong data-start=\"606\" data-end=\"624\">n\u1ebfn th\u01a1m v\u1ecf s\u00f2<\/strong> mang \u0111\u1ebfn c\u1ea3m gi\u00e1c g\u1ea7n g\u0169i v\u00e0 th\u01b0 gi\u00e3n ngay t\u1eeb c\u00e1i nh\u00ecn \u0111\u1ea7u ti\u00ean.<\/p>\n<p data-start=\"691\" data-end=\"1011\">\u0110i\u1ec3m \u0111\u1eb7c bi\u1ec7t c\u1ee7a <strong data-start=\"709\" data-end=\"727\">n\u1ebfn th\u01a1m v\u1ecf s\u00f2<\/strong> n\u1eb1m \u1edf ph\u1ea7n v\u1ecf s\u00f2 t\u1ef1 nhi\u00ean ( n\u1ebfu kh\u00f4ng c\u00f3 th\u00ec shop s\u1ebd thay b\u1eb1ng g\u1ed1m nha kh\u00e1ch) gi\u00fap s\u1ea3n ph\u1ea9m tr\u1edf n\u00ean kh\u00e1c bi\u1ec7t v\u00e0 mang t\u00ednh th\u1ea9m m\u1ef9 cao. M\u1ed7i chi\u1ebfc v\u1ecf s\u00f2 \u0111\u1ec1u c\u00f3 h\u00ecnh d\u00e1ng ri\u00eang, t\u1ea1o n\u00ean s\u1ef1 \u0111\u1ed9c \u0111\u00e1o v\u00e0 kh\u00f4ng tr\u00f9ng l\u1eb7p. S\u1ef1 k\u1ebft h\u1ee3p gi\u1eefa \u00e1nh n\u1ebfn lung linh v\u00e0 v\u1ebb \u0111\u1eb9p m\u1ed9c m\u1ea1c c\u1ee7a v\u1ecf s\u00f2 khi\u1ebfn kh\u00f4ng gian tr\u1edf n\u00ean \u1ea5m \u00e1p, nh\u1eb9 nh\u00e0ng v\u00e0 \u0111\u1ea7y c\u1ea3m x\u00fac.<\/p>\n<p data-start=\"1013\" data-end=\"1314\">Khi th\u1eafp l\u00ean, <strong data-start=\"1027\" data-end=\"1045\">n\u1ebfn th\u01a1m v\u1ecf s\u00f2<\/strong> lan t\u1ecfa h\u01b0\u01a1ng th\u01a1m d\u1ecbu nh\u1eb9, kh\u00f4ng qu\u00e1 n\u1ed3ng g\u1eaft, ph\u00f9 h\u1ee3p \u0111\u1ec3 th\u01b0 gi\u00e3n sau m\u1ed9t ng\u00e0y d\u00e0i. H\u01b0\u01a1ng th\u01a1m nh\u1eb9 nh\u00e0ng gi\u00fap b\u1ea1n d\u1ec5 ch\u1ecbu h\u01a1n, t\u1ea1o c\u1ea3m gi\u00e1c b\u00ecnh y\u00ean v\u00e0 tho\u1ea3i m\u00e1i. \u0110\u00e2y l\u00e0 l\u1ef1a ch\u1ecdn l\u00fd t\u01b0\u1edfng cho nh\u1eefng bu\u1ed5i t\u1ed1i c\u1ea7n ngh\u1ec9 ng\u01a1i, \u0111\u1ecdc s\u00e1ch ho\u1eb7c t\u1eadn h\u01b0\u1edfng kh\u00f4ng gian ri\u00eang t\u01b0.<\/p>\n<p data-start=\"1316\" data-end=\"1644\">Ngo\u00e0i ra, c\u00f2n r\u1ea5t th\u00edch h\u1ee3p \u0111\u1ec3 l\u00e0m qu\u00e0 t\u1eb7ng trong c\u00e1c d\u1ecbp \u0111\u1eb7c bi\u1ec7t nh\u01b0 sinh nh\u1eadt, 8\/3, 20\/10 ho\u1eb7c Gi\u00e1ng Sinh. S\u1ea3n ph\u1ea9m v\u1eeba \u0111\u1eb9p m\u1eaft v\u1eeba mang \u00fd ngh\u0129a, th\u1ec3 hi\u1ec7n s\u1ef1 tinh t\u1ebf v\u00e0 quan t\u00e2m d\u00e0nh cho ng\u01b0\u1eddi nh\u1eadn. N\u1ebfu b\u1ea1n \u0111ang t\u00ecm m\u1ed9t m\u00f3n qu\u00e0 nh\u1ecf xinh nh\u01b0ng v\u1eabn t\u1ea1o \u0111\u01b0\u1ee3c \u1ea5n t\u01b0\u1ee3ng, \u0111\u00e2y ch\u1eafc ch\u1eafn l\u00e0 l\u1ef1a ch\u1ecdn \u0111\u00e1ng c\u00e2n nh\u1eafc.<\/p>\n<p data-start=\"1646\" data-end=\"1779\">V\u1edbi thi\u1ebft k\u1ebf \u0111\u1ed9c \u0111\u00e1o v\u00e0 h\u01b0\u01a1ng th\u01a1m d\u1ec5 ch\u1ecbu,\u00a0gi\u00fap b\u1ea1n mang m\u1ed9t ch\u00fat bi\u1ec3n c\u1ea3 v\u1ec1 trong t\u1eebng g\u00f3c nh\u1ecf c\u1ee7a cu\u1ed9c s\u1ed1ng.<\/p>\n","protected":false},"excerpt":{"rendered":"<p>N\u1ebfn th\u01a1m v\u1ecf s\u00f2 l\u00e0 m\u1ed9t trong nh\u1eefng s\u1ea3n ph\u1ea9m decor \u0111\u1ed9c \u0111\u00e1o d\u00e0nh cho nh\u1eefng ai y\u00eau th\u00edch phong c\u00e1ch nh\u1eb9 nh\u00e0ng, m\u1ed9c m\u1ea1c v\u00e0 mang c\u1ea3m gi\u00e1c bi\u1ec3n c\u1ea3. Kh\u00f4ng ch\u1ec9 \u0111\u01a1n thu\u1ea7n l\u00e0 m\u1ed9t h\u0169 n\u1ebfn th\u01a1m, s\u1ea3n ph\u1ea9m c\u00f2n l\u00e0 m\u1ed9t m\u00f3n trang tr\u00ed tinh t\u1ebf, t\u1ea1o \u0111i\u1ec3m nh\u1ea5n cho ph\u00f2ng [&#8230;]\n","protected":false},"featured_media":297,"comment_status":"open","ping_status":"closed","template":"","meta":[],"product_brand":[],"product_cat":[18,30],"product_tag":[],"class_list":{"0":"post-296","1":"product","2":"type-product","3":"status-publish","4":"has-post-thumbnail","6":"product_cat-chua-phan-loai","7":"product_cat-the-sea","9":"first","10":"instock","11":"shipping-taxable","12":"purchasable","13":"product-type-simple"},"yoast_head":"<!-- This site is optimized with the Yoast SEO plugin v27.1.1 - https:\/\/yoast.com\/product\/yoast-seo-wordpress\/ -->\n<title>N\u1ebfn th\u01a1m v\u1ecf s\u00f2 - Minat ourcandle<\/title>\n<meta name=\"description\" content=\"N\u1ebfn th\u01a1m v\u1ecf s\u00f2 mang thi\u1ebft k\u1ebf \u0111\u1ed9c \u0111\u00e1o v\u1edbi l\u1edbp v\u1ecf s\u00f2 b\u1eb1ng g\u1ed1m, t\u1ea1o c\u1ea3m gi\u00e1c g\u1ea7n g\u0169i v\u00e0 \u0111\u1eadm ch\u1ea5t bi\u1ec3n c\u1ea3. Ph\u00f9 h\u1ee3p cho b\u00e0n h\u1ecdc, ph\u00f2ng ng\u1ee7.\" \/>\n<meta name=\"robots\" content=\"index, follow, max-snippet:-1, max-image-preview:large, max-video-preview:-1\" \/>\n<link rel=\"canonical\" href=\"https:\/\/minat.azdigi.shop\/?product=nen-thom-vo-so\" \/>\n<meta property=\"og:locale\" content=\"vi_VN\" \/>\n<meta property=\"og:type\" content=\"article\" \/>\n<meta property=\"og:title\" content=\"N\u1ebfn th\u01a1m v\u1ecf s\u00f2 - Minat ourcandle\" \/>\n<meta property=\"og:description\" content=\"N\u1ebfn th\u01a1m v\u1ecf s\u00f2 mang thi\u1ebft k\u1ebf \u0111\u1ed9c \u0111\u00e1o v\u1edbi l\u1edbp v\u1ecf s\u00f2 b\u1eb1ng g\u1ed1m, t\u1ea1o c\u1ea3m gi\u00e1c g\u1ea7n g\u0169i v\u00e0 \u0111\u1eadm ch\u1ea5t bi\u1ec3n c\u1ea3. Ph\u00f9 h\u1ee3p cho b\u00e0n h\u1ecdc, ph\u00f2ng ng\u1ee7.\" \/>\n<meta property=\"og:url\" content=\"https:\/\/minat.azdigi.shop\/?product=nen-thom-vo-so\" \/>\n<meta property=\"og:site_name\" content=\"Minat ourcandle\" \/>\n<meta property=\"article:modified_time\" content=\"2026-04-02T12:36:34+00:00\" \/>\n<meta property=\"og:image\" content=\"https:\/\/minat.azdigi.shop\/wp-content\/uploads\/2026\/03\/Elegant-Candle-Stand-Ideas-to-Brighten-Your-Home-_-Stylish-Candle-Holders-for-Every-Decor_-1.jpg\" \/>\n\t<meta property=\"og:image:width\" content=\"736\" \/>\n\t<meta property=\"og:image:height\" content=\"981\" \/>\n\t<meta property=\"og:image:type\" content=\"image\/jpeg\" \/>\n<meta name=\"twitter:card\" content=\"summary_large_image\" \/>\n<meta name=\"twitter:label1\" content=\"\u01af\u1edbc t\u00ednh th\u1eddi gian \u0111\u1ecdc\" \/>\n\t<meta name=\"twitter:data1\" content=\"3 ph\u00fat\" \/>\n<script type=\"application\/ld+json\" class=\"yoast-schema-graph\">{\"@context\":\"https:\/\/schema.org\",\"@graph\":[{\"@type\":\"WebPage\",\"@id\":\"https:\/\/minat.azdigi.shop\/?product=nen-thom-vo-so\",\"url\":\"https:\/\/minat.azdigi.shop\/?product=nen-thom-vo-so\",\"name\":\"N\u1ebfn th\u01a1m v\u1ecf s\u00f2 - Minat ourcandle\",\"isPartOf\":{\"@id\":\"https:\/\/minat.azdigi.shop\/#website\"},\"primaryImageOfPage\":{\"@id\":\"https:\/\/minat.azdigi.shop\/?product=nen-thom-vo-so#primaryimage\"},\"image\":{\"@id\":\"https:\/\/minat.azdigi.shop\/?product=nen-thom-vo-so#primaryimage\"},\"thumbnailUrl\":\"https:\/\/minat.azdigi.shop\/wp-content\/uploads\/2026\/03\/Elegant-Candle-Stand-Ideas-to-Brighten-Your-Home-_-Stylish-Candle-Holders-for-Every-Decor_-1.jpg\",\"datePublished\":\"2026-03-25T15:19:39+00:00\",\"dateModified\":\"2026-04-02T12:36:34+00:00\",\"description\":\"N\u1ebfn th\u01a1m v\u1ecf s\u00f2 mang thi\u1ebft k\u1ebf \u0111\u1ed9c \u0111\u00e1o v\u1edbi l\u1edbp v\u1ecf s\u00f2 b\u1eb1ng g\u1ed1m, t\u1ea1o c\u1ea3m gi\u00e1c g\u1ea7n g\u0169i v\u00e0 \u0111\u1eadm ch\u1ea5t bi\u1ec3n c\u1ea3. Ph\u00f9 h\u1ee3p cho b\u00e0n h\u1ecdc, ph\u00f2ng ng\u1ee7.\",\"breadcrumb\":{\"@id\":\"https:\/\/minat.azdigi.shop\/?product=nen-thom-vo-so#breadcrumb\"},\"inLanguage\":\"vi\",\"potentialAction\":[{\"@type\":\"ReadAction\",\"target\":[\"https:\/\/minat.azdigi.shop\/?product=nen-thom-vo-so\"]}]},{\"@type\":\"ImageObject\",\"inLanguage\":\"vi\",\"@id\":\"https:\/\/minat.azdigi.shop\/?product=nen-thom-vo-so#primaryimage\",\"url\":\"https:\/\/minat.azdigi.shop\/wp-content\/uploads\/2026\/03\/Elegant-Candle-Stand-Ideas-to-Brighten-Your-Home-_-Stylish-Candle-Holders-for-Every-Decor_-1.jpg\",\"contentUrl\":\"https:\/\/minat.azdigi.shop\/wp-content\/uploads\/2026\/03\/Elegant-Candle-Stand-Ideas-to-Brighten-Your-Home-_-Stylish-Candle-Holders-for-Every-Decor_-1.jpg\",\"width\":736,\"height\":981},{\"@type\":\"BreadcrumbList\",\"@id\":\"https:\/\/minat.azdigi.shop\/?product=nen-thom-vo-so#breadcrumb\",\"itemListElement\":[{\"@type\":\"ListItem\",\"position\":1,\"name\":\"Trang ch\u1ee7\",\"item\":\"https:\/\/minat.azdigi.shop\/\"},{\"@type\":\"ListItem\",\"position\":2,\"name\":\"C\u1eeda h\u00e0ng\",\"item\":\"https:\/\/minat.azdigi.shop\/?page_id=94\"},{\"@type\":\"ListItem\",\"position\":3,\"name\":\"N\u1ebfn th\u01a1m v\u1ecf s\u00f2\"}]},{\"@type\":\"WebSite\",\"@id\":\"https:\/\/minat.azdigi.shop\/#website\",\"url\":\"https:\/\/minat.azdigi.shop\/\",\"name\":\"Minat ourcandle\",\"description\":\"\",\"potentialAction\":[{\"@type\":\"SearchAction\",\"target\":{\"@type\":\"EntryPoint\",\"urlTemplate\":\"https:\/\/minat.azdigi.shop\/?s={search_term_string}\"},\"query-input\":{\"@type\":\"PropertyValueSpecification\",\"valueRequired\":true,\"valueName\":\"search_term_string\"}}],\"inLanguage\":\"vi\"}]}<\/script>\n<!-- \/ Yoast SEO plugin. -->","yoast_head_json":{"title":"N\u1ebfn th\u01a1m v\u1ecf s\u00f2 - Minat ourcandle","description":"N\u1ebfn th\u01a1m v\u1ecf s\u00f2 mang thi\u1ebft k\u1ebf \u0111\u1ed9c \u0111\u00e1o v\u1edbi l\u1edbp v\u1ecf s\u00f2 b\u1eb1ng g\u1ed1m, t\u1ea1o c\u1ea3m gi\u00e1c g\u1ea7n g\u0169i v\u00e0 \u0111\u1eadm ch\u1ea5t bi\u1ec3n c\u1ea3. Ph\u00f9 h\u1ee3p cho b\u00e0n h\u1ecdc, ph\u00f2ng ng\u1ee7.","robots":{"index":"index","follow":"follow","max-snippet":"max-snippet:-1","max-image-preview":"max-image-preview:large","max-video-preview":"max-video-preview:-1"},"canonical":"https:\/\/minat.azdigi.shop\/?product=nen-thom-vo-so","og_locale":"vi_VN","og_type":"article","og_title":"N\u1ebfn th\u01a1m v\u1ecf s\u00f2 - Minat ourcandle","og_description":"N\u1ebfn th\u01a1m v\u1ecf s\u00f2 mang thi\u1ebft k\u1ebf \u0111\u1ed9c \u0111\u00e1o v\u1edbi l\u1edbp v\u1ecf s\u00f2 b\u1eb1ng g\u1ed1m, t\u1ea1o c\u1ea3m gi\u00e1c g\u1ea7n g\u0169i v\u00e0 \u0111\u1eadm ch\u1ea5t bi\u1ec3n c\u1ea3. Ph\u00f9 h\u1ee3p cho b\u00e0n h\u1ecdc, ph\u00f2ng ng\u1ee7.","og_url":"https:\/\/minat.azdigi.shop\/?product=nen-thom-vo-so","og_site_name":"Minat ourcandle","article_modified_time":"2026-04-02T12:36:34+00:00","og_image":[{"width":736,"height":981,"url":"https:\/\/minat.azdigi.shop\/wp-content\/uploads\/2026\/03\/Elegant-Candle-Stand-Ideas-to-Brighten-Your-Home-_-Stylish-Candle-Holders-for-Every-Decor_-1.jpg","type":"image\/jpeg"}],"twitter_card":"summary_large_image","twitter_misc":{"\u01af\u1edbc t\u00ednh th\u1eddi gian \u0111\u1ecdc":"3 ph\u00fat"},"schema":{"@context":"https:\/\/schema.org","@graph":[{"@type":"WebPage","@id":"https:\/\/minat.azdigi.shop\/?product=nen-thom-vo-so","url":"https:\/\/minat.azdigi.shop\/?product=nen-thom-vo-so","name":"N\u1ebfn th\u01a1m v\u1ecf s\u00f2 - Minat ourcandle","isPartOf":{"@id":"https:\/\/minat.azdigi.shop\/#website"},"primaryImageOfPage":{"@id":"https:\/\/minat.azdigi.shop\/?product=nen-thom-vo-so#primaryimage"},"image":{"@id":"https:\/\/minat.azdigi.shop\/?product=nen-thom-vo-so#primaryimage"},"thumbnailUrl":"https:\/\/minat.azdigi.shop\/wp-content\/uploads\/2026\/03\/Elegant-Candle-Stand-Ideas-to-Brighten-Your-Home-_-Stylish-Candle-Holders-for-Every-Decor_-1.jpg","datePublished":"2026-03-25T15:19:39+00:00","dateModified":"2026-04-02T12:36:34+00:00","description":"N\u1ebfn th\u01a1m v\u1ecf s\u00f2 mang thi\u1ebft k\u1ebf \u0111\u1ed9c \u0111\u00e1o v\u1edbi l\u1edbp v\u1ecf s\u00f2 b\u1eb1ng g\u1ed1m, t\u1ea1o c\u1ea3m gi\u00e1c g\u1ea7n g\u0169i v\u00e0 \u0111\u1eadm ch\u1ea5t bi\u1ec3n c\u1ea3. Ph\u00f9 h\u1ee3p cho b\u00e0n h\u1ecdc, ph\u00f2ng ng\u1ee7.","breadcrumb":{"@id":"https:\/\/minat.azdigi.shop\/?product=nen-thom-vo-so#breadcrumb"},"inLanguage":"vi","potentialAction":[{"@type":"ReadAction","target":["https:\/\/minat.azdigi.shop\/?product=nen-thom-vo-so"]}]},{"@type":"ImageObject","inLanguage":"vi","@id":"https:\/\/minat.azdigi.shop\/?product=nen-thom-vo-so#primaryimage","url":"https:\/\/minat.azdigi.shop\/wp-content\/uploads\/2026\/03\/Elegant-Candle-Stand-Ideas-to-Brighten-Your-Home-_-Stylish-Candle-Holders-for-Every-Decor_-1.jpg","contentUrl":"https:\/\/minat.azdigi.shop\/wp-content\/uploads\/2026\/03\/Elegant-Candle-Stand-Ideas-to-Brighten-Your-Home-_-Stylish-Candle-Holders-for-Every-Decor_-1.jpg","width":736,"height":981},{"@type":"BreadcrumbList","@id":"https:\/\/minat.azdigi.shop\/?product=nen-thom-vo-so#breadcrumb","itemListElement":[{"@type":"ListItem","position":1,"name":"Trang ch\u1ee7","item":"https:\/\/minat.azdigi.shop\/"},{"@type":"ListItem","position":2,"name":"C\u1eeda h\u00e0ng","item":"https:\/\/minat.azdigi.shop\/?page_id=94"},{"@type":"ListItem","position":3,"name":"N\u1ebfn th\u01a1m v\u1ecf s\u00f2"}]},{"@type":"WebSite","@id":"https:\/\/minat.azdigi.shop\/#website","url":"https:\/\/minat.azdigi.shop\/","name":"Minat ourcandle","description":"","potentialAction":[{"@type":"SearchAction","target":{"@type":"EntryPoint","urlTemplate":"https:\/\/minat.azdigi.shop\/?s={search_term_string}"},"query-input":{"@type":"PropertyValueSpecification","valueRequired":true,"valueName":"search_term_string"}}],"inLanguage":"vi"}]}},"_links":{"self":[{"href":"https:\/\/minat.azdigi.shop\/index.php?rest_route=\/wp\/v2\/product\/296","targetHints":{"allow":["GET"]}}],"collection":[{"href":"https:\/\/minat.azdigi.shop\/index.php?rest_route=\/wp\/v2\/product"}],"about":[{"href":"https:\/\/minat.azdigi.shop\/index.php?rest_route=\/wp\/v2\/types\/product"}],"replies":[{"embeddable":true,"href":"https:\/\/minat.azdigi.shop\/index.php?rest_route=%2Fwp%2Fv2%2Fcomments&post=296"}],"wp:featuredmedia":[{"embeddable":true,"href":"https:\/\/minat.azdigi.shop\/index.php?rest_route=\/wp\/v2\/media\/297"}],"wp:attachment":[{"href":"https:\/\/minat.azdigi.shop\/index.php?rest_route=%2Fwp%2Fv2%2Fmedia&parent=296"}],"wp:term":[{"taxonomy":"product_brand","embeddable":true,"href":"https:\/\/minat.azdigi.shop\/index.php?rest_route=%2Fwp%2Fv2%2Fproduct_brand&post=296"},{"taxonomy":"product_cat","embeddable":true,"href":"https:\/\/minat.azdigi.shop\/index.php?rest_route=%2Fwp%2Fv2%2Fproduct_cat&post=296"},{"taxonomy":"product_tag","embeddable":true,"href":"https:\/\/minat.azdigi.shop\/index.php?rest_route=%2Fwp%2Fv2%2Fproduct_tag&post=296"}],"curies":[{"name":"wp","href":"https:\/\/api.w.org\/{rel}","templated":true}]}}