{"id":312,"date":"2026-03-27T15:55:26","date_gmt":"2026-03-27T15:55:26","guid":{"rendered":"https:\/\/minat.azdigi.shop\/?post_type=product&#038;p=312"},"modified":"2026-04-02T09:17:44","modified_gmt":"2026-04-02T09:17:44","slug":"pink-salt-bomb","status":"publish","type":"product","link":"https:\/\/minat.azdigi.shop\/?product=pink-salt-bomb","title":{"rendered":"Pink Salt Bomb"},"content":{"rendered":"<div class=\"relative basis-auto flex-col -mb-(--composer-overlap-px) pb-(--composer-overlap-px) [--composer-overlap-px:28px] grow flex\">\n<div class=\"flex flex-col text-sm pb-25\">\n<section class=\"text-token-text-primary w-full focus:outline-none [--shadow-height:45px] has-data-writing-block:pointer-events-none has-data-writing-block:-mt-(--shadow-height) has-data-writing-block:pt-(--shadow-height) [&amp;:has([data-writing-block])&gt;*]:pointer-events-auto scroll-mt-[calc(var(--header-height)+min(200px,max(70px,20svh)))]\" dir=\"auto\" data-turn-id=\"request-69aed78a-66cc-839c-b343-53a16df856da-2\" data-testid=\"conversation-turn-180\" data-scroll-anchor=\"true\" data-turn=\"assistant\">\n<div class=\"text-base my-auto mx-auto pb-10 [--thread-content-margin:var(--thread-content-margin-xs,calc(var(--spacing)*4))] @w-sm\/main:[--thread-content-margin:var(--thread-content-margin-sm,calc(var(--spacing)*6))] @w-lg\/main:[--thread-content-margin:var(--thread-content-margin-lg,calc(var(--spacing)*16))] px-(--thread-content-margin)\">\n<div class=\"[--thread-content-max-width:40rem] @w-lg\/main:[--thread-content-max-width:48rem] mx-auto max-w-(--thread-content-max-width) flex-1 group\/turn-messages focus-visible:outline-hidden relative flex w-full min-w-0 flex-col agent-turn\">\n<div class=\"flex max-w-full flex-col gap-4 grow\">\n<div class=\"min-h-8 text-message relative flex w-full flex-col items-end gap-2 text-start break-words whitespace-normal outline-none keyboard-focused:focus-ring [.text-message+&amp;]:mt-1\" dir=\"auto\" tabindex=\"0\" data-message-author-role=\"assistant\" data-message-id=\"9541f424-0df0-41d0-abfb-454eb4ec6b2f\" data-message-model-slug=\"gpt-5-3\" data-turn-start-message=\"true\">\n<div class=\"flex w-full flex-col gap-1 empty:hidden\">\n<div class=\"markdown prose dark:prose-invert w-full wrap-break-word light markdown-new-styling\">\n<p data-start=\"298\" data-end=\"593\"><strong data-start=\"298\" data-end=\"321\">Pink Salt Bath Bomb<\/strong> l\u00e0 l\u1ef1a ch\u1ecdn l\u00fd t\u01b0\u1edfng d\u00e0nh cho nh\u1eefng ai y\u00eau th\u00edch c\u1ea3m gi\u00e1c th\u01b0 gi\u00e3n nh\u1eb9 nh\u00e0ng v\u00e0 mu\u1ed1n ch\u0103m s\u00f3c b\u1ea3n th\u00e2n sau m\u1ed9t ng\u00e0y d\u00e0i. L\u1ea5y c\u1ea3m h\u1ee9ng t\u1eeb mu\u1ed1i h\u1ed3ng Himalaya n\u1ed5i ti\u1ebfng, s\u1ea3n ph\u1ea9m mang \u0111\u1ebfn tr\u1ea3i nghi\u1ec7m t\u1eafm b\u1ed3n d\u1ec5 ch\u1ecbu, gi\u00fap b\u1ea1n c\u1ea3m th\u1ea5y tho\u1ea3i m\u00e1i v\u00e0 b\u00ecnh y\u00ean h\u01a1n ngay t\u1ea1i nh\u00e0.<\/p>\n<p data-start=\"595\" data-end=\"995\">Khi th\u1ea3 v\u00e0o n\u01b0\u1edbc, <strong data-start=\"613\" data-end=\"636\">Pink Salt Bath Bomb<\/strong> b\u1eaft \u0111\u1ea7u s\u1ee7i b\u1ecdt nh\u1eb9 v\u00e0 tan d\u1ea7n, t\u1ea1o hi\u1ec7u \u1ee9ng th\u01b0 gi\u00e3n nh\u01b0 m\u1ed9t bu\u1ed5i spa thu nh\u1ecf. H\u01b0\u01a1ng th\u01a1m lan t\u1ecfa d\u1ecbu d\u00e0ng, kh\u00f4ng qu\u00e1 n\u1ed3ng, mang l\u1ea1i c\u1ea3m gi\u00e1c s\u1ea1ch s\u1ebd v\u00e0 d\u1ec5 ch\u1ecbu. Mu\u1ed1i h\u1ed3ng gi\u00fap t\u0103ng th\u00eam s\u1ef1 \u0111\u1eb7c bi\u1ec7t cho s\u1ea3n ph\u1ea9m, t\u1ea1o c\u1ea3m gi\u00e1c tinh t\u1ebf v\u00e0 sang tr\u1ecdng, ph\u00f9 h\u1ee3p cho nh\u1eefng ai y\u00eau th\u00edch phong c\u00e1ch t\u1ed1i gi\u1ea3n nh\u01b0ng v\u1eabn mu\u1ed1n c\u00f3 tr\u1ea3i nghi\u1ec7m ch\u0103m s\u00f3c c\u01a1 th\u1ec3 ch\u1ea5t l\u01b0\u1ee3ng.<\/p>\n<p data-start=\"997\" data-end=\"1341\"><strong data-start=\"997\" data-end=\"1020\">Pink Salt Bath Bomb<\/strong> \u0111\u1eb7c bi\u1ec7t ph\u00f9 h\u1ee3p \u0111\u1ec3 s\u1eed d\u1ee5ng v\u00e0o bu\u1ed5i t\u1ed1i, khi b\u1ea1n c\u1ea7n th\u01b0 gi\u00e3n v\u00e0 th\u1ea3 l\u1ecfng c\u01a1 th\u1ec3. M\u1ed9t b\u1ed3n n\u01b0\u1edbc \u1ea5m c\u00f9ng vi\u00ean s\u1ee7i t\u1eafm mu\u1ed1i h\u1ed3ng s\u1ebd gi\u00fap b\u1ea1n gi\u1ea3m c\u0103ng th\u1eb3ng, ngh\u1ec9 ng\u01a1i t\u1ed1t h\u01a1n v\u00e0 t\u1eadn h\u01b0\u1edfng kho\u1ea3nh kh\u1eafc ri\u00eang t\u01b0 \u0111\u00fang ngh\u0129a. \u0110\u00e2y c\u0169ng l\u00e0 l\u1ef1a ch\u1ecdn tuy\u1ec7t v\u1eddi trong nh\u1eefng ng\u00e0y tr\u1eddi l\u1ea1nh ho\u1eb7c nh\u1eefng l\u00fac b\u1ea1n mu\u1ed1n \u201creset\u201d tinh th\u1ea7n.<\/p>\n<p data-start=\"1343\" data-end=\"1612\">Ngo\u00e0i ra, <strong data-start=\"1353\" data-end=\"1376\">Pink Salt Bath Bomb<\/strong> c\u00f2n l\u00e0 m\u00f3n qu\u00e0 nh\u1ecf xinh, tinh t\u1ebf d\u00e0nh cho b\u1ea1n b\u00e8 ho\u1eb7c ng\u01b0\u1eddi th\u00e2n trong nh\u1eefng d\u1ecbp \u0111\u1eb7c bi\u1ec7t nh\u01b0 sinh nh\u1eadt, 8\/3, 20\/10 hay Gi\u00e1ng Sinh. V\u1edbi v\u1ebb ngo\u00e0i d\u1ec5 th\u01b0\u01a1ng c\u00f9ng m\u00f9i h\u01b0\u01a1ng nh\u1eb9 nh\u00e0ng, s\u1ea3n ph\u1ea9m mang \u0111\u1ebfn c\u1ea3m gi\u00e1c \u0111\u01b0\u1ee3c y\u00eau chi\u1ec1u v\u00e0 ch\u0103m s\u00f3c.<\/p>\n<p data-start=\"1614\" data-end=\"1769\">N\u1ebfu b\u1ea1n \u0111ang t\u00ecm m\u1ed9t s\u1ea3n ph\u1ea9m v\u1eeba th\u01b0 gi\u00e3n v\u1eeba mang vibe spa, <strong data-start=\"1676\" data-end=\"1699\">Pink Salt Bath Bomb<\/strong> ch\u1eafc ch\u1eafn s\u1ebd l\u00e0 l\u1ef1a ch\u1ecdn ho\u00e0n h\u1ea3o \u0111\u1ec3 n\u00e2ng c\u1ea5p nh\u1eefng bu\u1ed5i t\u1eafm c\u1ee7a b\u1ea1n.<\/p>\n<p data-start=\"1771\" data-end=\"1839\" data-is-last-node=\"\" data-is-only-node=\"\">\n<\/div>\n<\/div>\n<\/div>\n<\/div>\n<div class=\"z-0 flex min-h-[46px] justify-start\"><\/div>\n<div class=\"mt-3 w-full empty:hidden\">\n<div class=\"text-center\"><\/div>\n<\/div>\n<\/div>\n<\/div>\n<\/section>\n<\/div>\n<div class=\"pointer-events-none h-px w-px absolute bottom-0\" aria-hidden=\"true\" data-edge=\"true\"><\/div>\n<\/div>\n<div id=\"thread-bottom-container\" class=\"sticky bottom-0 z-10 group\/thread-bottom-container relative isolate w-full basis-auto has-data-has-thread-error:pt-2 has-data-has-thread-error:[box-shadow:var(--sharp-edge-bottom-shadow)] md:border-transparent md:pt-0 dark:border-white\/20 md:dark:border-transparent print:hidden content-fade single-line flex flex-col\">\n<div class=\"relative mx-auto h-0\">\n<div><\/div>\n<\/div>\n<div id=\"thread-bottom\">\n<div class=\"text-base mx-auto [--thread-content-margin:var(--thread-content-margin-xs,calc(var(--spacing)*4))] @w-sm\/main:[--thread-content-margin:var(--thread-content-margin-sm,calc(var(--spacing)*6))] @w-lg\/main:[--thread-content-margin:var(--thread-content-margin-lg,calc(var(--spacing)*16))] px-(--thread-content-margin)\">\n<div class=\"[--thread-content-max-width:40rem] @w-lg\/main:[--thread-content-max-width:48rem] mx-auto max-w-(--thread-content-max-width) flex-1 mb-[var(--thread-component-gap,1rem)]\">\n<div class=\"flex justify-center empty:hidden\"><\/div>\n<div class=\"pointer-events-auto relative z-1 flex h-(--composer-container-height,100%) max-w-full flex-(--composer-container-flex,1) flex-col\">\n<form class=\"group\/composer w-full\" data-type=\"unified-composer\">\n<div class=\"\">\n<div class=\"bg-token-bg-primary corner-superellipse\/1.1 cursor-text overflow-clip bg-clip-padding p-2.5 contain-inline-size motion-safe:transition-colors motion-safe:duration-200 motion-safe:ease-in-out dark:bg-[#303030] grid grid-cols-[auto_1fr_auto] [grid-template-areas:'header_header_header'_'leading_primary_trailing'_'._footer_.'] group-data-expanded\/composer:[grid-template-areas:'header_header_header'_'primary_primary_primary'_'leading_footer_trailing'] shadow-short-composer\" data-composer-surface=\"true\">\n<div class=\"-my-2.5 flex min-h-14 items-center overflow-x-hidden px-1.5 [grid-area:primary] group-data-expanded\/composer:mb-0 group-data-expanded\/composer:px-2.5\">\n<div class=\"wcDTda_prosemirror-parent text-token-text-primary max-h-[max(30svh,5rem)] max-h-52 min-h-[var(--deep-research-composer-extra-height,unset)] flex-1 overflow-auto [scrollbar-width:thin] default-browser vertical-scroll-fade-mask\"><\/div>\n<\/div>\n<\/div>\n<\/div>\n<\/form>\n<\/div>\n<\/div>\n<\/div>\n<\/div>\n<\/div>\n","protected":false},"excerpt":{"rendered":"<p>Pink Salt Bath Bomb l\u00e0 l\u1ef1a ch\u1ecdn l\u00fd t\u01b0\u1edfng d\u00e0nh cho nh\u1eefng ai y\u00eau th\u00edch c\u1ea3m gi\u00e1c th\u01b0 gi\u00e3n nh\u1eb9 nh\u00e0ng v\u00e0 mu\u1ed1n ch\u0103m s\u00f3c b\u1ea3n th\u00e2n sau m\u1ed9t ng\u00e0y d\u00e0i. L\u1ea5y c\u1ea3m h\u1ee9ng t\u1eeb mu\u1ed1i h\u1ed3ng Himalaya n\u1ed5i ti\u1ebfng, s\u1ea3n ph\u1ea9m mang \u0111\u1ebfn tr\u1ea3i nghi\u1ec7m t\u1eafm b\u1ed3n d\u1ec5 ch\u1ecbu, gi\u00fap b\u1ea1n c\u1ea3m th\u1ea5y tho\u1ea3i [&#8230;]\n","protected":false},"featured_media":313,"comment_status":"open","ping_status":"closed","template":"","meta":[],"product_brand":[],"product_cat":[18],"product_tag":[],"class_list":{"0":"post-312","1":"product","2":"type-product","3":"status-publish","4":"has-post-thumbnail","6":"product_cat-chua-phan-loai","8":"first","9":"instock","10":"shipping-taxable","11":"purchasable","12":"product-type-simple"},"yoast_head":"<!-- This site is optimized with the Yoast SEO plugin v27.1.1 - https:\/\/yoast.com\/product\/yoast-seo-wordpress\/ -->\n<title>Pink Salt Bomb - Minat ourcandle<\/title>\n<meta name=\"description\" content=\"Pink Salt Bomb k\u1ebft h\u1ee3p mu\u1ed1i h\u1ed3ng Himalaya v\u00e0 White tea t\u1ea1o h\u01b0\u01a1ng th\u01a1m d\u1ecbu nh\u1eb9, gi\u00fap b\u1ea1n th\u01b0 gi\u00e3n v\u00e0 t\u1eadn h\u01b0\u1edfng c\u1ea3m gi\u00e1c spa ngay t\u1ea1i nh\u00e0.\" \/>\n<meta name=\"robots\" content=\"index, follow, max-snippet:-1, max-image-preview:large, max-video-preview:-1\" \/>\n<link rel=\"canonical\" href=\"https:\/\/minat.azdigi.shop\/?product=pink-salt-bomb\" \/>\n<meta property=\"og:locale\" content=\"vi_VN\" \/>\n<meta property=\"og:type\" content=\"article\" \/>\n<meta property=\"og:title\" content=\"Pink Salt Bomb - Minat ourcandle\" \/>\n<meta property=\"og:description\" content=\"Pink Salt Bomb k\u1ebft h\u1ee3p mu\u1ed1i h\u1ed3ng Himalaya v\u00e0 White tea t\u1ea1o h\u01b0\u01a1ng th\u01a1m d\u1ecbu nh\u1eb9, gi\u00fap b\u1ea1n th\u01b0 gi\u00e3n v\u00e0 t\u1eadn h\u01b0\u1edfng c\u1ea3m gi\u00e1c spa ngay t\u1ea1i nh\u00e0.\" \/>\n<meta property=\"og:url\" content=\"https:\/\/minat.azdigi.shop\/?product=pink-salt-bomb\" \/>\n<meta property=\"og:site_name\" content=\"Minat ourcandle\" \/>\n<meta property=\"article:modified_time\" content=\"2026-04-02T09:17:44+00:00\" \/>\n<meta property=\"og:image\" content=\"https:\/\/minat.azdigi.shop\/wp-content\/uploads\/2026\/03\/tai-xuong-27.jpg\" \/>\n\t<meta property=\"og:image:width\" content=\"736\" \/>\n\t<meta property=\"og:image:height\" content=\"736\" \/>\n\t<meta property=\"og:image:type\" content=\"image\/jpeg\" \/>\n<meta name=\"twitter:card\" content=\"summary_large_image\" \/>\n<meta name=\"twitter:label1\" content=\"\u01af\u1edbc t\u00ednh th\u1eddi gian \u0111\u1ecdc\" \/>\n\t<meta name=\"twitter:data1\" content=\"2 ph\u00fat\" \/>\n<script type=\"application\/ld+json\" class=\"yoast-schema-graph\">{\"@context\":\"https:\/\/schema.org\",\"@graph\":[{\"@type\":\"WebPage\",\"@id\":\"https:\/\/minat.azdigi.shop\/?product=pink-salt-bomb\",\"url\":\"https:\/\/minat.azdigi.shop\/?product=pink-salt-bomb\",\"name\":\"Pink Salt Bomb - Minat ourcandle\",\"isPartOf\":{\"@id\":\"https:\/\/minat.azdigi.shop\/#website\"},\"primaryImageOfPage\":{\"@id\":\"https:\/\/minat.azdigi.shop\/?product=pink-salt-bomb#primaryimage\"},\"image\":{\"@id\":\"https:\/\/minat.azdigi.shop\/?product=pink-salt-bomb#primaryimage\"},\"thumbnailUrl\":\"https:\/\/minat.azdigi.shop\/wp-content\/uploads\/2026\/03\/tai-xuong-27.jpg\",\"datePublished\":\"2026-03-27T15:55:26+00:00\",\"dateModified\":\"2026-04-02T09:17:44+00:00\",\"description\":\"Pink Salt Bomb k\u1ebft h\u1ee3p mu\u1ed1i h\u1ed3ng Himalaya v\u00e0 White tea t\u1ea1o h\u01b0\u01a1ng th\u01a1m d\u1ecbu nh\u1eb9, gi\u00fap b\u1ea1n th\u01b0 gi\u00e3n v\u00e0 t\u1eadn h\u01b0\u1edfng c\u1ea3m gi\u00e1c spa ngay t\u1ea1i nh\u00e0.\",\"breadcrumb\":{\"@id\":\"https:\/\/minat.azdigi.shop\/?product=pink-salt-bomb#breadcrumb\"},\"inLanguage\":\"vi\",\"potentialAction\":[{\"@type\":\"ReadAction\",\"target\":[\"https:\/\/minat.azdigi.shop\/?product=pink-salt-bomb\"]}]},{\"@type\":\"ImageObject\",\"inLanguage\":\"vi\",\"@id\":\"https:\/\/minat.azdigi.shop\/?product=pink-salt-bomb#primaryimage\",\"url\":\"https:\/\/minat.azdigi.shop\/wp-content\/uploads\/2026\/03\/tai-xuong-27.jpg\",\"contentUrl\":\"https:\/\/minat.azdigi.shop\/wp-content\/uploads\/2026\/03\/tai-xuong-27.jpg\",\"width\":736,\"height\":736},{\"@type\":\"BreadcrumbList\",\"@id\":\"https:\/\/minat.azdigi.shop\/?product=pink-salt-bomb#breadcrumb\",\"itemListElement\":[{\"@type\":\"ListItem\",\"position\":1,\"name\":\"Trang ch\u1ee7\",\"item\":\"https:\/\/minat.azdigi.shop\/\"},{\"@type\":\"ListItem\",\"position\":2,\"name\":\"C\u1eeda h\u00e0ng\",\"item\":\"https:\/\/minat.azdigi.shop\/?page_id=94\"},{\"@type\":\"ListItem\",\"position\":3,\"name\":\"Pink Salt Bomb\"}]},{\"@type\":\"WebSite\",\"@id\":\"https:\/\/minat.azdigi.shop\/#website\",\"url\":\"https:\/\/minat.azdigi.shop\/\",\"name\":\"Minat ourcandle\",\"description\":\"\",\"potentialAction\":[{\"@type\":\"SearchAction\",\"target\":{\"@type\":\"EntryPoint\",\"urlTemplate\":\"https:\/\/minat.azdigi.shop\/?s={search_term_string}\"},\"query-input\":{\"@type\":\"PropertyValueSpecification\",\"valueRequired\":true,\"valueName\":\"search_term_string\"}}],\"inLanguage\":\"vi\"}]}<\/script>\n<!-- \/ Yoast SEO plugin. -->","yoast_head_json":{"title":"Pink Salt Bomb - Minat ourcandle","description":"Pink Salt Bomb k\u1ebft h\u1ee3p mu\u1ed1i h\u1ed3ng Himalaya v\u00e0 White tea t\u1ea1o h\u01b0\u01a1ng th\u01a1m d\u1ecbu nh\u1eb9, gi\u00fap b\u1ea1n th\u01b0 gi\u00e3n v\u00e0 t\u1eadn h\u01b0\u1edfng c\u1ea3m gi\u00e1c spa ngay t\u1ea1i nh\u00e0.","robots":{"index":"index","follow":"follow","max-snippet":"max-snippet:-1","max-image-preview":"max-image-preview:large","max-video-preview":"max-video-preview:-1"},"canonical":"https:\/\/minat.azdigi.shop\/?product=pink-salt-bomb","og_locale":"vi_VN","og_type":"article","og_title":"Pink Salt Bomb - Minat ourcandle","og_description":"Pink Salt Bomb k\u1ebft h\u1ee3p mu\u1ed1i h\u1ed3ng Himalaya v\u00e0 White tea t\u1ea1o h\u01b0\u01a1ng th\u01a1m d\u1ecbu nh\u1eb9, gi\u00fap b\u1ea1n th\u01b0 gi\u00e3n v\u00e0 t\u1eadn h\u01b0\u1edfng c\u1ea3m gi\u00e1c spa ngay t\u1ea1i nh\u00e0.","og_url":"https:\/\/minat.azdigi.shop\/?product=pink-salt-bomb","og_site_name":"Minat ourcandle","article_modified_time":"2026-04-02T09:17:44+00:00","og_image":[{"width":736,"height":736,"url":"https:\/\/minat.azdigi.shop\/wp-content\/uploads\/2026\/03\/tai-xuong-27.jpg","type":"image\/jpeg"}],"twitter_card":"summary_large_image","twitter_misc":{"\u01af\u1edbc t\u00ednh th\u1eddi gian \u0111\u1ecdc":"2 ph\u00fat"},"schema":{"@context":"https:\/\/schema.org","@graph":[{"@type":"WebPage","@id":"https:\/\/minat.azdigi.shop\/?product=pink-salt-bomb","url":"https:\/\/minat.azdigi.shop\/?product=pink-salt-bomb","name":"Pink Salt Bomb - Minat ourcandle","isPartOf":{"@id":"https:\/\/minat.azdigi.shop\/#website"},"primaryImageOfPage":{"@id":"https:\/\/minat.azdigi.shop\/?product=pink-salt-bomb#primaryimage"},"image":{"@id":"https:\/\/minat.azdigi.shop\/?product=pink-salt-bomb#primaryimage"},"thumbnailUrl":"https:\/\/minat.azdigi.shop\/wp-content\/uploads\/2026\/03\/tai-xuong-27.jpg","datePublished":"2026-03-27T15:55:26+00:00","dateModified":"2026-04-02T09:17:44+00:00","description":"Pink Salt Bomb k\u1ebft h\u1ee3p mu\u1ed1i h\u1ed3ng Himalaya v\u00e0 White tea t\u1ea1o h\u01b0\u01a1ng th\u01a1m d\u1ecbu nh\u1eb9, gi\u00fap b\u1ea1n th\u01b0 gi\u00e3n v\u00e0 t\u1eadn h\u01b0\u1edfng c\u1ea3m gi\u00e1c spa ngay t\u1ea1i nh\u00e0.","breadcrumb":{"@id":"https:\/\/minat.azdigi.shop\/?product=pink-salt-bomb#breadcrumb"},"inLanguage":"vi","potentialAction":[{"@type":"ReadAction","target":["https:\/\/minat.azdigi.shop\/?product=pink-salt-bomb"]}]},{"@type":"ImageObject","inLanguage":"vi","@id":"https:\/\/minat.azdigi.shop\/?product=pink-salt-bomb#primaryimage","url":"https:\/\/minat.azdigi.shop\/wp-content\/uploads\/2026\/03\/tai-xuong-27.jpg","contentUrl":"https:\/\/minat.azdigi.shop\/wp-content\/uploads\/2026\/03\/tai-xuong-27.jpg","width":736,"height":736},{"@type":"BreadcrumbList","@id":"https:\/\/minat.azdigi.shop\/?product=pink-salt-bomb#breadcrumb","itemListElement":[{"@type":"ListItem","position":1,"name":"Trang ch\u1ee7","item":"https:\/\/minat.azdigi.shop\/"},{"@type":"ListItem","position":2,"name":"C\u1eeda h\u00e0ng","item":"https:\/\/minat.azdigi.shop\/?page_id=94"},{"@type":"ListItem","position":3,"name":"Pink Salt Bomb"}]},{"@type":"WebSite","@id":"https:\/\/minat.azdigi.shop\/#website","url":"https:\/\/minat.azdigi.shop\/","name":"Minat ourcandle","description":"","potentialAction":[{"@type":"SearchAction","target":{"@type":"EntryPoint","urlTemplate":"https:\/\/minat.azdigi.shop\/?s={search_term_string}"},"query-input":{"@type":"PropertyValueSpecification","valueRequired":true,"valueName":"search_term_string"}}],"inLanguage":"vi"}]}},"_links":{"self":[{"href":"https:\/\/minat.azdigi.shop\/index.php?rest_route=\/wp\/v2\/product\/312","targetHints":{"allow":["GET"]}}],"collection":[{"href":"https:\/\/minat.azdigi.shop\/index.php?rest_route=\/wp\/v2\/product"}],"about":[{"href":"https:\/\/minat.azdigi.shop\/index.php?rest_route=\/wp\/v2\/types\/product"}],"replies":[{"embeddable":true,"href":"https:\/\/minat.azdigi.shop\/index.php?rest_route=%2Fwp%2Fv2%2Fcomments&post=312"}],"wp:featuredmedia":[{"embeddable":true,"href":"https:\/\/minat.azdigi.shop\/index.php?rest_route=\/wp\/v2\/media\/313"}],"wp:attachment":[{"href":"https:\/\/minat.azdigi.shop\/index.php?rest_route=%2Fwp%2Fv2%2Fmedia&parent=312"}],"wp:term":[{"taxonomy":"product_brand","embeddable":true,"href":"https:\/\/minat.azdigi.shop\/index.php?rest_route=%2Fwp%2Fv2%2Fproduct_brand&post=312"},{"taxonomy":"product_cat","embeddable":true,"href":"https:\/\/minat.azdigi.shop\/index.php?rest_route=%2Fwp%2Fv2%2Fproduct_cat&post=312"},{"taxonomy":"product_tag","embeddable":true,"href":"https:\/\/minat.azdigi.shop\/index.php?rest_route=%2Fwp%2Fv2%2Fproduct_tag&post=312"}],"curies":[{"name":"wp","href":"https:\/\/api.w.org\/{rel}","templated":true}]}}