{"id":314,"date":"2026-03-28T10:16:45","date_gmt":"2026-03-28T10:16:45","guid":{"rendered":"https:\/\/minat.azdigi.shop\/?post_type=product&#038;p=314"},"modified":"2026-04-02T09:10:58","modified_gmt":"2026-04-02T09:10:58","slug":"coffee-bomb","status":"publish","type":"product","link":"https:\/\/minat.azdigi.shop\/?product=coffee-bomb","title":{"rendered":"Coffee Bomb"},"content":{"rendered":"<p data-start=\"312\" data-end=\"593\"><strong data-start=\"312\" data-end=\"337\">Coffee Bomb Bath Bomb<\/strong> l\u00e0 l\u1ef1a ch\u1ecdn ho\u00e0n h\u1ea3o d\u00e0nh cho nh\u1eefng ai y\u00eau th\u00edch m\u00f9i c\u00e0 ph\u00ea v\u00e0 mu\u1ed1n t\u1eadn h\u01b0\u1edfng c\u1ea3m gi\u00e1c th\u01b0 gi\u00e3n nh\u01b0 spa ngay t\u1ea1i nh\u00e0. Kh\u00f4ng ch\u1ec9 mang h\u01b0\u01a1ng th\u01a1m \u0111\u1eb7c tr\u01b0ng c\u1ee7a c\u00e0 ph\u00ea rang, s\u1ea3n ph\u1ea9m c\u00f2n gi\u00fap b\u1ea1n c\u00f3 m\u1ed9t tr\u1ea3i nghi\u1ec7m t\u1eafm b\u1ed3n th\u00fa v\u1ecb v\u00e0 d\u1ec5 ch\u1ecbu sau m\u1ed9t ng\u00e0y d\u00e0i.<\/p>\n<p data-start=\"595\" data-end=\"937\">Khi th\u1ea3 v\u00e0o n\u01b0\u1edbc, <strong data-start=\"613\" data-end=\"638\">Coffee Bomb Bath Bomb<\/strong> b\u1eaft \u0111\u1ea7u s\u1ee7i b\u1ecdt nh\u1eb9, tan d\u1ea7n v\u00e0 lan t\u1ecfa m\u00f9i h\u01b0\u01a1ng c\u00e0 ph\u00ea \u1ea5m \u00e1p. H\u01b0\u01a1ng th\u01a1m d\u1ecbu d\u00e0ng nh\u01b0ng r\u00f5 n\u00e9t, t\u1ea1o c\u1ea3m gi\u00e1c th\u01b0 gi\u00e3n, d\u1ec5 ch\u1ecbu v\u00e0 gi\u00fap tinh th\u1ea7n tr\u1edf n\u00ean tho\u1ea3i m\u00e1i h\u01a1n. M\u00f9i c\u00e0 ph\u00ea kh\u00f4ng qu\u00e1 n\u1ed3ng m\u00e0 v\u1eeba \u0111\u1ee7 \u0111\u1ec3 mang l\u1ea1i c\u1ea3m gi\u00e1c \u201ccozy\u201d, gi\u1ed1ng nh\u01b0 \u0111ang ng\u1ed3i trong m\u1ed9t qu\u00e1n caf\u00e9 y\u00ean t\u0129nh v\u00e0o bu\u1ed5i s\u00e1ng.<\/p>\n<p data-start=\"939\" data-end=\"1295\">\u0110i\u1ec3m \u0111\u1eb7c bi\u1ec7t c\u1ee7a <strong data-start=\"957\" data-end=\"982\">Coffee Bomb Bath Bomb<\/strong> l\u00e0 s\u1ef1 k\u1ebft h\u1ee3p gi\u1eefa th\u01b0 gi\u00e3n v\u00e0 n\u0103ng l\u01b0\u1ee3ng. \u0110\u00e2y l\u00e0 l\u1ef1a ch\u1ecdn ph\u00f9 h\u1ee3p cho nh\u1eefng ng\u00e0y b\u1ea1n c\u1ea3m th\u1ea5y m\u1ec7t m\u1ecfi, c\u1ea7n l\u00e0m m\u1edbi tinh th\u1ea7n ho\u1eb7c \u0111\u01a1n gi\u1ea3n l\u00e0 mu\u1ed1n t\u1ef1 th\u01b0\u1edfng cho b\u1ea3n th\u00e2n m\u1ed9t kho\u1ea3nh kh\u1eafc ch\u0103m s\u00f3c c\u00e1 nh\u00e2n. S\u1ea3n ph\u1ea9m th\u00edch h\u1ee3p d\u00f9ng v\u00e0o bu\u1ed5i t\u1ed1i \u0111\u1ec3 th\u1ea3 l\u1ecfng c\u01a1 th\u1ec3, ho\u1eb7c bu\u1ed5i s\u00e1ng \u0111\u1ec3 t\u1ea1o c\u1ea3m gi\u00e1c t\u1ec9nh t\u00e1o nh\u1eb9 nh\u00e0ng.<\/p>\n<p data-start=\"1297\" data-end=\"1528\">Ngo\u00e0i ra, <strong data-start=\"1307\" data-end=\"1332\">Coffee Bomb Bath Bomb<\/strong> c\u0169ng l\u00e0 m\u1ed9t m\u00f3n qu\u00e0 nh\u1ecf xinh d\u00e0nh cho b\u1ea1n b\u00e8<\/p>\n","protected":false},"excerpt":{"rendered":"<p>Coffee Bomb Bath Bomb l\u00e0 l\u1ef1a ch\u1ecdn ho\u00e0n h\u1ea3o d\u00e0nh cho nh\u1eefng ai y\u00eau th\u00edch m\u00f9i c\u00e0 ph\u00ea v\u00e0 mu\u1ed1n t\u1eadn h\u01b0\u1edfng c\u1ea3m gi\u00e1c th\u01b0 gi\u00e3n nh\u01b0 spa ngay t\u1ea1i nh\u00e0. Kh\u00f4ng ch\u1ec9 mang h\u01b0\u01a1ng th\u01a1m \u0111\u1eb7c tr\u01b0ng c\u1ee7a c\u00e0 ph\u00ea rang, s\u1ea3n ph\u1ea9m c\u00f2n gi\u00fap b\u1ea1n c\u00f3 m\u1ed9t tr\u1ea3i nghi\u1ec7m t\u1eafm b\u1ed3n th\u00fa v\u1ecb [&#8230;]\n","protected":false},"featured_media":315,"comment_status":"open","ping_status":"closed","template":"","meta":[],"product_brand":[],"product_cat":[18],"product_tag":[],"class_list":{"0":"post-314","1":"product","2":"type-product","3":"status-publish","4":"has-post-thumbnail","6":"product_cat-chua-phan-loai","8":"first","9":"instock","10":"shipping-taxable","11":"purchasable","12":"product-type-simple"},"yoast_head":"<!-- This site is optimized with the Yoast SEO plugin v27.1.1 - https:\/\/yoast.com\/product\/yoast-seo-wordpress\/ -->\n<title>Coffee Bomb - Minat ourcandle<\/title>\n<meta name=\"description\" content=\"Coffee Bomb mang h\u01b0\u01a1ng c\u00e0 ph\u00ea \u1ea5m \u00e1p, gi\u00fap b\u1ea1n th\u01b0 gi\u00e3n v\u00e0 n\u1ea1p l\u1ea1i n\u0103ng l\u01b0\u1ee3ng sau m\u1ed9t ng\u00e0y d\u00e0i. R\u1ea5t ph\u00f9 h\u1ee3p cho nh\u1eefng ai y\u00eau th\u00edch m\u00f9i c\u00e0 ph\u00ea\" \/>\n<meta name=\"robots\" content=\"index, follow, max-snippet:-1, max-image-preview:large, max-video-preview:-1\" \/>\n<link rel=\"canonical\" href=\"https:\/\/minat.azdigi.shop\/?product=coffee-bomb\" \/>\n<meta property=\"og:locale\" content=\"vi_VN\" \/>\n<meta property=\"og:type\" content=\"article\" \/>\n<meta property=\"og:title\" content=\"Coffee Bomb - Minat ourcandle\" \/>\n<meta property=\"og:description\" content=\"Coffee Bomb mang h\u01b0\u01a1ng c\u00e0 ph\u00ea \u1ea5m \u00e1p, gi\u00fap b\u1ea1n th\u01b0 gi\u00e3n v\u00e0 n\u1ea1p l\u1ea1i n\u0103ng l\u01b0\u1ee3ng sau m\u1ed9t ng\u00e0y d\u00e0i. R\u1ea5t ph\u00f9 h\u1ee3p cho nh\u1eefng ai y\u00eau th\u00edch m\u00f9i c\u00e0 ph\u00ea\" \/>\n<meta property=\"og:url\" content=\"https:\/\/minat.azdigi.shop\/?product=coffee-bomb\" \/>\n<meta property=\"og:site_name\" content=\"Minat ourcandle\" \/>\n<meta property=\"article:modified_time\" content=\"2026-04-02T09:10:58+00:00\" \/>\n<meta property=\"og:image\" content=\"https:\/\/minat.azdigi.shop\/wp-content\/uploads\/2026\/03\/tai-xuong-28.jpg\" \/>\n\t<meta property=\"og:image:width\" content=\"736\" \/>\n\t<meta property=\"og:image:height\" content=\"981\" \/>\n\t<meta property=\"og:image:type\" content=\"image\/jpeg\" \/>\n<meta name=\"twitter:card\" content=\"summary_large_image\" \/>\n<meta name=\"twitter:label1\" content=\"\u01af\u1edbc t\u00ednh th\u1eddi gian \u0111\u1ecdc\" \/>\n\t<meta name=\"twitter:data1\" content=\"2 ph\u00fat\" \/>\n<script type=\"application\/ld+json\" class=\"yoast-schema-graph\">{\"@context\":\"https:\/\/schema.org\",\"@graph\":[{\"@type\":\"WebPage\",\"@id\":\"https:\/\/minat.azdigi.shop\/?product=coffee-bomb\",\"url\":\"https:\/\/minat.azdigi.shop\/?product=coffee-bomb\",\"name\":\"Coffee Bomb - Minat ourcandle\",\"isPartOf\":{\"@id\":\"https:\/\/minat.azdigi.shop\/#website\"},\"primaryImageOfPage\":{\"@id\":\"https:\/\/minat.azdigi.shop\/?product=coffee-bomb#primaryimage\"},\"image\":{\"@id\":\"https:\/\/minat.azdigi.shop\/?product=coffee-bomb#primaryimage\"},\"thumbnailUrl\":\"https:\/\/minat.azdigi.shop\/wp-content\/uploads\/2026\/03\/tai-xuong-28.jpg\",\"datePublished\":\"2026-03-28T10:16:45+00:00\",\"dateModified\":\"2026-04-02T09:10:58+00:00\",\"description\":\"Coffee Bomb mang h\u01b0\u01a1ng c\u00e0 ph\u00ea \u1ea5m \u00e1p, gi\u00fap b\u1ea1n th\u01b0 gi\u00e3n v\u00e0 n\u1ea1p l\u1ea1i n\u0103ng l\u01b0\u1ee3ng sau m\u1ed9t ng\u00e0y d\u00e0i. R\u1ea5t ph\u00f9 h\u1ee3p cho nh\u1eefng ai y\u00eau th\u00edch m\u00f9i c\u00e0 ph\u00ea\",\"breadcrumb\":{\"@id\":\"https:\/\/minat.azdigi.shop\/?product=coffee-bomb#breadcrumb\"},\"inLanguage\":\"vi\",\"potentialAction\":[{\"@type\":\"ReadAction\",\"target\":[\"https:\/\/minat.azdigi.shop\/?product=coffee-bomb\"]}]},{\"@type\":\"ImageObject\",\"inLanguage\":\"vi\",\"@id\":\"https:\/\/minat.azdigi.shop\/?product=coffee-bomb#primaryimage\",\"url\":\"https:\/\/minat.azdigi.shop\/wp-content\/uploads\/2026\/03\/tai-xuong-28.jpg\",\"contentUrl\":\"https:\/\/minat.azdigi.shop\/wp-content\/uploads\/2026\/03\/tai-xuong-28.jpg\",\"width\":736,\"height\":981},{\"@type\":\"BreadcrumbList\",\"@id\":\"https:\/\/minat.azdigi.shop\/?product=coffee-bomb#breadcrumb\",\"itemListElement\":[{\"@type\":\"ListItem\",\"position\":1,\"name\":\"Trang ch\u1ee7\",\"item\":\"https:\/\/minat.azdigi.shop\/\"},{\"@type\":\"ListItem\",\"position\":2,\"name\":\"C\u1eeda h\u00e0ng\",\"item\":\"https:\/\/minat.azdigi.shop\/?page_id=94\"},{\"@type\":\"ListItem\",\"position\":3,\"name\":\"Coffee Bomb\"}]},{\"@type\":\"WebSite\",\"@id\":\"https:\/\/minat.azdigi.shop\/#website\",\"url\":\"https:\/\/minat.azdigi.shop\/\",\"name\":\"Minat ourcandle\",\"description\":\"\",\"potentialAction\":[{\"@type\":\"SearchAction\",\"target\":{\"@type\":\"EntryPoint\",\"urlTemplate\":\"https:\/\/minat.azdigi.shop\/?s={search_term_string}\"},\"query-input\":{\"@type\":\"PropertyValueSpecification\",\"valueRequired\":true,\"valueName\":\"search_term_string\"}}],\"inLanguage\":\"vi\"}]}<\/script>\n<!-- \/ Yoast SEO plugin. -->","yoast_head_json":{"title":"Coffee Bomb - Minat ourcandle","description":"Coffee Bomb mang h\u01b0\u01a1ng c\u00e0 ph\u00ea \u1ea5m \u00e1p, gi\u00fap b\u1ea1n th\u01b0 gi\u00e3n v\u00e0 n\u1ea1p l\u1ea1i n\u0103ng l\u01b0\u1ee3ng sau m\u1ed9t ng\u00e0y d\u00e0i. R\u1ea5t ph\u00f9 h\u1ee3p cho nh\u1eefng ai y\u00eau th\u00edch m\u00f9i c\u00e0 ph\u00ea","robots":{"index":"index","follow":"follow","max-snippet":"max-snippet:-1","max-image-preview":"max-image-preview:large","max-video-preview":"max-video-preview:-1"},"canonical":"https:\/\/minat.azdigi.shop\/?product=coffee-bomb","og_locale":"vi_VN","og_type":"article","og_title":"Coffee Bomb - Minat ourcandle","og_description":"Coffee Bomb mang h\u01b0\u01a1ng c\u00e0 ph\u00ea \u1ea5m \u00e1p, gi\u00fap b\u1ea1n th\u01b0 gi\u00e3n v\u00e0 n\u1ea1p l\u1ea1i n\u0103ng l\u01b0\u1ee3ng sau m\u1ed9t ng\u00e0y d\u00e0i. R\u1ea5t ph\u00f9 h\u1ee3p cho nh\u1eefng ai y\u00eau th\u00edch m\u00f9i c\u00e0 ph\u00ea","og_url":"https:\/\/minat.azdigi.shop\/?product=coffee-bomb","og_site_name":"Minat ourcandle","article_modified_time":"2026-04-02T09:10:58+00:00","og_image":[{"width":736,"height":981,"url":"https:\/\/minat.azdigi.shop\/wp-content\/uploads\/2026\/03\/tai-xuong-28.jpg","type":"image\/jpeg"}],"twitter_card":"summary_large_image","twitter_misc":{"\u01af\u1edbc t\u00ednh th\u1eddi gian \u0111\u1ecdc":"2 ph\u00fat"},"schema":{"@context":"https:\/\/schema.org","@graph":[{"@type":"WebPage","@id":"https:\/\/minat.azdigi.shop\/?product=coffee-bomb","url":"https:\/\/minat.azdigi.shop\/?product=coffee-bomb","name":"Coffee Bomb - Minat ourcandle","isPartOf":{"@id":"https:\/\/minat.azdigi.shop\/#website"},"primaryImageOfPage":{"@id":"https:\/\/minat.azdigi.shop\/?product=coffee-bomb#primaryimage"},"image":{"@id":"https:\/\/minat.azdigi.shop\/?product=coffee-bomb#primaryimage"},"thumbnailUrl":"https:\/\/minat.azdigi.shop\/wp-content\/uploads\/2026\/03\/tai-xuong-28.jpg","datePublished":"2026-03-28T10:16:45+00:00","dateModified":"2026-04-02T09:10:58+00:00","description":"Coffee Bomb mang h\u01b0\u01a1ng c\u00e0 ph\u00ea \u1ea5m \u00e1p, gi\u00fap b\u1ea1n th\u01b0 gi\u00e3n v\u00e0 n\u1ea1p l\u1ea1i n\u0103ng l\u01b0\u1ee3ng sau m\u1ed9t ng\u00e0y d\u00e0i. R\u1ea5t ph\u00f9 h\u1ee3p cho nh\u1eefng ai y\u00eau th\u00edch m\u00f9i c\u00e0 ph\u00ea","breadcrumb":{"@id":"https:\/\/minat.azdigi.shop\/?product=coffee-bomb#breadcrumb"},"inLanguage":"vi","potentialAction":[{"@type":"ReadAction","target":["https:\/\/minat.azdigi.shop\/?product=coffee-bomb"]}]},{"@type":"ImageObject","inLanguage":"vi","@id":"https:\/\/minat.azdigi.shop\/?product=coffee-bomb#primaryimage","url":"https:\/\/minat.azdigi.shop\/wp-content\/uploads\/2026\/03\/tai-xuong-28.jpg","contentUrl":"https:\/\/minat.azdigi.shop\/wp-content\/uploads\/2026\/03\/tai-xuong-28.jpg","width":736,"height":981},{"@type":"BreadcrumbList","@id":"https:\/\/minat.azdigi.shop\/?product=coffee-bomb#breadcrumb","itemListElement":[{"@type":"ListItem","position":1,"name":"Trang ch\u1ee7","item":"https:\/\/minat.azdigi.shop\/"},{"@type":"ListItem","position":2,"name":"C\u1eeda h\u00e0ng","item":"https:\/\/minat.azdigi.shop\/?page_id=94"},{"@type":"ListItem","position":3,"name":"Coffee Bomb"}]},{"@type":"WebSite","@id":"https:\/\/minat.azdigi.shop\/#website","url":"https:\/\/minat.azdigi.shop\/","name":"Minat ourcandle","description":"","potentialAction":[{"@type":"SearchAction","target":{"@type":"EntryPoint","urlTemplate":"https:\/\/minat.azdigi.shop\/?s={search_term_string}"},"query-input":{"@type":"PropertyValueSpecification","valueRequired":true,"valueName":"search_term_string"}}],"inLanguage":"vi"}]}},"_links":{"self":[{"href":"https:\/\/minat.azdigi.shop\/index.php?rest_route=\/wp\/v2\/product\/314","targetHints":{"allow":["GET"]}}],"collection":[{"href":"https:\/\/minat.azdigi.shop\/index.php?rest_route=\/wp\/v2\/product"}],"about":[{"href":"https:\/\/minat.azdigi.shop\/index.php?rest_route=\/wp\/v2\/types\/product"}],"replies":[{"embeddable":true,"href":"https:\/\/minat.azdigi.shop\/index.php?rest_route=%2Fwp%2Fv2%2Fcomments&post=314"}],"wp:featuredmedia":[{"embeddable":true,"href":"https:\/\/minat.azdigi.shop\/index.php?rest_route=\/wp\/v2\/media\/315"}],"wp:attachment":[{"href":"https:\/\/minat.azdigi.shop\/index.php?rest_route=%2Fwp%2Fv2%2Fmedia&parent=314"}],"wp:term":[{"taxonomy":"product_brand","embeddable":true,"href":"https:\/\/minat.azdigi.shop\/index.php?rest_route=%2Fwp%2Fv2%2Fproduct_brand&post=314"},{"taxonomy":"product_cat","embeddable":true,"href":"https:\/\/minat.azdigi.shop\/index.php?rest_route=%2Fwp%2Fv2%2Fproduct_cat&post=314"},{"taxonomy":"product_tag","embeddable":true,"href":"https:\/\/minat.azdigi.shop\/index.php?rest_route=%2Fwp%2Fv2%2Fproduct_tag&post=314"}],"curies":[{"name":"wp","href":"https:\/\/api.w.org\/{rel}","templated":true}]}}